{"id":94,"date":"2015-08-05T18:28:50","date_gmt":"2015-08-05T16:28:50","guid":{"rendered":"http:\/\/registre-tumeurs-29.fr\/?page_id=94"},"modified":"2024-06-17T13:50:00","modified_gmt":"2024-06-17T11:50:00","slug":"communications-affichees","status":"publish","type":"page","link":"https:\/\/registre-tumeurs-29.fr\/Accueil\/travaux-et-resultats\/publications\/communications-affichees\/","title":{"rendered":"Communications affich\u00e9es"},"content":{"rendered":"<p>Impact de la distribution des tests de recherche de sang occulte dans les selles par les pharmaciens sur les indicateurs de performance du d\u00e9pistage organis\u00e9 du cancer colorectal : une \u00e9tude de population.<br \/>\nT. Corbel, M. Morvan, S. Bouzeloc, T. Kermarrec, J.B. Nousbaum, J.Y. Le Reste, N. Reboux, L. Qu\u00e9n\u00e9herv\u00e9, M. Robaszkiewicz (Brest) &#8211; JFHOD, 16-19 mars <strong>2023<\/strong>, Paris<\/p>\n<p>Facteurs associ\u00e9s \u00e0 la non-pr\u00e9sentation en r\u00e9union de concertation pluri-disciplinaire des patients atteints d&rsquo;un cancer de l&rsquo;\u0153sophage, de la jonction \u0153so-gastrique et de l&rsquo;estomac M. Gieu(1), M. Pruvost-Couvreur(1), T. Kermarrec(1), S. Bouzeloc(1), N. Reboux(1), P.G. Poureau(1), J.P. Metges(1), M. Robaszkiewicz(1), J.B. Nousbaum(1), L. Qu\u00e9n\u00e9herv\u00e9(2), (1) Brest, (2) Nantes<br \/>\nJFHOD, 17-20 mars <strong>2022<\/strong>, Paris<\/p>\n<p>Sensibilit\u00e9 du test immunologique f\u00e9cal pour le d\u00e9pistage du cancer colorectal et risque de cancer d&rsquo;intervalle : \u00e9tude de population \u00e0 l&rsquo;\u00e9chelle d&rsquo;un d\u00e9partement fran\u00e7ais M. Canevet(1), M. Pruvost-Couvreur(1), T. Kermarrec(1), S. Bouzeloc(1), J. Brousse-Potocki(2), S. Le Reun(1), B. Badic(1), J.B. Nousbaum(1), M. Robaszkiewicz(1), N. Reboux(1), L. Qu\u00e9n\u00e9herv\u00e9(1), (1) Brest, (2) Vannes<br \/>\n(JFHOD), 17-20 mars <strong>2022<\/strong>, Paris<\/p>\n<p>Cariou M, Cadieu E, Kermarrec M, Bouzeloc S, Pruvost-Couvreur M, Nousbaum JB, Robaszkiewicz M, Reboux N, Qu\u00e9n\u00e9herv\u00e9 L. Study of the completeness of the presentation to a multidisciplinary team meeting for colon cancer in a French area: a collaborative study. Group for Cancer Epidemiology and Registration in Latin Language Countries (GRELL), Edition virtuelle, Mai <strong>2021<\/strong>.<\/p>\n<p>E. Gaye, M. Cariou, P. Bore, P.G.Poureau, S. Bouzeloc, L. Doucet, V. Jestin-Letallec, K. Bideau, J. Thereaux, M. Robaszkiewicz, J.P. Metges. \u00c9valuation de la survie des patients du Finist\u00e8re, atteints d\u2019un carcinome \u00e9pidermo\u00efde de l\u2019\u0153sophage et de la jonction \u0153sogastrique, au stade m\u00e9tastatique, de 2009 \u00e0 2018 : une \u00e9tude r\u00e9trospective en population (\u00e9tude ESPErE). Journ\u00e9es Francophones d\u2019H\u00e9pato-gastroent\u00e9rologie et d\u2019Oncologie Digestive (JFHOD), Paris, Mars <strong>2021<\/strong>.<\/p>\n<div id=\"auteurs\">\n<p>P. Bore, M. Cariou, E. Gaye, S. Bouzeloc, J.B. Nousbaum, M. Robaszkiewicz, V. Jestin-Letallec, K. Bideau, J. Thereaux, P.G. Poureau, J.P. Metges. HEROIC : \u00e9valuation des attitudes th\u00e9rapeutiques, de leur efficacit\u00e9 et de leur tol\u00e9rance chez des patients atteints d\u2019ad\u00e9nocarcinomes \u0153sogastriques m\u00e9tastatiques HER2 surexprim\u00e9s dans le Finist\u00e8re.Journ\u00e9es Francophones d\u2019H\u00e9pato-gastroent\u00e9rologie et d\u2019Oncologie Digestive (JFHOD), Paris, Mars <strong>2021<\/strong>.<\/p>\n<p>Q. Thomas, M. Cariou, L. Qu\u00e9n\u00e9herv\u00e9, T. Kermarrec, M. Kermarrec, S. Bouzeloc, M. Robaszkiewicz, J.B. Nousbaum, N. Reboux. Exhaustivit\u00e9 de la pr\u00e9sentation en r\u00e9union de concertation pluridisciplinaire des dossiers de patients atteints d\u2019un carcinome h\u00e9patocellulaire dans un d\u00e9partement fran\u00e7ais entre 2014 et 2016. Journ\u00e9es Francophones d\u2019H\u00e9pato-gastroent\u00e9rologie et d\u2019Oncologie Digestive (JFHOD), Paris, Mars <strong>2021<\/strong>.<\/p>\n<p>E. Cadieu, M. Cariou, M. Kermarrec, S. Bouzeloc, N. Reboux, J.B. Nousbaum, M. Robaszkiewicz, L. Qu\u00e9n\u00e9herv\u00e9. Exhaustivit\u00e9 de la pr\u00e9sentation en r\u00e9union de concertation pluridisciplinaire des dossiers de patients atteints d\u2019un cancer du c\u00f4lon dans un d\u00e9partement fran\u00e7ais entre 2014 et 2016. Journ\u00e9es Francophones d\u2019H\u00e9pato-gastroent\u00e9rologie et d\u2019Oncologie Digestive (JFHOD), Paris, Mars <strong>2021<\/strong>.<\/p>\n<p>Drouet d&rsquo;Aubigny A, Cariou M, Cholet F, Jezequel J, Arnachellum R, Risson JR, H\u00e9bert T, Nonent M, Robaszkiewicz M, Nousbaum JB. Elaboration d&rsquo;un score pronostique chez les malades ayant un obstacle biliaire n\u00e9oplasique. European Society of Gastrointestinal Endoscopy (ESGE) days, Dublin &#8211; Irlande, Avril <strong>2020<\/strong>.<\/p>\n<p>El Fettouhi A, Cariou M, Kermarrec T, Bommelaere F, Arnachellum RP, Tanne F, Foll Y, Nousbaum JB, Robaszkiewicz M. D\u00e9pistage organis\u00e9 du cancer colorectal dans un d\u00e9partement fran\u00e7ais : comparaison de la premi\u00e8re campagne avec le test H\u00e9moccult II\u00ae et de la premi\u00e8re campagne avec le test OC Sensor\u00ae. Journ\u00e9es Francophones d\u2019H\u00e9pato-gastroent\u00e9rologie et d\u2019Oncologie Digestive (JFHOD), Paris, Mars<strong> 2019<\/strong> (<a href=\"https:\/\/www.snfge.org\/content\/depistage-organise-du-cancer-colorectal-dans-un-departement-francais-comparaison-de-la\">r\u00e9sum\u00e9<\/a>)<\/p>\n<p>D. Nimubona, M. Kermarrec, M. Cariou, T. Kermarrec, C. Huet , C. Piette, F. Bommelaere, J. Brousse-Potocki, E. Blin, A. Fretigne, MP. Le Goff, E. Bajeux. Acteurs bretons de la canc\u00e9rologie, naissance d\u2019une collaboration p\u00e9renne autour du d\u00e9pistage du cancer colorectal Probl\u00e8me de sant\u00e9 vis\u00e9 par l\u2019intervention R\u00e9sultats Conclusion \/ Perspectives Non-adh\u00e9sion au suivi propos\u00e9 aux patients \u00e0 risque particulier de d\u00e9velopper un cancer colorectal (CCR). \u00a0Colloque Recherche interventionnelle pour lutter contre les in\u00e9galit\u00e9s sociales et territoriales de sant\u00e9 (RISP), Paris, Janvier <strong>2019<\/strong><\/p>\n<p>Briant J, Billot-Grasset A, Cariou M, Cholet F, Doucet L, \u00a0Nousbaum JB, Robaszkiewicz M.\u00a0Clinicopathological characteristics and treatment of mucosal (Tis) colorectal carcinomas in the Finist\u00e8re area.\u00a0<span lang=\"en-US\">GRELL<\/span> <span lang=\"en-US\">Group for Cancer Epidemiology and Registration in Latin Language Countries, Trento \u2013 Italie, Mai <strong>2018<\/strong><\/span><\/p>\n<p>Marque L, Huiban E, Billot-Grasset A, Cariou M, \u00a0J\u00e9z\u00e9quel J, \u00a0Nousbaum JB, Robaszkiewicz M.\u00c9pid\u00e9miologie et \u00e9tude de la prise en charge et de la survie des tumeurs neuroendocrines digestives diagnostiqu\u00e9es entre 2010 et 2014 dans le d\u00e9partement du Finistere. Journ\u00e9es Francophones d\u2019H\u00e9pato-gastroent\u00e9rologie et d\u2019Oncologie Digestive (JFHOD), Paris, Mars <strong>2018<\/strong> (<a href=\"https:\/\/www.snfge.org\/content\/epidemiologie-et-etude-de-la-prise-en-charge-et-de-la-survie-des-tumeurs-neuroendocrines\">r\u00e9sum\u00e9<\/a>)<\/p>\n<p>Calament M, Cariou M, Billaut Grasset A, Tanne F, Robaszkiewicz M, Nousbaum JB.\u00a0Improving survival of patients with hepato cellular carcinoma between 2005 and 2012 in the Finist\u00e8re area. United European Gastroenterology Week,(UEGW), Vienne, Octobre <strong>2016<\/strong><\/p>\n<p>Cariou M, Calament M, Tanne F, Robaszkiewicz M, Nousbaum JB. Improving survival of patients with hepatocellular carcinoma between 2005 and 2012 in the Finistere area. Congr\u00e8s du GRELL, Albi, Mai <strong>2016<\/strong> <a href=\"https:\/\/drive.google.com\/file\/d\/0B450I5xTZUGjcXdDLTdfOHd6cHc\/view\" target=\"_blank\" rel=\"noopener noreferrer\">(r\u00e9sum\u00e9)<\/a><\/p>\n<p>Calament M, Cariou M, Tanne F, Faycal J, Jezequel J, Robaszkiewicz M, Nousbaum JB.\u00a0Am\u00e9lioration de la survie des patients atteints de carcinome h\u00e9patocellulaire sur une p\u00e9riode de 8 ans. Etude de population dans le Finist\u00e8re.\u00a0\u00a0Journ\u00e9es Francophones d\u2019H\u00e9pato-gastroent\u00e9rologie et d\u2019Oncologie Digestive, Paris, mars <strong>2016<\/strong> <a href=\"http:\/\/www.snfge.org\/content\/amelioration-de-la-survie-des-patients-atteints\" target=\"_blank\" rel=\"noopener noreferrer\">(r\u00e9sum\u00e9)<\/a><\/p>\n<p>Picart C, Cariou M, Bommelaere F, Cholet F, Le Reste JY, Nousbaum JB, Robaszkiewicz M. Impact de la diminution de la participation au d\u00e9pistage organis\u00e9 du cancer colorectal lors des 3 premi\u00e8res campagnes dans le Finist\u00e8re. Journ\u00e9es Francophones d\u2019H\u00e9pato-gastroent\u00e9rologie et d\u2019Oncologie Digestive, Paris, mars <strong>2016<\/strong> <a href=\"http:\/\/www.snfge.org\/content\/impact-de-la-diminution-de-la-participation-au\" target=\"_blank\" rel=\"noopener noreferrer\">(r\u00e9sum\u00e9)<\/a><\/p>\n<p>Arnachellum R, Cariou M, Nousbaum JB, Tanne\u00a0F, Robaszkiewicz M. L&rsquo;ad\u00e9nocarcinome du pancr\u00e9as dans le Finist\u00e8re entre 2002 et 2011 (1002 cas) : caract\u00e9ristiques, modalit\u00e9s de prise en charge, analyse de la survie et des facteurs pronostiques.\u00a0Journ\u00e9es Francophones d\u2019H\u00e9pato-gastroent\u00e9rologie et d\u2019Oncologie Digestive, Paris, mars <strong>2015<\/strong>. <a href=\"http:\/\/www.snfge.org\/content\/ladenocarcinome-du-pancreas-dans-le-finistere\" target=\"_blank\" rel=\"noopener noreferrer\">(r\u00e9sum\u00e9)<\/a><\/p>\n<p>Cariou-Daoulas M, Deniel MC, Nousbaum JB, Robaszkiewicz\u00a0M. Impact of neoadjuvant treatments and their influence on survival of patients diagnosed with rectal adenocarcinoma between 1990 and 2009 in the district of Finistere (France) GRELL, Gen\u00e8ve, mai <strong>2014<\/strong>.<\/p>\n<p>D\u00e9niel MC, Cariou M, Faycal J, Tann\u00e9 F, Nousbaum JB, Robaszkiewicz M. Evaluation des d\u00e9lais de prise en charge des ad\u00e9nocarcinomes du rectum dans le Finist\u00e8re entre 2000 et 2009. Journ\u00e9es Francophones d\u2019H\u00e9pato-gastroent\u00e9rologie et d\u2019Oncologie Digestive, Paris, mars <strong>2014<\/strong>.\u00a0<a href=\"http:\/\/www.snfge.org\/resumes\/8371\" target=\"_blank\" rel=\"noopener noreferrer\">(r\u00e9sum\u00e9)<\/a><\/p>\n<p>D\u00e9niel MC, Cariou M, Jezequel J, Cholet F, Nousbaum JB, Robaszkiewicz M.\u00a0Evolution de l\u2019incidence, du recours aux traitements n\u00e9oadjuvants et de la survie des patients atteints d\u2019un cancer du rectum entre 1990 et 2009 dans le d\u00e9partement du Finist\u00e8re. Journ\u00e9es Francophones d\u2019H\u00e9pato-gastroent\u00e9rologie et d\u2019Oncologie Digestive, Paris, mars <strong>2014<\/strong>.\u00a0<a href=\"http:\/\/www.snfge.org\/resumes\/8358\" target=\"_blank\" rel=\"noopener noreferrer\">(r\u00e9sum\u00e9)<\/a><\/p>\n<p>Cariou M, Agnello C, Foll Y, Pennec O, Jezequel J, Nousbaum JB, Robaszkiewicz M. Interval cancers diagnosed after the first colorectal cancer screening programme in the Finistere district : Characteristics and analysis of survival.\u00a0United European Gastroenterology Week , Berlin, <strong>2013<\/strong>.10.12-16<\/p>\n<p>Cariou-Daoulas M, Agnello C, Foll Y, Nousbaum JB, Robaszkiewicz M. \u00a0Interval cancers diagnosed after the first colorectal cancer screening programme in the Finistere district : Characteristics and analysis of survival. Congr\u00e8s du GRELL, Syracuse, <strong>2013<\/strong>.<\/p>\n<p>Cariou-Daoulas M, Agnello C, Foll Y, Nousbaum JB, Robaszkiewicz M. Analyse de la survie des patients ayant un cancer d\u2019intervalle diagnostiqu\u00e9 \u00e0 l\u2019issue de la premi\u00e8re campagne de d\u00e9pistage du cancer colorectal dans le Finist\u00e8re. Comparaison avec les cancers diagnostiqu\u00e9s chez les sujets d\u00e9pist\u00e9s et les sujets non r\u00e9pondants. Journ\u00e9es jeunes chercheurs du Canc\u00e9rop\u00f4le grand Ouest<\/p>\n<p>Cariou-Daoulas M, Agnello C, Foll Y, \u00a0Nousbaum JB, Robaszkiewicz M. Premi\u00e8re campagne de d\u00e9pistage du cancer colorectal dans le Finist\u00e8re : Etude de l\u2019impact sur la survie et analyse des cancers d\u2019intervalle. Journ\u00e9es jeunes chercheurs du Canc\u00e9rop\u00f4le grand Ouest<\/p>\n<p>Daoulas M, Agnello C, Foll Y, Pennec O, J\u00e9z\u00e9quel J, Nousbaum JB, Robaszkiewicz M. Analyse de la survie des patients ayant un cancer d\u2019intervalle diagnostiqu\u00e9 \u00e0 l\u2019issue de la premi\u00e8re campagne de d\u00e9pistage du cancer colorectal dans le Finist\u00e8re.\u00a0Comparaison avec les cancers diagnostiqu\u00e9s chez les sujets d\u00e9pist\u00e9s et les sujets non r\u00e9pondants.Journ\u00e9es Francophones d\u2019H\u00e9pato-gastroent\u00e9rologie et d\u2019Oncologie Digestive, Paris, mars <strong>2013<\/strong>.<\/p>\n<p>Agnello C, Daoulas M, Foll Y, Pennec O, Faycal J, Tann\u00e9 F, Nousbaum JB, Robaszkiewicz M. Analyse de la sensibilit\u00e9 du test Hemoccult II et du programme de d\u00e9pistage du cancer colorectal \u00e0 partir des cancers d\u2019intervalle diagnostiqu\u00e9s \u00e0 l\u2019issue de la premi\u00e8re campagne organis\u00e9e dans le Finist\u00e8re.Journ\u00e9es Francophones d\u2019H\u00e9pato-gastroent\u00e9rologie et d\u2019Oncologie Digestive, Paris, mars <strong>2013<\/strong>. <a href=\"http:\/\/www.snfge.org\/content\/analyse-de-la-survie-des-patients-ayant-un-canc\" target=\"_blank\" rel=\"noopener noreferrer\">(r\u00e9sum\u00e9)<\/a><\/p>\n<\/div>\n<p>Agnello C, Daoulas M, Foll Y, Pennec O, Cholet F, Nousbaum JB, Robaszkiewicz M. Premi\u00e8re campagne de d\u00e9pistage du cancer colorectal dans le Finist\u00e8re : Etude de l\u2019impact sur la survie.\u00a0Journ\u00e9es Francophones d\u2019H\u00e9pato-gastroent\u00e9rologie et d\u2019Oncologie Digestive, Paris, mars <strong>2013<\/strong>. <a href=\"http:\/\/www.snfge.org\/content\/incidence-de-la-toxicite-digestive-haute-induit-0\" target=\"_blank\" rel=\"noopener noreferrer\">(r\u00e9sum\u00e9)<\/a><\/p>\n<div><\/div>\n<div><\/div>\n","protected":false},"excerpt":{"rendered":"<p>Impact de la distribution des tests de recherche de sang occulte dans les selles par les pharmaciens sur les indicateurs de performance du d\u00e9pistage organis\u00e9 du cancer colorectal : une \u00e9tude de population. T. Corbel, M. Morvan, S. Bouzeloc, T. Kermarrec, J.B. Nousbaum, J.Y. Le Reste, N. Reboux, L. Qu\u00e9n\u00e9herv\u00e9, M. Robaszkiewicz (Brest) &#8211; JFHOD, [&hellip;]<\/p>\n","protected":false},"author":1,"featured_media":0,"parent":90,"menu_order":2,"comment_status":"closed","ping_status":"open","template":"","meta":{"rop_custom_images_group":[],"rop_custom_messages_group":[],"rop_publish_now":"initial","rop_publish_now_accounts":[],"rop_publish_now_history":[],"rop_publish_now_status":"pending","_exactmetrics_skip_tracking":false,"_exactmetrics_sitenote_active":false,"_exactmetrics_sitenote_note":"","_exactmetrics_sitenote_category":0,"footnotes":""},"class_list":["post-94","page","type-page","status-publish","hentry"],"yoast_head":"<!-- This site is optimized with the Yoast SEO plugin v26.8 - https:\/\/yoast.com\/product\/yoast-seo-wordpress\/ -->\n<title>Communications affich\u00e9es - REGISTRE DES TUMEURS DIGESTIVES DU FINISTERE<\/title>\n<meta name=\"robots\" content=\"index, follow, max-snippet:-1, max-image-preview:large, max-video-preview:-1\" \/>\n<link rel=\"canonical\" href=\"https:\/\/registre-tumeurs-29.fr\/Accueil\/travaux-et-resultats\/publications\/communications-affichees\/\" \/>\n<meta property=\"og:locale\" content=\"fr_FR\" \/>\n<meta property=\"og:type\" content=\"article\" \/>\n<meta property=\"og:title\" content=\"Communications affich\u00e9es - REGISTRE DES TUMEURS DIGESTIVES DU FINISTERE\" \/>\n<meta property=\"og:description\" content=\"Impact de la distribution des tests de recherche de sang occulte dans les selles par les pharmaciens sur les indicateurs de performance du d\u00e9pistage organis\u00e9 du cancer colorectal : une \u00e9tude de population. T. Corbel, M. Morvan, S. Bouzeloc, T. Kermarrec, J.B. Nousbaum, J.Y. Le Reste, N. Reboux, L. Qu\u00e9n\u00e9herv\u00e9, M. Robaszkiewicz (Brest) &#8211; JFHOD, [&hellip;]\" \/>\n<meta property=\"og:url\" content=\"https:\/\/registre-tumeurs-29.fr\/Accueil\/travaux-et-resultats\/publications\/communications-affichees\/\" \/>\n<meta property=\"og:site_name\" content=\"REGISTRE DES TUMEURS DIGESTIVES DU FINISTERE\" \/>\n<meta property=\"article:modified_time\" content=\"2024-06-17T11:50:00+00:00\" \/>\n<meta name=\"twitter:card\" content=\"summary_large_image\" \/>\n<meta name=\"twitter:label1\" content=\"Dur\u00e9e de lecture estim\u00e9e\" \/>\n\t<meta name=\"twitter:data1\" content=\"6 minutes\" \/>\n<script type=\"application\/ld+json\" class=\"yoast-schema-graph\">{\"@context\":\"https:\/\/schema.org\",\"@graph\":[{\"@type\":\"WebPage\",\"@id\":\"https:\/\/registre-tumeurs-29.fr\/Accueil\/travaux-et-resultats\/publications\/communications-affichees\/\",\"url\":\"https:\/\/registre-tumeurs-29.fr\/Accueil\/travaux-et-resultats\/publications\/communications-affichees\/\",\"name\":\"Communications affich\u00e9es - REGISTRE DES TUMEURS DIGESTIVES DU FINISTERE\",\"isPartOf\":{\"@id\":\"https:\/\/registre-tumeurs-29.fr\/Accueil\/#website\"},\"datePublished\":\"2015-08-05T16:28:50+00:00\",\"dateModified\":\"2024-06-17T11:50:00+00:00\",\"breadcrumb\":{\"@id\":\"https:\/\/registre-tumeurs-29.fr\/Accueil\/travaux-et-resultats\/publications\/communications-affichees\/#breadcrumb\"},\"inLanguage\":\"fr-FR\",\"potentialAction\":[{\"@type\":\"ReadAction\",\"target\":[\"https:\/\/registre-tumeurs-29.fr\/Accueil\/travaux-et-resultats\/publications\/communications-affichees\/\"]}]},{\"@type\":\"BreadcrumbList\",\"@id\":\"https:\/\/registre-tumeurs-29.fr\/Accueil\/travaux-et-resultats\/publications\/communications-affichees\/#breadcrumb\",\"itemListElement\":[{\"@type\":\"ListItem\",\"position\":1,\"name\":\"Accueil\",\"item\":\"https:\/\/registre-tumeurs-29.fr\/Accueil\/\"},{\"@type\":\"ListItem\",\"position\":2,\"name\":\"Publications et communications\",\"item\":\"https:\/\/registre-tumeurs-29.fr\/Accueil\/travaux-et-resultats\/\"},{\"@type\":\"ListItem\",\"position\":3,\"name\":\"Publications\",\"item\":\"https:\/\/registre-tumeurs-29.fr\/Accueil\/travaux-et-resultats\/publications\/\"},{\"@type\":\"ListItem\",\"position\":4,\"name\":\"Communications affich\u00e9es\"}]},{\"@type\":\"WebSite\",\"@id\":\"https:\/\/registre-tumeurs-29.fr\/Accueil\/#website\",\"url\":\"https:\/\/registre-tumeurs-29.fr\/Accueil\/\",\"name\":\"REGISTRE DES TUMEURS DIGESTIVES DU FINISTERE\",\"description\":\"Equipe d&#039;Accueil EA 7479 SPURBO - Soins Primaires, Sant\u00e9 Publique et Registre des cancers de Bretagne Occidentale\",\"potentialAction\":[{\"@type\":\"SearchAction\",\"target\":{\"@type\":\"EntryPoint\",\"urlTemplate\":\"https:\/\/registre-tumeurs-29.fr\/Accueil\/?s={search_term_string}\"},\"query-input\":{\"@type\":\"PropertyValueSpecification\",\"valueRequired\":true,\"valueName\":\"search_term_string\"}}],\"inLanguage\":\"fr-FR\"}]}<\/script>\n<!-- \/ Yoast SEO plugin. -->","yoast_head_json":{"title":"Communications affich\u00e9es - REGISTRE DES TUMEURS DIGESTIVES DU FINISTERE","robots":{"index":"index","follow":"follow","max-snippet":"max-snippet:-1","max-image-preview":"max-image-preview:large","max-video-preview":"max-video-preview:-1"},"canonical":"https:\/\/registre-tumeurs-29.fr\/Accueil\/travaux-et-resultats\/publications\/communications-affichees\/","og_locale":"fr_FR","og_type":"article","og_title":"Communications affich\u00e9es - REGISTRE DES TUMEURS DIGESTIVES DU FINISTERE","og_description":"Impact de la distribution des tests de recherche de sang occulte dans les selles par les pharmaciens sur les indicateurs de performance du d\u00e9pistage organis\u00e9 du cancer colorectal : une \u00e9tude de population. T. Corbel, M. Morvan, S. Bouzeloc, T. Kermarrec, J.B. Nousbaum, J.Y. Le Reste, N. Reboux, L. Qu\u00e9n\u00e9herv\u00e9, M. Robaszkiewicz (Brest) &#8211; JFHOD, [&hellip;]","og_url":"https:\/\/registre-tumeurs-29.fr\/Accueil\/travaux-et-resultats\/publications\/communications-affichees\/","og_site_name":"REGISTRE DES TUMEURS DIGESTIVES DU FINISTERE","article_modified_time":"2024-06-17T11:50:00+00:00","twitter_card":"summary_large_image","twitter_misc":{"Dur\u00e9e de lecture estim\u00e9e":"6 minutes"},"schema":{"@context":"https:\/\/schema.org","@graph":[{"@type":"WebPage","@id":"https:\/\/registre-tumeurs-29.fr\/Accueil\/travaux-et-resultats\/publications\/communications-affichees\/","url":"https:\/\/registre-tumeurs-29.fr\/Accueil\/travaux-et-resultats\/publications\/communications-affichees\/","name":"Communications affich\u00e9es - REGISTRE DES TUMEURS DIGESTIVES DU FINISTERE","isPartOf":{"@id":"https:\/\/registre-tumeurs-29.fr\/Accueil\/#website"},"datePublished":"2015-08-05T16:28:50+00:00","dateModified":"2024-06-17T11:50:00+00:00","breadcrumb":{"@id":"https:\/\/registre-tumeurs-29.fr\/Accueil\/travaux-et-resultats\/publications\/communications-affichees\/#breadcrumb"},"inLanguage":"fr-FR","potentialAction":[{"@type":"ReadAction","target":["https:\/\/registre-tumeurs-29.fr\/Accueil\/travaux-et-resultats\/publications\/communications-affichees\/"]}]},{"@type":"BreadcrumbList","@id":"https:\/\/registre-tumeurs-29.fr\/Accueil\/travaux-et-resultats\/publications\/communications-affichees\/#breadcrumb","itemListElement":[{"@type":"ListItem","position":1,"name":"Accueil","item":"https:\/\/registre-tumeurs-29.fr\/Accueil\/"},{"@type":"ListItem","position":2,"name":"Publications et communications","item":"https:\/\/registre-tumeurs-29.fr\/Accueil\/travaux-et-resultats\/"},{"@type":"ListItem","position":3,"name":"Publications","item":"https:\/\/registre-tumeurs-29.fr\/Accueil\/travaux-et-resultats\/publications\/"},{"@type":"ListItem","position":4,"name":"Communications affich\u00e9es"}]},{"@type":"WebSite","@id":"https:\/\/registre-tumeurs-29.fr\/Accueil\/#website","url":"https:\/\/registre-tumeurs-29.fr\/Accueil\/","name":"REGISTRE DES TUMEURS DIGESTIVES DU FINISTERE","description":"Equipe d&#039;Accueil EA 7479 SPURBO - Soins Primaires, Sant\u00e9 Publique et Registre des cancers de Bretagne Occidentale","potentialAction":[{"@type":"SearchAction","target":{"@type":"EntryPoint","urlTemplate":"https:\/\/registre-tumeurs-29.fr\/Accueil\/?s={search_term_string}"},"query-input":{"@type":"PropertyValueSpecification","valueRequired":true,"valueName":"search_term_string"}}],"inLanguage":"fr-FR"}]}},"jetpack_sharing_enabled":true,"_links":{"self":[{"href":"https:\/\/registre-tumeurs-29.fr\/Accueil\/wp-json\/wp\/v2\/pages\/94","targetHints":{"allow":["GET"]}}],"collection":[{"href":"https:\/\/registre-tumeurs-29.fr\/Accueil\/wp-json\/wp\/v2\/pages"}],"about":[{"href":"https:\/\/registre-tumeurs-29.fr\/Accueil\/wp-json\/wp\/v2\/types\/page"}],"author":[{"embeddable":true,"href":"https:\/\/registre-tumeurs-29.fr\/Accueil\/wp-json\/wp\/v2\/users\/1"}],"replies":[{"embeddable":true,"href":"https:\/\/registre-tumeurs-29.fr\/Accueil\/wp-json\/wp\/v2\/comments?post=94"}],"version-history":[{"count":14,"href":"https:\/\/registre-tumeurs-29.fr\/Accueil\/wp-json\/wp\/v2\/pages\/94\/revisions"}],"predecessor-version":[{"id":2288,"href":"https:\/\/registre-tumeurs-29.fr\/Accueil\/wp-json\/wp\/v2\/pages\/94\/revisions\/2288"}],"up":[{"embeddable":true,"href":"https:\/\/registre-tumeurs-29.fr\/Accueil\/wp-json\/wp\/v2\/pages\/90"}],"wp:attachment":[{"href":"https:\/\/registre-tumeurs-29.fr\/Accueil\/wp-json\/wp\/v2\/media?parent=94"}],"curies":[{"name":"wp","href":"https:\/\/api.w.org\/{rel}","templated":true}]}}