{"id":92,"date":"2015-08-05T18:28:20","date_gmt":"2015-08-05T16:28:20","guid":{"rendered":"http:\/\/registre-tumeurs-29.fr\/?page_id=92"},"modified":"2024-06-17T13:44:30","modified_gmt":"2024-06-17T11:44:30","slug":"communications-orales","status":"publish","type":"page","link":"https:\/\/registre-tumeurs-29.fr\/Accueil\/travaux-et-resultats\/publications\/communications-orales\/","title":{"rendered":"Communications orales"},"content":{"rendered":"<p>Disparit\u00e9s socio-\u00e9conomiques et incidence du cancer primitif du foie entre 2006 et 2016 : analyse par sous-types B. Comoz(1), J. Bryere(1), A.M. Bouvier(2), J.B. Nousbaum(3), G. Launoy(1), V. Bouvier(1),I. Ollivier-Hourmand (1), (1) Caen, (2) Dijon, (3) Brest &#8211; JFHOD, 16-19 mars <strong>2023<\/strong>, Paris<\/p>\n<p>Influence des in\u00e9galit\u00e9s socio-\u00e9conomiques sur la survie des patients atteints de cancers primitifs du foie \u00e0 caract\u00e8res h\u00e9patocytaire et biliaire : analyse \u00e0 partir des donn\u00e9es des registres des cancers fran\u00e7ais du r\u00e9seau FRANCIM T.T.N. Nguyen(1), O. Dejardin(1), J.B. Nousbaum(2), A.M. Bouvier(3), F. Molini\u00e9(4), J. Gardy(1), G. Launoy(1), V. Bouvier(1), I. Ollivier-Hourmand(1), (1) Caen, (2) Brest, (3) Dijon, (4) Nantes &#8211; JFHOD, 16-19 mars <strong>2023<\/strong>, Paris<\/p>\n<p>Sensitivity of faecal immunochemical test for colorectal cancer screening and risk factors for interval cancer: a French population-based.<br \/>\nCanevet M, Pruvost-Couvreur M, Badic B, Brousse-Potocki J, Le Reun S, Kermarrec T, Bouzeloc S, Nousbaum J-B, Robaszkiewicz M, Reboux N, Qu\u00e9n\u00e9herv\u00e9 L.<br \/>\nEuropean Society of Gastrointestinal Endoscopy (ESGE) Days <strong>2022<\/strong> &#8211;<\/p>\n<p>Kermarrec M et Pruvost-Couvreur M. \u00a0\u00c9tude de l\u2019exhaustivit\u00e9 de la pr\u00e9sentation en r\u00e9union de concertation pluridisciplinaire (RCP) pour le cancer du c\u00f4lon : une \u00e9tude collaborative. 11\u00e8me congr\u00e8s national des r\u00e9seaux de canc\u00e9rologie (CNRC), Montpellier, Septembre <strong>2021<\/strong><\/p>\n<p>Garcia GA, Cariou M, Reboux N, Kermarrec T, Bouzeloc S, Robaszkiewicz M, Qu\u00e9n\u00e9herv\u00e9 L, Nousbaum JB. Survie des patients atteints de cholangiocarcinome intra h\u00e9patique : \u00e9tude dans un d\u00e9partement fran\u00e7ais de 2005 \u00e0 2017. Journ\u00e9es Francophones d\u2019H\u00e9pato-gastroent\u00e9rologie et d\u2019Oncologie Digestive (JFHOD), Edition virtuelle, Mars <strong>2021<\/strong><\/p>\n<p>Drouet d&rsquo;Aubigny A, Cariou M, Cholet F, Jezequel J, Arnachellum R, Risson JR, H\u00e9bert T, Nonent M, Robaszkiewicz M, Nousbaum JB. Elaboration d&rsquo;un score pronostique chez les malades ayant un obstacle biliaire n\u00e9oplasique. Journ\u00e9es Francophones d\u2019H\u00e9pato-gastroent\u00e9rologie et d\u2019Oncologie Digestive (JFHOD), Paris, Mars <strong>2020<\/strong><\/p>\n<p>Noel C, J\u00e9z\u00e9quel J, Cholet F, Bommelaere F, Bouzeloc S, Cariou M, Nousbaum JB, Robaszkiewicz M. Analyse des comptes-rendus de coloscopie \u00e9tablis sur une ann\u00e9e dans le cadre du programme de d\u00e9pistage organis\u00e9 du cancer colorectal dans un d\u00e9partement fran\u00e7ais. Journ\u00e9es Francophones d\u2019H\u00e9pato-gastroent\u00e9rologie et d\u2019Oncologie Digestive (JFHOD), Paris, Mars <strong>2019<\/strong> (<a href=\"https:\/\/registre-tumeurs-29.fr\/wp-content\/uploads\/2020\/02\/cnoeljfhod20191.m4v\" target=\"_blank\" rel=\"noopener noreferrer\">video<\/a>)<\/p>\n<p>Billot-Grasset A. et al.Epidemiological facts for incidence and management of gastroenteropancreatic neuroendocrine tumours using current coding. \u00a0GRELL Group for Cancer Epidemiology and Registration in Latin Language Countries, Trento \u2013 Italie, Mai <strong>2018<\/strong><\/p>\n<p>Briant J et al. Caract\u00e9ristiques clinico-pathologiques et modalit\u00e9s de prise en charge de tous les cas d\u2019ad\u00e9nocarcinomes colorectaux de stade pTis diagnostiqu\u00e9s dans le d\u00e9partement du Finist\u00e8re entre 2009 et 2013. Journ\u00e9es Francophones d\u2019H\u00e9pato-gastroent\u00e9rologie et d\u2019Oncologie Digestive (JFHOD), Paris, Mars <strong>2018<\/strong> (<a href=\"https:\/\/registre-tumeurs-29.fr\/accueil\/jfhod2018-j-briant\/\" target=\"_blank\" rel=\"noopener noreferrer\">vid\u00e9o<\/a>)<\/p>\n<p>Le Ruz G. et al. Le carcinome h\u00e9patocellulaire sur foie non cirrhotique n\u2019est pas seulement d\u2019origine m\u00e9tabolique. R\u00e9sultats d\u2019une \u00e9tude de population. Journ\u00e9es Francophones d\u2019H\u00e9pato-gastroent\u00e9rologie et d\u2019Oncologie Digestive (JFHOD), Paris, Mars <strong>2018<\/strong> (<a href=\"https:\/\/registre-tumeurs-29.fr\/accueil\/jfhod2018-le-ruz\/\" target=\"_blank\" rel=\"noopener noreferrer\">vid\u00e9o<\/a>)<\/p>\n<p>Briant J et al.\u00a0A population based study of intramucosal (Tis) colorectal carcinomas diagnosed between 2009 AND 2013 in the Finist\u00e8re area. ESGE days (European Society of Digestive Endoscopy), Budapest, Avril <strong>2017<\/strong><\/p>\n<p>Robaszkiewicz M et al.\u00a0Caract\u00e9ristiques clinico-pathologiques et modalit\u00e9s de prise en charge de tous les cas d&rsquo;ad\u00e9nocarcinomes colorectaux de stade T1 diagnostiqu\u00e9s dans le d\u00e9partement du Finist\u00e8re entre 2009 et 2013. Journ\u00e9es Francophones d&rsquo;H\u00e9pato-Gastroent\u00e9rologie et d&rsquo;Oncologie Digestive (JFHOD), Paris, Mars <strong>2017<\/strong>. <a href=\"https:\/\/registre-tumeurs-29.fr\/wp-content\/uploads\/2017\/07\/conference_jfhod_2017.mp4\" target=\"_blank\" rel=\"noopener noreferrer\">(vid\u00e9o)<\/a><\/p>\n<p>Poureau PG et al.\u00a0Le taux d&rsquo;alpha-f\u0153toproteine a une valeur pronostique ind\u00e9pendante en cas de petit carcinome hepatocellulaire. R\u00e9sultats d&rsquo;une \u00e9tude de population.\u00a0Journ\u00e9es Francophones d&rsquo;H\u00e9pato-Gastroent\u00e9rologie et d&rsquo;Oncologie Digestive (JFHOD), Paris, Mars<strong> 2017<\/strong>. <a href=\"https:\/\/registre-tumeurs-29.fr\/wp-content\/uploads\/2017\/07\/poureau_jfhod_2017A.mp4\" target=\"_blank\" rel=\"noopener noreferrer\">(vid\u00e9o)<\/a><\/p>\n<p>Deniel MC et al. Incidence of rectal adenocarcinoma and Impact of neoadjuvant treatments on patients survival between 1990 and 2009 in the district of Finistere (France). United European Gastroenterology Week), Vienne, octobre <strong>2014<\/strong>. <a href=\"https:\/\/registre-tumeurs-29.fr\/wp-content\/uploads\/2015\/08\/mc%20deniel.mp4\" target=\"_blank\" rel=\"noopener noreferrer\">(vid\u00e9o)<\/a><\/p>\n<p>Robaszkiewicz M. The first mass CRC screening organised in the Finistere area : impact on survival. United European Gastroenterology Week, Berlin Octobre <strong>2013<\/strong><\/p>\n<p>Cariou-Daoulas M. Premi\u00e8re campagne de d\u00e9pistage du cancer colorectal dans le Finist\u00e8re ; impact sur la survie et \u00e9tude des cancers d&rsquo;intervalle. Symposium SHS du Canc\u00e9rop\u00f4le Grand Ouest Nantes Juin <strong>2013<\/strong><\/p>\n","protected":false},"excerpt":{"rendered":"<p>Disparit\u00e9s socio-\u00e9conomiques et incidence du cancer primitif du foie entre 2006 et 2016 : analyse par sous-types B. Comoz(1), J. Bryere(1), A.M. Bouvier(2), J.B. Nousbaum(3), G. Launoy(1), V. Bouvier(1),I. Ollivier-Hourmand (1), (1) Caen, (2) Dijon, (3) Brest &#8211; JFHOD, 16-19 mars 2023, Paris Influence des in\u00e9galit\u00e9s socio-\u00e9conomiques sur la survie des patients atteints de cancers [&hellip;]<\/p>\n","protected":false},"author":1,"featured_media":0,"parent":90,"menu_order":1,"comment_status":"closed","ping_status":"closed","template":"","meta":{"rop_custom_images_group":[],"rop_custom_messages_group":[],"rop_publish_now":"initial","rop_publish_now_accounts":[],"rop_publish_now_history":[],"rop_publish_now_status":"pending","_exactmetrics_skip_tracking":false,"_exactmetrics_sitenote_active":false,"_exactmetrics_sitenote_note":"","_exactmetrics_sitenote_category":0,"footnotes":""},"class_list":["post-92","page","type-page","status-publish","hentry"],"yoast_head":"<!-- This site is optimized with the Yoast SEO plugin v26.8 - https:\/\/yoast.com\/product\/yoast-seo-wordpress\/ -->\n<title>Communications orales - REGISTRE DES TUMEURS DIGESTIVES DU FINISTERE<\/title>\n<meta name=\"robots\" content=\"index, follow, max-snippet:-1, max-image-preview:large, max-video-preview:-1\" \/>\n<link rel=\"canonical\" href=\"https:\/\/registre-tumeurs-29.fr\/Accueil\/travaux-et-resultats\/publications\/communications-orales\/\" \/>\n<meta property=\"og:locale\" content=\"fr_FR\" \/>\n<meta property=\"og:type\" content=\"article\" \/>\n<meta property=\"og:title\" content=\"Communications orales - REGISTRE DES TUMEURS DIGESTIVES DU FINISTERE\" \/>\n<meta property=\"og:description\" content=\"Disparit\u00e9s socio-\u00e9conomiques et incidence du cancer primitif du foie entre 2006 et 2016 : analyse par sous-types B. Comoz(1), J. Bryere(1), A.M. Bouvier(2), J.B. Nousbaum(3), G. Launoy(1), V. Bouvier(1),I. Ollivier-Hourmand (1), (1) Caen, (2) Dijon, (3) Brest &#8211; JFHOD, 16-19 mars 2023, Paris Influence des in\u00e9galit\u00e9s socio-\u00e9conomiques sur la survie des patients atteints de cancers [&hellip;]\" \/>\n<meta property=\"og:url\" content=\"https:\/\/registre-tumeurs-29.fr\/Accueil\/travaux-et-resultats\/publications\/communications-orales\/\" \/>\n<meta property=\"og:site_name\" content=\"REGISTRE DES TUMEURS DIGESTIVES DU FINISTERE\" \/>\n<meta property=\"article:modified_time\" content=\"2024-06-17T11:44:30+00:00\" \/>\n<meta name=\"twitter:card\" content=\"summary_large_image\" \/>\n<meta name=\"twitter:label1\" content=\"Dur\u00e9e de lecture estim\u00e9e\" \/>\n\t<meta name=\"twitter:data1\" content=\"3 minutes\" \/>\n<script type=\"application\/ld+json\" class=\"yoast-schema-graph\">{\"@context\":\"https:\/\/schema.org\",\"@graph\":[{\"@type\":\"WebPage\",\"@id\":\"https:\/\/registre-tumeurs-29.fr\/Accueil\/travaux-et-resultats\/publications\/communications-orales\/\",\"url\":\"https:\/\/registre-tumeurs-29.fr\/Accueil\/travaux-et-resultats\/publications\/communications-orales\/\",\"name\":\"Communications orales - REGISTRE DES TUMEURS DIGESTIVES DU FINISTERE\",\"isPartOf\":{\"@id\":\"https:\/\/registre-tumeurs-29.fr\/Accueil\/#website\"},\"datePublished\":\"2015-08-05T16:28:20+00:00\",\"dateModified\":\"2024-06-17T11:44:30+00:00\",\"breadcrumb\":{\"@id\":\"https:\/\/registre-tumeurs-29.fr\/Accueil\/travaux-et-resultats\/publications\/communications-orales\/#breadcrumb\"},\"inLanguage\":\"fr-FR\",\"potentialAction\":[{\"@type\":\"ReadAction\",\"target\":[\"https:\/\/registre-tumeurs-29.fr\/Accueil\/travaux-et-resultats\/publications\/communications-orales\/\"]}]},{\"@type\":\"BreadcrumbList\",\"@id\":\"https:\/\/registre-tumeurs-29.fr\/Accueil\/travaux-et-resultats\/publications\/communications-orales\/#breadcrumb\",\"itemListElement\":[{\"@type\":\"ListItem\",\"position\":1,\"name\":\"Accueil\",\"item\":\"https:\/\/registre-tumeurs-29.fr\/Accueil\/\"},{\"@type\":\"ListItem\",\"position\":2,\"name\":\"Publications et communications\",\"item\":\"https:\/\/registre-tumeurs-29.fr\/Accueil\/travaux-et-resultats\/\"},{\"@type\":\"ListItem\",\"position\":3,\"name\":\"Publications\",\"item\":\"https:\/\/registre-tumeurs-29.fr\/Accueil\/travaux-et-resultats\/publications\/\"},{\"@type\":\"ListItem\",\"position\":4,\"name\":\"Communications orales\"}]},{\"@type\":\"WebSite\",\"@id\":\"https:\/\/registre-tumeurs-29.fr\/Accueil\/#website\",\"url\":\"https:\/\/registre-tumeurs-29.fr\/Accueil\/\",\"name\":\"REGISTRE DES TUMEURS DIGESTIVES DU FINISTERE\",\"description\":\"Equipe d&#039;Accueil EA 7479 SPURBO - Soins Primaires, Sant\u00e9 Publique et Registre des cancers de Bretagne Occidentale\",\"potentialAction\":[{\"@type\":\"SearchAction\",\"target\":{\"@type\":\"EntryPoint\",\"urlTemplate\":\"https:\/\/registre-tumeurs-29.fr\/Accueil\/?s={search_term_string}\"},\"query-input\":{\"@type\":\"PropertyValueSpecification\",\"valueRequired\":true,\"valueName\":\"search_term_string\"}}],\"inLanguage\":\"fr-FR\"}]}<\/script>\n<!-- \/ Yoast SEO plugin. -->","yoast_head_json":{"title":"Communications orales - REGISTRE DES TUMEURS DIGESTIVES DU FINISTERE","robots":{"index":"index","follow":"follow","max-snippet":"max-snippet:-1","max-image-preview":"max-image-preview:large","max-video-preview":"max-video-preview:-1"},"canonical":"https:\/\/registre-tumeurs-29.fr\/Accueil\/travaux-et-resultats\/publications\/communications-orales\/","og_locale":"fr_FR","og_type":"article","og_title":"Communications orales - REGISTRE DES TUMEURS DIGESTIVES DU FINISTERE","og_description":"Disparit\u00e9s socio-\u00e9conomiques et incidence du cancer primitif du foie entre 2006 et 2016 : analyse par sous-types B. Comoz(1), J. Bryere(1), A.M. Bouvier(2), J.B. Nousbaum(3), G. Launoy(1), V. Bouvier(1),I. Ollivier-Hourmand (1), (1) Caen, (2) Dijon, (3) Brest &#8211; JFHOD, 16-19 mars 2023, Paris Influence des in\u00e9galit\u00e9s socio-\u00e9conomiques sur la survie des patients atteints de cancers [&hellip;]","og_url":"https:\/\/registre-tumeurs-29.fr\/Accueil\/travaux-et-resultats\/publications\/communications-orales\/","og_site_name":"REGISTRE DES TUMEURS DIGESTIVES DU FINISTERE","article_modified_time":"2024-06-17T11:44:30+00:00","twitter_card":"summary_large_image","twitter_misc":{"Dur\u00e9e de lecture estim\u00e9e":"3 minutes"},"schema":{"@context":"https:\/\/schema.org","@graph":[{"@type":"WebPage","@id":"https:\/\/registre-tumeurs-29.fr\/Accueil\/travaux-et-resultats\/publications\/communications-orales\/","url":"https:\/\/registre-tumeurs-29.fr\/Accueil\/travaux-et-resultats\/publications\/communications-orales\/","name":"Communications orales - REGISTRE DES TUMEURS DIGESTIVES DU FINISTERE","isPartOf":{"@id":"https:\/\/registre-tumeurs-29.fr\/Accueil\/#website"},"datePublished":"2015-08-05T16:28:20+00:00","dateModified":"2024-06-17T11:44:30+00:00","breadcrumb":{"@id":"https:\/\/registre-tumeurs-29.fr\/Accueil\/travaux-et-resultats\/publications\/communications-orales\/#breadcrumb"},"inLanguage":"fr-FR","potentialAction":[{"@type":"ReadAction","target":["https:\/\/registre-tumeurs-29.fr\/Accueil\/travaux-et-resultats\/publications\/communications-orales\/"]}]},{"@type":"BreadcrumbList","@id":"https:\/\/registre-tumeurs-29.fr\/Accueil\/travaux-et-resultats\/publications\/communications-orales\/#breadcrumb","itemListElement":[{"@type":"ListItem","position":1,"name":"Accueil","item":"https:\/\/registre-tumeurs-29.fr\/Accueil\/"},{"@type":"ListItem","position":2,"name":"Publications et communications","item":"https:\/\/registre-tumeurs-29.fr\/Accueil\/travaux-et-resultats\/"},{"@type":"ListItem","position":3,"name":"Publications","item":"https:\/\/registre-tumeurs-29.fr\/Accueil\/travaux-et-resultats\/publications\/"},{"@type":"ListItem","position":4,"name":"Communications orales"}]},{"@type":"WebSite","@id":"https:\/\/registre-tumeurs-29.fr\/Accueil\/#website","url":"https:\/\/registre-tumeurs-29.fr\/Accueil\/","name":"REGISTRE DES TUMEURS DIGESTIVES DU FINISTERE","description":"Equipe d&#039;Accueil EA 7479 SPURBO - Soins Primaires, Sant\u00e9 Publique et Registre des cancers de Bretagne Occidentale","potentialAction":[{"@type":"SearchAction","target":{"@type":"EntryPoint","urlTemplate":"https:\/\/registre-tumeurs-29.fr\/Accueil\/?s={search_term_string}"},"query-input":{"@type":"PropertyValueSpecification","valueRequired":true,"valueName":"search_term_string"}}],"inLanguage":"fr-FR"}]}},"jetpack_sharing_enabled":true,"_links":{"self":[{"href":"https:\/\/registre-tumeurs-29.fr\/Accueil\/wp-json\/wp\/v2\/pages\/92","targetHints":{"allow":["GET"]}}],"collection":[{"href":"https:\/\/registre-tumeurs-29.fr\/Accueil\/wp-json\/wp\/v2\/pages"}],"about":[{"href":"https:\/\/registre-tumeurs-29.fr\/Accueil\/wp-json\/wp\/v2\/types\/page"}],"author":[{"embeddable":true,"href":"https:\/\/registre-tumeurs-29.fr\/Accueil\/wp-json\/wp\/v2\/users\/1"}],"replies":[{"embeddable":true,"href":"https:\/\/registre-tumeurs-29.fr\/Accueil\/wp-json\/wp\/v2\/comments?post=92"}],"version-history":[{"count":26,"href":"https:\/\/registre-tumeurs-29.fr\/Accueil\/wp-json\/wp\/v2\/pages\/92\/revisions"}],"predecessor-version":[{"id":2286,"href":"https:\/\/registre-tumeurs-29.fr\/Accueil\/wp-json\/wp\/v2\/pages\/92\/revisions\/2286"}],"up":[{"embeddable":true,"href":"https:\/\/registre-tumeurs-29.fr\/Accueil\/wp-json\/wp\/v2\/pages\/90"}],"wp:attachment":[{"href":"https:\/\/registre-tumeurs-29.fr\/Accueil\/wp-json\/wp\/v2\/media?parent=92"}],"curies":[{"name":"wp","href":"https:\/\/api.w.org\/{rel}","templated":true}]}}