{"id":83,"date":"2015-08-05T18:22:25","date_gmt":"2015-08-05T16:22:25","guid":{"rendered":"http:\/\/registre-tumeurs-29.fr\/?page_id=83"},"modified":"2025-09-22T14:51:07","modified_gmt":"2025-09-22T12:51:07","slug":"travaux-de-recherche","status":"publish","type":"page","link":"https:\/\/registre-tumeurs-29.fr\/Accueil\/travaux-et-resultats\/travaux-de-recherche\/","title":{"rendered":"Publications et communications"},"content":{"rendered":"<p>Le registre des Tumeurs Digestives du Finist\u00e8re a \u00e9t\u00e9 cr\u00e9\u00e9 en 1984, sa premi\u00e8re qualification par le Comit\u00e9 National des Registres date de 1997 et le dernier <a href=\"https:\/\/registre-tumeurs-29.fr\/wp-content\/uploads\/2020\/03\/CER_012020-pivotc3a9.pdf\" target=\"_blank\" rel=\"noopener noreferrer\">renouvellement de qualification<\/a> a \u00e9t\u00e9 prononc\u00e9 en 2020 par le Comit\u00e9 d\u2019Evaluation des Registres qui a \u00e9mis un avis favorable. Le registre fait partie d\u2019une \u00e9quipe de recherche intitul\u00e9e Soins Primaires, Sant\u00e9 Publique, Registre des Cancers de Bretagne Occidentale labellis\u00e9e \u00e9quipe d\u2019accueil par l\u2019HCERES en 2017 (EA7479-SPURBO). Il recense de fa\u00e7on exhaustive tous les cancers digestifs diagnostiqu\u00e9s chez les personnes r\u00e9sidant dans le d\u00e9partement du Finist\u00e8re, quel que soit le lieu ou le mode de traitement. La population du Finist\u00e8re comporte pr\u00e8s de 936 478 habitants (INSEE 2018) et le registre enregistre annuellement pr\u00e8s de 1400 cas de cancers invasifs auxquels se rajoutent une centaine de cancers <em>in situ<\/em> du c\u00f4lon-rectum.<\/p>\n<p>Le registre des Tumeurs Digestives du Finist\u00e8re contribue comme tous les registres FRANCIM \u00e0 la surveillance \u00e9pid\u00e9miologique des cancers. Ses donn\u00e9es sont utilis\u00e9es pour la production nationale d\u2019indicateurs d\u2019incidence, de pr\u00e9valence et de survie. Il participe \u00e0 la r\u00e9daction des rapports concernant les localisations digestives. Ses donn\u00e9es sont utilis\u00e9es au niveau europ\u00e9en et mondial depuis quelques ann\u00e9es. Au niveau local, le registre r\u00e9alise des \u00e9tudes sur l\u2019\u00e9volution de l\u2019incidence et de la survie mais pas uniquement. En tant que registre sp\u00e9cialis\u00e9, il a pour objectif de travailler sur des sujets plus cibl\u00e9s comme des \u00e9tudes haute r\u00e9solution sur les modalit\u00e9s de prise en charge, le degr\u00e9 de suivi des recommandations, des \u00e9tudes clinico-biologique et sur la th\u00e9matique de la pr\u00e9vention et du d\u00e9pistage du cancer colorectal. Ce dernier axe se d\u00e9veloppe en collaboration \u00e9troite avec l&rsquo; Antenne d\u00e9partementale du Centre R\u00e9gional de Coordination des D\u00e9pistages des Cancers Bretagne (CRCDC Bretagne, ex ADEC 29). Les cancers du foie, du pancr\u00e9as et les cancers \u0153sogastriques sont \u00e9galement des axes de recherche du registre. Le registre prend part \u00e9galement aux activit\u00e9s de recherche d\u00e9velopp\u00e9es dans l\u2019axe SHS du Canc\u00e9rop\u00f4le Grand Ouest. Tous les travaux sont men\u00e9s dans le respect des r\u00e8gles de confidentialit\u00e9 impos\u00e9es par la CNIL et notamment en conformit\u00e9 avec le R\u00e8glement G\u00e9n\u00e9ral de Protection des Donn\u00e9es.<\/p>\n<p>L\u2019ensemble des travaux se fait sous l\u2019\u00e9gide d\u2019un conseil scientifique et le travail de collecte de donn\u00e9es s\u2019effectue gr\u00e2ce \u00e0 un r\u00e9seau de partenaires qui contribuent de fa\u00e7on essentielle au fonctionnement du registre, par la transmission d\u2019informations (les laboratoires d\u2019anatomie pathologique, les \u00e9tablissements de soins, l\u2019Assurance Maladie, l\u2019antenne d\u00e9partementale du CRCDC, les r\u00e9seaux territoriaux et le r\u00e9seau r\u00e9gional de canc\u00e9rologie Oncobretagne) et par l\u2019accueil des enqu\u00eatrices que ce soit dans les \u00e9tablissements publics ou priv\u00e9s ou dans les cabinets des sp\u00e9cialistes pour effectuer le recueil de donn\u00e9es.<\/p>\n<p>Les liens figurant ci-dessous permettent d&rsquo;avoir acc\u00e8s aux principaux projets de recherche r\u00e9cents.<\/p>\n<ul class=\"list-pages-shortcode child-pages\"><li class=\"page_item page-item-540\"><a href=\"https:\/\/registre-tumeurs-29.fr\/Accueil\/travaux-et-resultats\/travaux-de-recherche\/projet-adenocarcinome-du-pancreas-dans-le-departement-du-finistere-entre-2002-et-2011-etude-de-lincidence-et-survie-des-malades\/\">Etudes<\/a><\/li>\n<li class=\"page_item page-item-551\"><a href=\"https:\/\/registre-tumeurs-29.fr\/Accueil\/travaux-et-resultats\/travaux-de-recherche\/autres-activites-du-registre\/\">Autres activit\u00e9s du Registre : Expertise<\/a><\/li>\n<li class=\"page_item page-item-427\"><a href=\"https:\/\/registre-tumeurs-29.fr\/Accueil\/travaux-et-resultats\/travaux-de-recherche\/partenariat\/\">Partenariat<\/a><\/li>\n<\/ul>\n","protected":false},"excerpt":{"rendered":"<p>Le registre des Tumeurs Digestives du Finist\u00e8re a \u00e9t\u00e9 cr\u00e9\u00e9 en 1984, sa premi\u00e8re qualification par le Comit\u00e9 National des Registres date de 1997 et le dernier renouvellement de qualification a \u00e9t\u00e9 prononc\u00e9 en 2020 par le Comit\u00e9 d\u2019Evaluation des Registres qui a \u00e9mis un avis favorable. Le registre fait partie d\u2019une \u00e9quipe de recherche [&hellip;]<\/p>\n","protected":false},"author":1,"featured_media":0,"parent":1315,"menu_order":0,"comment_status":"closed","ping_status":"closed","template":"","meta":{"rop_custom_images_group":[],"rop_custom_messages_group":[],"rop_publish_now":"initial","rop_publish_now_accounts":[],"rop_publish_now_history":[],"rop_publish_now_status":"pending","_exactmetrics_skip_tracking":false,"_exactmetrics_sitenote_active":false,"_exactmetrics_sitenote_note":"","_exactmetrics_sitenote_category":0,"footnotes":""},"class_list":["post-83","page","type-page","status-publish","hentry"],"yoast_head":"<!-- This site is optimized with the Yoast SEO plugin v26.8 - https:\/\/yoast.com\/product\/yoast-seo-wordpress\/ -->\n<title>Publications et communications - REGISTRE DES TUMEURS DIGESTIVES DU FINISTERE<\/title>\n<meta name=\"robots\" content=\"index, follow, max-snippet:-1, max-image-preview:large, max-video-preview:-1\" \/>\n<link rel=\"canonical\" href=\"https:\/\/registre-tumeurs-29.fr\/Accueil\/travaux-et-resultats\/travaux-de-recherche\/\" \/>\n<meta property=\"og:locale\" content=\"fr_FR\" \/>\n<meta property=\"og:type\" content=\"article\" \/>\n<meta property=\"og:title\" content=\"Publications et communications - REGISTRE DES TUMEURS DIGESTIVES DU FINISTERE\" \/>\n<meta property=\"og:description\" content=\"Le registre des Tumeurs Digestives du Finist\u00e8re a \u00e9t\u00e9 cr\u00e9\u00e9 en 1984, sa premi\u00e8re qualification par le Comit\u00e9 National des Registres date de 1997 et le dernier renouvellement de qualification a \u00e9t\u00e9 prononc\u00e9 en 2020 par le Comit\u00e9 d\u2019Evaluation des Registres qui a \u00e9mis un avis favorable. Le registre fait partie d\u2019une \u00e9quipe de recherche [&hellip;]\" \/>\n<meta property=\"og:url\" content=\"https:\/\/registre-tumeurs-29.fr\/Accueil\/travaux-et-resultats\/travaux-de-recherche\/\" \/>\n<meta property=\"og:site_name\" content=\"REGISTRE DES TUMEURS DIGESTIVES DU FINISTERE\" \/>\n<meta property=\"article:modified_time\" content=\"2025-09-22T12:51:07+00:00\" \/>\n<meta name=\"twitter:card\" content=\"summary_large_image\" \/>\n<meta name=\"twitter:label1\" content=\"Dur\u00e9e de lecture estim\u00e9e\" \/>\n\t<meta name=\"twitter:data1\" content=\"3 minutes\" \/>\n<script type=\"application\/ld+json\" class=\"yoast-schema-graph\">{\"@context\":\"https:\/\/schema.org\",\"@graph\":[{\"@type\":\"WebPage\",\"@id\":\"https:\/\/registre-tumeurs-29.fr\/Accueil\/travaux-et-resultats\/travaux-de-recherche\/\",\"url\":\"https:\/\/registre-tumeurs-29.fr\/Accueil\/travaux-et-resultats\/travaux-de-recherche\/\",\"name\":\"Publications et communications - REGISTRE DES TUMEURS DIGESTIVES DU FINISTERE\",\"isPartOf\":{\"@id\":\"https:\/\/registre-tumeurs-29.fr\/Accueil\/#website\"},\"datePublished\":\"2015-08-05T16:22:25+00:00\",\"dateModified\":\"2025-09-22T12:51:07+00:00\",\"breadcrumb\":{\"@id\":\"https:\/\/registre-tumeurs-29.fr\/Accueil\/travaux-et-resultats\/travaux-de-recherche\/#breadcrumb\"},\"inLanguage\":\"fr-FR\",\"potentialAction\":[{\"@type\":\"ReadAction\",\"target\":[\"https:\/\/registre-tumeurs-29.fr\/Accueil\/travaux-et-resultats\/travaux-de-recherche\/\"]}]},{\"@type\":\"BreadcrumbList\",\"@id\":\"https:\/\/registre-tumeurs-29.fr\/Accueil\/travaux-et-resultats\/travaux-de-recherche\/#breadcrumb\",\"itemListElement\":[{\"@type\":\"ListItem\",\"position\":1,\"name\":\"Accueil\",\"item\":\"https:\/\/registre-tumeurs-29.fr\/Accueil\/\"},{\"@type\":\"ListItem\",\"position\":2,\"name\":\"Publications et communications\",\"item\":\"https:\/\/registre-tumeurs-29.fr\/Accueil\/travaux-et-resultats\/\"},{\"@type\":\"ListItem\",\"position\":3,\"name\":\"Publications et communications\"}]},{\"@type\":\"WebSite\",\"@id\":\"https:\/\/registre-tumeurs-29.fr\/Accueil\/#website\",\"url\":\"https:\/\/registre-tumeurs-29.fr\/Accueil\/\",\"name\":\"REGISTRE DES TUMEURS DIGESTIVES DU FINISTERE\",\"description\":\"Equipe d&#039;Accueil EA 7479 SPURBO - Soins Primaires, Sant\u00e9 Publique et Registre des cancers de Bretagne Occidentale\",\"potentialAction\":[{\"@type\":\"SearchAction\",\"target\":{\"@type\":\"EntryPoint\",\"urlTemplate\":\"https:\/\/registre-tumeurs-29.fr\/Accueil\/?s={search_term_string}\"},\"query-input\":{\"@type\":\"PropertyValueSpecification\",\"valueRequired\":true,\"valueName\":\"search_term_string\"}}],\"inLanguage\":\"fr-FR\"}]}<\/script>\n<!-- \/ Yoast SEO plugin. -->","yoast_head_json":{"title":"Publications et communications - REGISTRE DES TUMEURS DIGESTIVES DU FINISTERE","robots":{"index":"index","follow":"follow","max-snippet":"max-snippet:-1","max-image-preview":"max-image-preview:large","max-video-preview":"max-video-preview:-1"},"canonical":"https:\/\/registre-tumeurs-29.fr\/Accueil\/travaux-et-resultats\/travaux-de-recherche\/","og_locale":"fr_FR","og_type":"article","og_title":"Publications et communications - REGISTRE DES TUMEURS DIGESTIVES DU FINISTERE","og_description":"Le registre des Tumeurs Digestives du Finist\u00e8re a \u00e9t\u00e9 cr\u00e9\u00e9 en 1984, sa premi\u00e8re qualification par le Comit\u00e9 National des Registres date de 1997 et le dernier renouvellement de qualification a \u00e9t\u00e9 prononc\u00e9 en 2020 par le Comit\u00e9 d\u2019Evaluation des Registres qui a \u00e9mis un avis favorable. Le registre fait partie d\u2019une \u00e9quipe de recherche [&hellip;]","og_url":"https:\/\/registre-tumeurs-29.fr\/Accueil\/travaux-et-resultats\/travaux-de-recherche\/","og_site_name":"REGISTRE DES TUMEURS DIGESTIVES DU FINISTERE","article_modified_time":"2025-09-22T12:51:07+00:00","twitter_card":"summary_large_image","twitter_misc":{"Dur\u00e9e de lecture estim\u00e9e":"3 minutes"},"schema":{"@context":"https:\/\/schema.org","@graph":[{"@type":"WebPage","@id":"https:\/\/registre-tumeurs-29.fr\/Accueil\/travaux-et-resultats\/travaux-de-recherche\/","url":"https:\/\/registre-tumeurs-29.fr\/Accueil\/travaux-et-resultats\/travaux-de-recherche\/","name":"Publications et communications - REGISTRE DES TUMEURS DIGESTIVES DU FINISTERE","isPartOf":{"@id":"https:\/\/registre-tumeurs-29.fr\/Accueil\/#website"},"datePublished":"2015-08-05T16:22:25+00:00","dateModified":"2025-09-22T12:51:07+00:00","breadcrumb":{"@id":"https:\/\/registre-tumeurs-29.fr\/Accueil\/travaux-et-resultats\/travaux-de-recherche\/#breadcrumb"},"inLanguage":"fr-FR","potentialAction":[{"@type":"ReadAction","target":["https:\/\/registre-tumeurs-29.fr\/Accueil\/travaux-et-resultats\/travaux-de-recherche\/"]}]},{"@type":"BreadcrumbList","@id":"https:\/\/registre-tumeurs-29.fr\/Accueil\/travaux-et-resultats\/travaux-de-recherche\/#breadcrumb","itemListElement":[{"@type":"ListItem","position":1,"name":"Accueil","item":"https:\/\/registre-tumeurs-29.fr\/Accueil\/"},{"@type":"ListItem","position":2,"name":"Publications et communications","item":"https:\/\/registre-tumeurs-29.fr\/Accueil\/travaux-et-resultats\/"},{"@type":"ListItem","position":3,"name":"Publications et communications"}]},{"@type":"WebSite","@id":"https:\/\/registre-tumeurs-29.fr\/Accueil\/#website","url":"https:\/\/registre-tumeurs-29.fr\/Accueil\/","name":"REGISTRE DES TUMEURS DIGESTIVES DU FINISTERE","description":"Equipe d&#039;Accueil EA 7479 SPURBO - Soins Primaires, Sant\u00e9 Publique et Registre des cancers de Bretagne Occidentale","potentialAction":[{"@type":"SearchAction","target":{"@type":"EntryPoint","urlTemplate":"https:\/\/registre-tumeurs-29.fr\/Accueil\/?s={search_term_string}"},"query-input":{"@type":"PropertyValueSpecification","valueRequired":true,"valueName":"search_term_string"}}],"inLanguage":"fr-FR"}]}},"jetpack_sharing_enabled":true,"_links":{"self":[{"href":"https:\/\/registre-tumeurs-29.fr\/Accueil\/wp-json\/wp\/v2\/pages\/83","targetHints":{"allow":["GET"]}}],"collection":[{"href":"https:\/\/registre-tumeurs-29.fr\/Accueil\/wp-json\/wp\/v2\/pages"}],"about":[{"href":"https:\/\/registre-tumeurs-29.fr\/Accueil\/wp-json\/wp\/v2\/types\/page"}],"author":[{"embeddable":true,"href":"https:\/\/registre-tumeurs-29.fr\/Accueil\/wp-json\/wp\/v2\/users\/1"}],"replies":[{"embeddable":true,"href":"https:\/\/registre-tumeurs-29.fr\/Accueil\/wp-json\/wp\/v2\/comments?post=83"}],"version-history":[{"count":9,"href":"https:\/\/registre-tumeurs-29.fr\/Accueil\/wp-json\/wp\/v2\/pages\/83\/revisions"}],"predecessor-version":[{"id":2832,"href":"https:\/\/registre-tumeurs-29.fr\/Accueil\/wp-json\/wp\/v2\/pages\/83\/revisions\/2832"}],"up":[{"embeddable":true,"href":"https:\/\/registre-tumeurs-29.fr\/Accueil\/wp-json\/wp\/v2\/pages\/1315"}],"wp:attachment":[{"href":"https:\/\/registre-tumeurs-29.fr\/Accueil\/wp-json\/wp\/v2\/media?parent=83"}],"curies":[{"name":"wp","href":"https:\/\/api.w.org\/{rel}","templated":true}]}}