{"id":71,"date":"2015-08-05T18:16:06","date_gmt":"2015-08-05T16:16:06","guid":{"rendered":"http:\/\/registre-tumeurs-29.fr\/?page_id=71"},"modified":"2024-06-25T08:51:01","modified_gmt":"2024-06-25T06:51:01","slug":"confidentialite-des-informations-detenues-par-le-registre","status":"publish","type":"page","link":"https:\/\/registre-tumeurs-29.fr\/Accueil\/informations-legales\/confidentialite-des-informations-detenues-par-le-registre\/","title":{"rendered":"Confidentialit\u00e9 et s\u00e9curit\u00e9 des donn\u00e9es"},"content":{"rendered":"<p style=\"text-align: justify;\"><strong>Les donn\u00e9es recueillies sont couvertes par le secret m\u00e9dical et sont strictement confidentielles<\/strong>. Seuls les personnels du Registre habilit\u00e9s ont un acc\u00e8s aux donn\u00e9es nominatives. Chaque membre de l\u2019\u00e9quipe du Registre des tumeurs digestives du Finist\u00e8re est soumis au secret professionnel et a sign\u00e9 une charte de confidentialit\u00e9 l\u2019engageant strictement dans le respect de la confidentialit\u00e9 des informations trait\u00e9es.<\/p>\n<p style=\"text-align: justify;\">Les donn\u00e9es du Registre pr\u00e9sentant un int\u00e9r\u00eat historique, scientifique et statistique sont conserv\u00e9es tant que le Registre exerce ses missions afin de permettre de r\u00e9pondre aux objectifs fix\u00e9s, conform\u00e9ment aux r\u00e9glementations et lois applicables et selon des proc\u00e9dures de s\u00e9curit\u00e9 strictes. <strong>Seules les donn\u00e9es totalement anonymes font l\u2019objet de publication<\/strong>.<\/p>\n","protected":false},"excerpt":{"rendered":"<p>Les donn\u00e9es recueillies sont couvertes par le secret m\u00e9dical et sont strictement confidentielles. Seuls les personnels du Registre habilit\u00e9s ont un acc\u00e8s aux donn\u00e9es nominatives. Chaque membre de l\u2019\u00e9quipe du Registre des tumeurs digestives du Finist\u00e8re est soumis au secret professionnel et a sign\u00e9 une charte de confidentialit\u00e9 l\u2019engageant strictement dans le respect de la [&hellip;]<\/p>\n","protected":false},"author":1,"featured_media":0,"parent":109,"menu_order":6,"comment_status":"closed","ping_status":"open","template":"","meta":{"rop_custom_images_group":[],"rop_custom_messages_group":[],"rop_publish_now":"initial","rop_publish_now_accounts":[],"rop_publish_now_history":[],"rop_publish_now_status":"pending","_exactmetrics_skip_tracking":false,"_exactmetrics_sitenote_active":false,"_exactmetrics_sitenote_note":"","_exactmetrics_sitenote_category":0,"footnotes":""},"class_list":["post-71","page","type-page","status-publish","hentry"],"yoast_head":"<!-- This site is optimized with the Yoast SEO plugin v26.8 - https:\/\/yoast.com\/product\/yoast-seo-wordpress\/ -->\n<title>Confidentialit\u00e9 et s\u00e9curit\u00e9 des donn\u00e9es - REGISTRE DES TUMEURS DIGESTIVES DU FINISTERE<\/title>\n<meta name=\"robots\" content=\"index, follow, max-snippet:-1, max-image-preview:large, max-video-preview:-1\" \/>\n<link rel=\"canonical\" href=\"https:\/\/registre-tumeurs-29.fr\/Accueil\/informations-legales\/confidentialite-des-informations-detenues-par-le-registre\/\" \/>\n<meta property=\"og:locale\" content=\"fr_FR\" \/>\n<meta property=\"og:type\" content=\"article\" \/>\n<meta property=\"og:title\" content=\"Confidentialit\u00e9 et s\u00e9curit\u00e9 des donn\u00e9es - REGISTRE DES TUMEURS DIGESTIVES DU FINISTERE\" \/>\n<meta property=\"og:description\" content=\"Les donn\u00e9es recueillies sont couvertes par le secret m\u00e9dical et sont strictement confidentielles. Seuls les personnels du Registre habilit\u00e9s ont un acc\u00e8s aux donn\u00e9es nominatives. Chaque membre de l\u2019\u00e9quipe du Registre des tumeurs digestives du Finist\u00e8re est soumis au secret professionnel et a sign\u00e9 une charte de confidentialit\u00e9 l\u2019engageant strictement dans le respect de la [&hellip;]\" \/>\n<meta property=\"og:url\" content=\"https:\/\/registre-tumeurs-29.fr\/Accueil\/informations-legales\/confidentialite-des-informations-detenues-par-le-registre\/\" \/>\n<meta property=\"og:site_name\" content=\"REGISTRE DES TUMEURS DIGESTIVES DU FINISTERE\" \/>\n<meta property=\"article:modified_time\" content=\"2024-06-25T06:51:01+00:00\" \/>\n<meta name=\"twitter:card\" content=\"summary_large_image\" \/>\n<meta name=\"twitter:label1\" content=\"Dur\u00e9e de lecture estim\u00e9e\" \/>\n\t<meta name=\"twitter:data1\" content=\"1 minute\" \/>\n<script type=\"application\/ld+json\" class=\"yoast-schema-graph\">{\"@context\":\"https:\/\/schema.org\",\"@graph\":[{\"@type\":\"WebPage\",\"@id\":\"https:\/\/registre-tumeurs-29.fr\/Accueil\/informations-legales\/confidentialite-des-informations-detenues-par-le-registre\/\",\"url\":\"https:\/\/registre-tumeurs-29.fr\/Accueil\/informations-legales\/confidentialite-des-informations-detenues-par-le-registre\/\",\"name\":\"Confidentialit\u00e9 et s\u00e9curit\u00e9 des donn\u00e9es - REGISTRE DES TUMEURS DIGESTIVES DU FINISTERE\",\"isPartOf\":{\"@id\":\"https:\/\/registre-tumeurs-29.fr\/Accueil\/#website\"},\"datePublished\":\"2015-08-05T16:16:06+00:00\",\"dateModified\":\"2024-06-25T06:51:01+00:00\",\"breadcrumb\":{\"@id\":\"https:\/\/registre-tumeurs-29.fr\/Accueil\/informations-legales\/confidentialite-des-informations-detenues-par-le-registre\/#breadcrumb\"},\"inLanguage\":\"fr-FR\",\"potentialAction\":[{\"@type\":\"ReadAction\",\"target\":[\"https:\/\/registre-tumeurs-29.fr\/Accueil\/informations-legales\/confidentialite-des-informations-detenues-par-le-registre\/\"]}]},{\"@type\":\"BreadcrumbList\",\"@id\":\"https:\/\/registre-tumeurs-29.fr\/Accueil\/informations-legales\/confidentialite-des-informations-detenues-par-le-registre\/#breadcrumb\",\"itemListElement\":[{\"@type\":\"ListItem\",\"position\":1,\"name\":\"Accueil\",\"item\":\"https:\/\/registre-tumeurs-29.fr\/Accueil\/\"},{\"@type\":\"ListItem\",\"position\":2,\"name\":\"Confidentialit\u00e9 et s\u00e9curit\u00e9\",\"item\":\"https:\/\/registre-tumeurs-29.fr\/Accueil\/informations-legales\/\"},{\"@type\":\"ListItem\",\"position\":3,\"name\":\"Confidentialit\u00e9 et s\u00e9curit\u00e9 des donn\u00e9es\"}]},{\"@type\":\"WebSite\",\"@id\":\"https:\/\/registre-tumeurs-29.fr\/Accueil\/#website\",\"url\":\"https:\/\/registre-tumeurs-29.fr\/Accueil\/\",\"name\":\"REGISTRE DES TUMEURS DIGESTIVES DU FINISTERE\",\"description\":\"Equipe d&#039;Accueil EA 7479 SPURBO - Soins Primaires, Sant\u00e9 Publique et Registre des cancers de Bretagne Occidentale\",\"potentialAction\":[{\"@type\":\"SearchAction\",\"target\":{\"@type\":\"EntryPoint\",\"urlTemplate\":\"https:\/\/registre-tumeurs-29.fr\/Accueil\/?s={search_term_string}\"},\"query-input\":{\"@type\":\"PropertyValueSpecification\",\"valueRequired\":true,\"valueName\":\"search_term_string\"}}],\"inLanguage\":\"fr-FR\"}]}<\/script>\n<!-- \/ Yoast SEO plugin. -->","yoast_head_json":{"title":"Confidentialit\u00e9 et s\u00e9curit\u00e9 des donn\u00e9es - REGISTRE DES TUMEURS DIGESTIVES DU FINISTERE","robots":{"index":"index","follow":"follow","max-snippet":"max-snippet:-1","max-image-preview":"max-image-preview:large","max-video-preview":"max-video-preview:-1"},"canonical":"https:\/\/registre-tumeurs-29.fr\/Accueil\/informations-legales\/confidentialite-des-informations-detenues-par-le-registre\/","og_locale":"fr_FR","og_type":"article","og_title":"Confidentialit\u00e9 et s\u00e9curit\u00e9 des donn\u00e9es - REGISTRE DES TUMEURS DIGESTIVES DU FINISTERE","og_description":"Les donn\u00e9es recueillies sont couvertes par le secret m\u00e9dical et sont strictement confidentielles. Seuls les personnels du Registre habilit\u00e9s ont un acc\u00e8s aux donn\u00e9es nominatives. Chaque membre de l\u2019\u00e9quipe du Registre des tumeurs digestives du Finist\u00e8re est soumis au secret professionnel et a sign\u00e9 une charte de confidentialit\u00e9 l\u2019engageant strictement dans le respect de la [&hellip;]","og_url":"https:\/\/registre-tumeurs-29.fr\/Accueil\/informations-legales\/confidentialite-des-informations-detenues-par-le-registre\/","og_site_name":"REGISTRE DES TUMEURS DIGESTIVES DU FINISTERE","article_modified_time":"2024-06-25T06:51:01+00:00","twitter_card":"summary_large_image","twitter_misc":{"Dur\u00e9e de lecture estim\u00e9e":"1 minute"},"schema":{"@context":"https:\/\/schema.org","@graph":[{"@type":"WebPage","@id":"https:\/\/registre-tumeurs-29.fr\/Accueil\/informations-legales\/confidentialite-des-informations-detenues-par-le-registre\/","url":"https:\/\/registre-tumeurs-29.fr\/Accueil\/informations-legales\/confidentialite-des-informations-detenues-par-le-registre\/","name":"Confidentialit\u00e9 et s\u00e9curit\u00e9 des donn\u00e9es - REGISTRE DES TUMEURS DIGESTIVES DU FINISTERE","isPartOf":{"@id":"https:\/\/registre-tumeurs-29.fr\/Accueil\/#website"},"datePublished":"2015-08-05T16:16:06+00:00","dateModified":"2024-06-25T06:51:01+00:00","breadcrumb":{"@id":"https:\/\/registre-tumeurs-29.fr\/Accueil\/informations-legales\/confidentialite-des-informations-detenues-par-le-registre\/#breadcrumb"},"inLanguage":"fr-FR","potentialAction":[{"@type":"ReadAction","target":["https:\/\/registre-tumeurs-29.fr\/Accueil\/informations-legales\/confidentialite-des-informations-detenues-par-le-registre\/"]}]},{"@type":"BreadcrumbList","@id":"https:\/\/registre-tumeurs-29.fr\/Accueil\/informations-legales\/confidentialite-des-informations-detenues-par-le-registre\/#breadcrumb","itemListElement":[{"@type":"ListItem","position":1,"name":"Accueil","item":"https:\/\/registre-tumeurs-29.fr\/Accueil\/"},{"@type":"ListItem","position":2,"name":"Confidentialit\u00e9 et s\u00e9curit\u00e9","item":"https:\/\/registre-tumeurs-29.fr\/Accueil\/informations-legales\/"},{"@type":"ListItem","position":3,"name":"Confidentialit\u00e9 et s\u00e9curit\u00e9 des donn\u00e9es"}]},{"@type":"WebSite","@id":"https:\/\/registre-tumeurs-29.fr\/Accueil\/#website","url":"https:\/\/registre-tumeurs-29.fr\/Accueil\/","name":"REGISTRE DES TUMEURS DIGESTIVES DU FINISTERE","description":"Equipe d&#039;Accueil EA 7479 SPURBO - Soins Primaires, Sant\u00e9 Publique et Registre des cancers de Bretagne Occidentale","potentialAction":[{"@type":"SearchAction","target":{"@type":"EntryPoint","urlTemplate":"https:\/\/registre-tumeurs-29.fr\/Accueil\/?s={search_term_string}"},"query-input":{"@type":"PropertyValueSpecification","valueRequired":true,"valueName":"search_term_string"}}],"inLanguage":"fr-FR"}]}},"jetpack_sharing_enabled":true,"_links":{"self":[{"href":"https:\/\/registre-tumeurs-29.fr\/Accueil\/wp-json\/wp\/v2\/pages\/71","targetHints":{"allow":["GET"]}}],"collection":[{"href":"https:\/\/registre-tumeurs-29.fr\/Accueil\/wp-json\/wp\/v2\/pages"}],"about":[{"href":"https:\/\/registre-tumeurs-29.fr\/Accueil\/wp-json\/wp\/v2\/types\/page"}],"author":[{"embeddable":true,"href":"https:\/\/registre-tumeurs-29.fr\/Accueil\/wp-json\/wp\/v2\/users\/1"}],"replies":[{"embeddable":true,"href":"https:\/\/registre-tumeurs-29.fr\/Accueil\/wp-json\/wp\/v2\/comments?post=71"}],"version-history":[{"count":3,"href":"https:\/\/registre-tumeurs-29.fr\/Accueil\/wp-json\/wp\/v2\/pages\/71\/revisions"}],"predecessor-version":[{"id":2209,"href":"https:\/\/registre-tumeurs-29.fr\/Accueil\/wp-json\/wp\/v2\/pages\/71\/revisions\/2209"}],"up":[{"embeddable":true,"href":"https:\/\/registre-tumeurs-29.fr\/Accueil\/wp-json\/wp\/v2\/pages\/109"}],"wp:attachment":[{"href":"https:\/\/registre-tumeurs-29.fr\/Accueil\/wp-json\/wp\/v2\/media?parent=71"}],"curies":[{"name":"wp","href":"https:\/\/api.w.org\/{rel}","templated":true}]}}