{"id":7,"date":"2015-08-05T16:57:40","date_gmt":"2015-08-05T14:57:40","guid":{"rendered":"http:\/\/registre-tumeurs-29.fr\/?page_id=7"},"modified":"2025-09-29T12:06:49","modified_gmt":"2025-09-29T10:06:49","slug":"les-registres-des-cancers-en-france","status":"publish","type":"page","link":"https:\/\/registre-tumeurs-29.fr\/Accueil\/les-registres-des-cancers-en-france\/","title":{"rendered":"Les registres des cancers en France"},"content":{"rendered":"\n    \n\n  <!-- D\u00e9finition -->\n  <section class=\"card\">\n    <h2>D\u00e9finition et objectifs d\u2019un registre<\/h2>\n    <p>\n      Un registre assure \u00ab un recueil continu et exhaustif de donn\u00e9es nominatives int\u00e9ressant un ou plusieurs \u00e9v\u00e9nements de sant\u00e9 dans une population g\u00e9ographiquement d\u00e9finie, \u00e0 des fins de recherche et de sant\u00e9 publique, par une \u00e9quipe ayant les comp\u00e9tences appropri\u00e9es \u00bb.\n    <\/p>\n    <p>\n      Les registres des cancers constituent un dispositif indispensable \u00e0 la surveillance des cancers mais aussi \u00e0 l\u2019observation et \u00e0 l\u2019\u00e9valuation des prises en charge. Ils permettent d\u2019estimer r\u00e9guli\u00e8rement l\u2019incidence, la pr\u00e9valence et leurs \u00e9volutions, mais aussi de contribuer \u00e0 la recherche en \u00e9pid\u00e9miologie clinique, \u00e9tiologique et en \u00e9valuation des soins.\n    <\/p>\n  <\/section>\n\n  <!-- Evaluation -->\n  <section class=\"card\">\n    <h2>\u00c9valuation et reconnaissance<\/h2>\n    <p>\n      En France, les registres font l\u2019objet d\u2019une \u00e9valuation par le <strong>Comit\u00e9 d\u2019\u00e9valuation des registres (CER)<\/strong>. Cette expertise ind\u00e9pendante analyse l\u2019int\u00e9r\u00eat scientifique, le fonctionnement, l\u2019exhaustivit\u00e9 et la qualit\u00e9 des donn\u00e9es collect\u00e9es.\n    <\/p>\n    <p>\n      Au 31 d\u00e9cembre 2023, <strong>32 registres des cancers<\/strong> ont \u00e9t\u00e9 \u00e9valu\u00e9s par le CER, dont 27 int\u00e9gr\u00e9s au partenariat scientifique et financier\n      <em>FRANCIM \u2013 Hospices civils de Lyon \u2013 INCa \u2013 Sant\u00e9 publique France<\/em>. Un 33<sup>e<\/sup> registre (Corse) est en cours de qualification.\n    <\/p>\n  <\/section>\n\n  <!-- Types -->\n  <section class=\"card\">\n    <h2>Types de registres de cancers<\/h2>\n    <ul>\n      <li><strong>Registres g\u00e9n\u00e9raux<\/strong> : couvrent toutes les localisations canc\u00e9reuses.<\/li>\n      <li><strong>Registres sp\u00e9cialis\u00e9s<\/strong> : concernent des localisations pr\u00e9cises (digestif, h\u00e9mopathies, sein, col ut\u00e9rus, SNC, thyro\u00efde) ou certaines populations (enfants).<\/li>\n    <\/ul>\n  <\/section>\n\n  <!-- R\u00e9seau FRANCIM -->\n  <section class=\"card\">\n    <h2>Le R\u00e9seau FRANCIM<\/h2>\n    <p>\n      Les registres des cancers sont regroup\u00e9s dans le r\u00e9seau national <strong>FRANCIM<\/strong> (FRANce \u2013 Cancer \u2013 Incidence et Mortalit\u00e9). Ce r\u00e9seau harmonise les pratiques, coordonne les travaux et soutient la recherche en \u00e9pid\u00e9miologie descriptive et analytique.\n    <\/p>\n    <figure style=\"text-align:center; margin:20px 0;\">\n      <img decoding=\"async\" src=\"https:\/\/registre-tumeurs-29.fr\/wp-content\/uploads\/2025\/09\/Capture-Carte-Registres-France.png\" alt=\"Carte des registres en France\" style=\"max-width:100%; height:auto; border-radius:12px; box-shadow:0 6px 16px rgba(0,0,0,0.1);\"\/>\n      <figcaption style=\"font-size:0.9rem; color:#555; margin-top:6px;\">Carte des registres de cancers en France \u2013 R\u00e9seau FRANCIM<\/figcaption>\n    <\/figure>\n  <\/section>\n\n  <!-- Biostat Lyon -->\n  <section class=\"card\">\n    <h2>Le service de biostatistique des Hospices civils de Lyon<\/h2>\n    <p>\n      Depuis 1999, le service de biostatistique des <strong>HCL<\/strong> g\u00e8re la base commune Francim, regroupant toutes les donn\u00e9es valid\u00e9es des registres. Il assure \u00e9galement :\n    <\/p>\n    <ul>\n      <li>la mise \u00e0 jour et le contr\u00f4le qualit\u00e9 de la base,<\/li>\n      <li>le d\u00e9veloppement m\u00e9thodologique (incidence, survie, tendances),<\/li>\n      <li>et la production d\u2019\u00e9tudes \u00e9pid\u00e9miologiques pour la sant\u00e9 publique.<\/li>\n    <\/ul>\n  <\/section>\n\n\n","protected":false},"excerpt":{"rendered":"<p>D\u00e9finition et objectifs d\u2019un registre Un registre assure \u00ab un recueil continu et exhaustif de donn\u00e9es nominatives int\u00e9ressant un ou plusieurs \u00e9v\u00e9nements de sant\u00e9 dans une population g\u00e9ographiquement d\u00e9finie, \u00e0 des fins de recherche et de sant\u00e9 publique, par une \u00e9quipe ayant les comp\u00e9tences appropri\u00e9es \u00bb. Les registres des cancers constituent un dispositif indispensable \u00e0 [&hellip;]<\/p>\n","protected":false},"author":1,"featured_media":0,"parent":0,"menu_order":8,"comment_status":"closed","ping_status":"open","template":"","meta":{"rop_custom_images_group":[],"rop_custom_messages_group":[],"rop_publish_now":"initial","rop_publish_now_accounts":[],"rop_publish_now_history":[],"rop_publish_now_status":"pending","_exactmetrics_skip_tracking":false,"_exactmetrics_sitenote_active":false,"_exactmetrics_sitenote_note":"","_exactmetrics_sitenote_category":0,"footnotes":""},"class_list":["post-7","page","type-page","status-publish","hentry"],"yoast_head":"<!-- This site is optimized with the Yoast SEO plugin v26.8 - https:\/\/yoast.com\/product\/yoast-seo-wordpress\/ -->\n<title>Les registres des cancers en France - REGISTRE DES TUMEURS DIGESTIVES DU FINISTERE<\/title>\n<meta name=\"robots\" content=\"index, follow, max-snippet:-1, max-image-preview:large, max-video-preview:-1\" \/>\n<link rel=\"canonical\" href=\"https:\/\/registre-tumeurs-29.fr\/Accueil\/les-registres-des-cancers-en-france\/\" \/>\n<meta property=\"og:locale\" content=\"fr_FR\" \/>\n<meta property=\"og:type\" content=\"article\" \/>\n<meta property=\"og:title\" content=\"Les registres des cancers en France - REGISTRE DES TUMEURS DIGESTIVES DU FINISTERE\" \/>\n<meta property=\"og:description\" content=\"D\u00e9finition et objectifs d\u2019un registre Un registre assure \u00ab un recueil continu et exhaustif de donn\u00e9es nominatives int\u00e9ressant un ou plusieurs \u00e9v\u00e9nements de sant\u00e9 dans une population g\u00e9ographiquement d\u00e9finie, \u00e0 des fins de recherche et de sant\u00e9 publique, par une \u00e9quipe ayant les comp\u00e9tences appropri\u00e9es \u00bb. Les registres des cancers constituent un dispositif indispensable \u00e0 [&hellip;]\" \/>\n<meta property=\"og:url\" content=\"https:\/\/registre-tumeurs-29.fr\/Accueil\/les-registres-des-cancers-en-france\/\" \/>\n<meta property=\"og:site_name\" content=\"REGISTRE DES TUMEURS DIGESTIVES DU FINISTERE\" \/>\n<meta property=\"article:modified_time\" content=\"2025-09-29T10:06:49+00:00\" \/>\n<meta property=\"og:image\" content=\"https:\/\/registre-tumeurs-29.fr\/wp-content\/uploads\/2025\/09\/Capture-Carte-Registres-France.png\" \/>\n<meta name=\"twitter:card\" content=\"summary_large_image\" \/>\n<meta name=\"twitter:label1\" content=\"Dur\u00e9e de lecture estim\u00e9e\" \/>\n\t<meta name=\"twitter:data1\" content=\"2 minutes\" \/>\n<script type=\"application\/ld+json\" class=\"yoast-schema-graph\">{\"@context\":\"https:\/\/schema.org\",\"@graph\":[{\"@type\":\"WebPage\",\"@id\":\"https:\/\/registre-tumeurs-29.fr\/Accueil\/les-registres-des-cancers-en-france\/\",\"url\":\"https:\/\/registre-tumeurs-29.fr\/Accueil\/les-registres-des-cancers-en-france\/\",\"name\":\"Les registres des cancers en France - REGISTRE DES TUMEURS DIGESTIVES DU FINISTERE\",\"isPartOf\":{\"@id\":\"https:\/\/registre-tumeurs-29.fr\/Accueil\/#website\"},\"primaryImageOfPage\":{\"@id\":\"https:\/\/registre-tumeurs-29.fr\/Accueil\/les-registres-des-cancers-en-france\/#primaryimage\"},\"image\":{\"@id\":\"https:\/\/registre-tumeurs-29.fr\/Accueil\/les-registres-des-cancers-en-france\/#primaryimage\"},\"thumbnailUrl\":\"https:\/\/registre-tumeurs-29.fr\/wp-content\/uploads\/2025\/09\/Capture-Carte-Registres-France.png\",\"datePublished\":\"2015-08-05T14:57:40+00:00\",\"dateModified\":\"2025-09-29T10:06:49+00:00\",\"breadcrumb\":{\"@id\":\"https:\/\/registre-tumeurs-29.fr\/Accueil\/les-registres-des-cancers-en-france\/#breadcrumb\"},\"inLanguage\":\"fr-FR\",\"potentialAction\":[{\"@type\":\"ReadAction\",\"target\":[\"https:\/\/registre-tumeurs-29.fr\/Accueil\/les-registres-des-cancers-en-france\/\"]}]},{\"@type\":\"ImageObject\",\"inLanguage\":\"fr-FR\",\"@id\":\"https:\/\/registre-tumeurs-29.fr\/Accueil\/les-registres-des-cancers-en-france\/#primaryimage\",\"url\":\"https:\/\/registre-tumeurs-29.fr\/wp-content\/uploads\/2025\/09\/Capture-Carte-Registres-France.png\",\"contentUrl\":\"https:\/\/registre-tumeurs-29.fr\/wp-content\/uploads\/2025\/09\/Capture-Carte-Registres-France.png\"},{\"@type\":\"BreadcrumbList\",\"@id\":\"https:\/\/registre-tumeurs-29.fr\/Accueil\/les-registres-des-cancers-en-france\/#breadcrumb\",\"itemListElement\":[{\"@type\":\"ListItem\",\"position\":1,\"name\":\"Accueil\",\"item\":\"https:\/\/registre-tumeurs-29.fr\/Accueil\/\"},{\"@type\":\"ListItem\",\"position\":2,\"name\":\"Les registres des cancers en France\"}]},{\"@type\":\"WebSite\",\"@id\":\"https:\/\/registre-tumeurs-29.fr\/Accueil\/#website\",\"url\":\"https:\/\/registre-tumeurs-29.fr\/Accueil\/\",\"name\":\"REGISTRE DES TUMEURS DIGESTIVES DU FINISTERE\",\"description\":\"Equipe d&#039;Accueil EA 7479 SPURBO - Soins Primaires, Sant\u00e9 Publique et Registre des cancers de Bretagne Occidentale\",\"potentialAction\":[{\"@type\":\"SearchAction\",\"target\":{\"@type\":\"EntryPoint\",\"urlTemplate\":\"https:\/\/registre-tumeurs-29.fr\/Accueil\/?s={search_term_string}\"},\"query-input\":{\"@type\":\"PropertyValueSpecification\",\"valueRequired\":true,\"valueName\":\"search_term_string\"}}],\"inLanguage\":\"fr-FR\"}]}<\/script>\n<!-- \/ Yoast SEO plugin. -->","yoast_head_json":{"title":"Les registres des cancers en France - REGISTRE DES TUMEURS DIGESTIVES DU FINISTERE","robots":{"index":"index","follow":"follow","max-snippet":"max-snippet:-1","max-image-preview":"max-image-preview:large","max-video-preview":"max-video-preview:-1"},"canonical":"https:\/\/registre-tumeurs-29.fr\/Accueil\/les-registres-des-cancers-en-france\/","og_locale":"fr_FR","og_type":"article","og_title":"Les registres des cancers en France - REGISTRE DES TUMEURS DIGESTIVES DU FINISTERE","og_description":"D\u00e9finition et objectifs d\u2019un registre Un registre assure \u00ab un recueil continu et exhaustif de donn\u00e9es nominatives int\u00e9ressant un ou plusieurs \u00e9v\u00e9nements de sant\u00e9 dans une population g\u00e9ographiquement d\u00e9finie, \u00e0 des fins de recherche et de sant\u00e9 publique, par une \u00e9quipe ayant les comp\u00e9tences appropri\u00e9es \u00bb. Les registres des cancers constituent un dispositif indispensable \u00e0 [&hellip;]","og_url":"https:\/\/registre-tumeurs-29.fr\/Accueil\/les-registres-des-cancers-en-france\/","og_site_name":"REGISTRE DES TUMEURS DIGESTIVES DU FINISTERE","article_modified_time":"2025-09-29T10:06:49+00:00","og_image":[{"url":"https:\/\/registre-tumeurs-29.fr\/wp-content\/uploads\/2025\/09\/Capture-Carte-Registres-France.png","type":"","width":"","height":""}],"twitter_card":"summary_large_image","twitter_misc":{"Dur\u00e9e de lecture estim\u00e9e":"2 minutes"},"schema":{"@context":"https:\/\/schema.org","@graph":[{"@type":"WebPage","@id":"https:\/\/registre-tumeurs-29.fr\/Accueil\/les-registres-des-cancers-en-france\/","url":"https:\/\/registre-tumeurs-29.fr\/Accueil\/les-registres-des-cancers-en-france\/","name":"Les registres des cancers en France - REGISTRE DES TUMEURS DIGESTIVES DU FINISTERE","isPartOf":{"@id":"https:\/\/registre-tumeurs-29.fr\/Accueil\/#website"},"primaryImageOfPage":{"@id":"https:\/\/registre-tumeurs-29.fr\/Accueil\/les-registres-des-cancers-en-france\/#primaryimage"},"image":{"@id":"https:\/\/registre-tumeurs-29.fr\/Accueil\/les-registres-des-cancers-en-france\/#primaryimage"},"thumbnailUrl":"https:\/\/registre-tumeurs-29.fr\/wp-content\/uploads\/2025\/09\/Capture-Carte-Registres-France.png","datePublished":"2015-08-05T14:57:40+00:00","dateModified":"2025-09-29T10:06:49+00:00","breadcrumb":{"@id":"https:\/\/registre-tumeurs-29.fr\/Accueil\/les-registres-des-cancers-en-france\/#breadcrumb"},"inLanguage":"fr-FR","potentialAction":[{"@type":"ReadAction","target":["https:\/\/registre-tumeurs-29.fr\/Accueil\/les-registres-des-cancers-en-france\/"]}]},{"@type":"ImageObject","inLanguage":"fr-FR","@id":"https:\/\/registre-tumeurs-29.fr\/Accueil\/les-registres-des-cancers-en-france\/#primaryimage","url":"https:\/\/registre-tumeurs-29.fr\/wp-content\/uploads\/2025\/09\/Capture-Carte-Registres-France.png","contentUrl":"https:\/\/registre-tumeurs-29.fr\/wp-content\/uploads\/2025\/09\/Capture-Carte-Registres-France.png"},{"@type":"BreadcrumbList","@id":"https:\/\/registre-tumeurs-29.fr\/Accueil\/les-registres-des-cancers-en-france\/#breadcrumb","itemListElement":[{"@type":"ListItem","position":1,"name":"Accueil","item":"https:\/\/registre-tumeurs-29.fr\/Accueil\/"},{"@type":"ListItem","position":2,"name":"Les registres des cancers en France"}]},{"@type":"WebSite","@id":"https:\/\/registre-tumeurs-29.fr\/Accueil\/#website","url":"https:\/\/registre-tumeurs-29.fr\/Accueil\/","name":"REGISTRE DES TUMEURS DIGESTIVES DU FINISTERE","description":"Equipe d&#039;Accueil EA 7479 SPURBO - Soins Primaires, Sant\u00e9 Publique et Registre des cancers de Bretagne Occidentale","potentialAction":[{"@type":"SearchAction","target":{"@type":"EntryPoint","urlTemplate":"https:\/\/registre-tumeurs-29.fr\/Accueil\/?s={search_term_string}"},"query-input":{"@type":"PropertyValueSpecification","valueRequired":true,"valueName":"search_term_string"}}],"inLanguage":"fr-FR"}]}},"jetpack_sharing_enabled":true,"_links":{"self":[{"href":"https:\/\/registre-tumeurs-29.fr\/Accueil\/wp-json\/wp\/v2\/pages\/7","targetHints":{"allow":["GET"]}}],"collection":[{"href":"https:\/\/registre-tumeurs-29.fr\/Accueil\/wp-json\/wp\/v2\/pages"}],"about":[{"href":"https:\/\/registre-tumeurs-29.fr\/Accueil\/wp-json\/wp\/v2\/types\/page"}],"author":[{"embeddable":true,"href":"https:\/\/registre-tumeurs-29.fr\/Accueil\/wp-json\/wp\/v2\/users\/1"}],"replies":[{"embeddable":true,"href":"https:\/\/registre-tumeurs-29.fr\/Accueil\/wp-json\/wp\/v2\/comments?post=7"}],"version-history":[{"count":32,"href":"https:\/\/registre-tumeurs-29.fr\/Accueil\/wp-json\/wp\/v2\/pages\/7\/revisions"}],"predecessor-version":[{"id":2890,"href":"https:\/\/registre-tumeurs-29.fr\/Accueil\/wp-json\/wp\/v2\/pages\/7\/revisions\/2890"}],"wp:attachment":[{"href":"https:\/\/registre-tumeurs-29.fr\/Accueil\/wp-json\/wp\/v2\/media?parent=7"}],"curies":[{"name":"wp","href":"https:\/\/api.w.org\/{rel}","templated":true}]}}