{"id":66,"date":"2015-08-05T18:12:20","date_gmt":"2015-08-05T16:12:20","guid":{"rendered":"http:\/\/registre-tumeurs-29.fr\/?page_id=66"},"modified":"2024-06-25T10:01:51","modified_gmt":"2024-06-25T08:01:51","slug":"aspects-reglementaires","status":"publish","type":"page","link":"https:\/\/registre-tumeurs-29.fr\/Accueil\/informations-legales\/aspects-reglementaires\/","title":{"rendered":"Cadre r\u00e9glementaire"},"content":{"rendered":"<p style=\"text-align: justify;\">Conform\u00e9ment au\u00a0<strong>R\u00e8glement G\u00e9n\u00e9ral sur la Protection des Donn\u00e9es (RGPD)<\/strong>, le Registre est\u00a0<strong>autoris\u00e9 \u00e0 collecter des donn\u00e9es nominatives \u00e0 des fins de recherche et de Sant\u00e9 Publique.<\/strong>\u00a0Seules les donn\u00e9es totalement anonymes font l\u2019objet d\u2019analyses statistiques et de publication, ou sont adress\u00e9es \u00e0 d\u2019autres organismes de sant\u00e9 publique \u00e0 des fins de recherche et de comparaisons g\u00e9ographiques des cancers en France.<\/p>\n<p style=\"text-align: justify;\">Le registre est autoris\u00e9 par la Commission nationale de l\u2019informatique et des libert\u00e9s (CNIL) \u00e0 recevoir toute information nominative d\u2019ordre m\u00e9dical pour l\u2019enregistrement des donn\u00e9es\u00a0: <a href=\"https:\/\/registre-tumeurs-29.fr\/wp-content\/uploads\/2015\/08\/Autorisation-CNIL.pdf\">Autorisation n\u00b0908270 du 14 octobre 2008<\/a><\/p>\n<p style=\"text-align: justify;\">Il dispose d\u2019un <strong>avis favorable <\/strong>du Comit\u00e9 consultatif sur le traitement de l\u2019information en mati\u00e8re de recherche dans le domaine de la sant\u00e9 (CCTIRS) : <a href=\"https:\/\/registre-tumeurs-29.fr\/wp-content\/uploads\/2015\/08\/Avis-CCTIRS.pdf\">Avis en date du 15 mai 2008<\/a><\/p>\n","protected":false},"excerpt":{"rendered":"<p>Conform\u00e9ment au\u00a0R\u00e8glement G\u00e9n\u00e9ral sur la Protection des Donn\u00e9es (RGPD), le Registre est\u00a0autoris\u00e9 \u00e0 collecter des donn\u00e9es nominatives \u00e0 des fins de recherche et de Sant\u00e9 Publique.\u00a0Seules les donn\u00e9es totalement anonymes font l\u2019objet d\u2019analyses statistiques et de publication, ou sont adress\u00e9es \u00e0 d\u2019autres organismes de sant\u00e9 publique \u00e0 des fins de recherche et de comparaisons g\u00e9ographiques [&hellip;]<\/p>\n","protected":false},"author":1,"featured_media":0,"parent":109,"menu_order":1,"comment_status":"closed","ping_status":"open","template":"","meta":{"rop_custom_images_group":[],"rop_custom_messages_group":[],"rop_publish_now":"initial","rop_publish_now_accounts":[],"rop_publish_now_history":[],"rop_publish_now_status":"pending","_exactmetrics_skip_tracking":false,"_exactmetrics_sitenote_active":false,"_exactmetrics_sitenote_note":"","_exactmetrics_sitenote_category":0,"footnotes":""},"class_list":["post-66","page","type-page","status-publish","hentry"],"yoast_head":"<!-- This site is optimized with the Yoast SEO plugin v26.8 - https:\/\/yoast.com\/product\/yoast-seo-wordpress\/ -->\n<title>Cadre r\u00e9glementaire - REGISTRE DES TUMEURS DIGESTIVES DU FINISTERE<\/title>\n<meta name=\"robots\" content=\"index, follow, max-snippet:-1, max-image-preview:large, max-video-preview:-1\" \/>\n<link rel=\"canonical\" href=\"https:\/\/registre-tumeurs-29.fr\/Accueil\/informations-legales\/aspects-reglementaires\/\" \/>\n<meta property=\"og:locale\" content=\"fr_FR\" \/>\n<meta property=\"og:type\" content=\"article\" \/>\n<meta property=\"og:title\" content=\"Cadre r\u00e9glementaire - REGISTRE DES TUMEURS DIGESTIVES DU FINISTERE\" \/>\n<meta property=\"og:description\" content=\"Conform\u00e9ment au\u00a0R\u00e8glement G\u00e9n\u00e9ral sur la Protection des Donn\u00e9es (RGPD), le Registre est\u00a0autoris\u00e9 \u00e0 collecter des donn\u00e9es nominatives \u00e0 des fins de recherche et de Sant\u00e9 Publique.\u00a0Seules les donn\u00e9es totalement anonymes font l\u2019objet d\u2019analyses statistiques et de publication, ou sont adress\u00e9es \u00e0 d\u2019autres organismes de sant\u00e9 publique \u00e0 des fins de recherche et de comparaisons g\u00e9ographiques [&hellip;]\" \/>\n<meta property=\"og:url\" content=\"https:\/\/registre-tumeurs-29.fr\/Accueil\/informations-legales\/aspects-reglementaires\/\" \/>\n<meta property=\"og:site_name\" content=\"REGISTRE DES TUMEURS DIGESTIVES DU FINISTERE\" \/>\n<meta property=\"article:modified_time\" content=\"2024-06-25T08:01:51+00:00\" \/>\n<meta name=\"twitter:card\" content=\"summary_large_image\" \/>\n<meta name=\"twitter:label1\" content=\"Dur\u00e9e de lecture estim\u00e9e\" \/>\n\t<meta name=\"twitter:data1\" content=\"1 minute\" \/>\n<script type=\"application\/ld+json\" class=\"yoast-schema-graph\">{\"@context\":\"https:\/\/schema.org\",\"@graph\":[{\"@type\":\"WebPage\",\"@id\":\"https:\/\/registre-tumeurs-29.fr\/Accueil\/informations-legales\/aspects-reglementaires\/\",\"url\":\"https:\/\/registre-tumeurs-29.fr\/Accueil\/informations-legales\/aspects-reglementaires\/\",\"name\":\"Cadre r\u00e9glementaire - REGISTRE DES TUMEURS DIGESTIVES DU FINISTERE\",\"isPartOf\":{\"@id\":\"https:\/\/registre-tumeurs-29.fr\/Accueil\/#website\"},\"datePublished\":\"2015-08-05T16:12:20+00:00\",\"dateModified\":\"2024-06-25T08:01:51+00:00\",\"breadcrumb\":{\"@id\":\"https:\/\/registre-tumeurs-29.fr\/Accueil\/informations-legales\/aspects-reglementaires\/#breadcrumb\"},\"inLanguage\":\"fr-FR\",\"potentialAction\":[{\"@type\":\"ReadAction\",\"target\":[\"https:\/\/registre-tumeurs-29.fr\/Accueil\/informations-legales\/aspects-reglementaires\/\"]}]},{\"@type\":\"BreadcrumbList\",\"@id\":\"https:\/\/registre-tumeurs-29.fr\/Accueil\/informations-legales\/aspects-reglementaires\/#breadcrumb\",\"itemListElement\":[{\"@type\":\"ListItem\",\"position\":1,\"name\":\"Accueil\",\"item\":\"https:\/\/registre-tumeurs-29.fr\/Accueil\/\"},{\"@type\":\"ListItem\",\"position\":2,\"name\":\"Confidentialit\u00e9 et s\u00e9curit\u00e9\",\"item\":\"https:\/\/registre-tumeurs-29.fr\/Accueil\/informations-legales\/\"},{\"@type\":\"ListItem\",\"position\":3,\"name\":\"Cadre r\u00e9glementaire\"}]},{\"@type\":\"WebSite\",\"@id\":\"https:\/\/registre-tumeurs-29.fr\/Accueil\/#website\",\"url\":\"https:\/\/registre-tumeurs-29.fr\/Accueil\/\",\"name\":\"REGISTRE DES TUMEURS DIGESTIVES DU FINISTERE\",\"description\":\"Equipe d&#039;Accueil EA 7479 SPURBO - Soins Primaires, Sant\u00e9 Publique et Registre des cancers de Bretagne Occidentale\",\"potentialAction\":[{\"@type\":\"SearchAction\",\"target\":{\"@type\":\"EntryPoint\",\"urlTemplate\":\"https:\/\/registre-tumeurs-29.fr\/Accueil\/?s={search_term_string}\"},\"query-input\":{\"@type\":\"PropertyValueSpecification\",\"valueRequired\":true,\"valueName\":\"search_term_string\"}}],\"inLanguage\":\"fr-FR\"}]}<\/script>\n<!-- \/ Yoast SEO plugin. -->","yoast_head_json":{"title":"Cadre r\u00e9glementaire - REGISTRE DES TUMEURS DIGESTIVES DU FINISTERE","robots":{"index":"index","follow":"follow","max-snippet":"max-snippet:-1","max-image-preview":"max-image-preview:large","max-video-preview":"max-video-preview:-1"},"canonical":"https:\/\/registre-tumeurs-29.fr\/Accueil\/informations-legales\/aspects-reglementaires\/","og_locale":"fr_FR","og_type":"article","og_title":"Cadre r\u00e9glementaire - REGISTRE DES TUMEURS DIGESTIVES DU FINISTERE","og_description":"Conform\u00e9ment au\u00a0R\u00e8glement G\u00e9n\u00e9ral sur la Protection des Donn\u00e9es (RGPD), le Registre est\u00a0autoris\u00e9 \u00e0 collecter des donn\u00e9es nominatives \u00e0 des fins de recherche et de Sant\u00e9 Publique.\u00a0Seules les donn\u00e9es totalement anonymes font l\u2019objet d\u2019analyses statistiques et de publication, ou sont adress\u00e9es \u00e0 d\u2019autres organismes de sant\u00e9 publique \u00e0 des fins de recherche et de comparaisons g\u00e9ographiques [&hellip;]","og_url":"https:\/\/registre-tumeurs-29.fr\/Accueil\/informations-legales\/aspects-reglementaires\/","og_site_name":"REGISTRE DES TUMEURS DIGESTIVES DU FINISTERE","article_modified_time":"2024-06-25T08:01:51+00:00","twitter_card":"summary_large_image","twitter_misc":{"Dur\u00e9e de lecture estim\u00e9e":"1 minute"},"schema":{"@context":"https:\/\/schema.org","@graph":[{"@type":"WebPage","@id":"https:\/\/registre-tumeurs-29.fr\/Accueil\/informations-legales\/aspects-reglementaires\/","url":"https:\/\/registre-tumeurs-29.fr\/Accueil\/informations-legales\/aspects-reglementaires\/","name":"Cadre r\u00e9glementaire - REGISTRE DES TUMEURS DIGESTIVES DU FINISTERE","isPartOf":{"@id":"https:\/\/registre-tumeurs-29.fr\/Accueil\/#website"},"datePublished":"2015-08-05T16:12:20+00:00","dateModified":"2024-06-25T08:01:51+00:00","breadcrumb":{"@id":"https:\/\/registre-tumeurs-29.fr\/Accueil\/informations-legales\/aspects-reglementaires\/#breadcrumb"},"inLanguage":"fr-FR","potentialAction":[{"@type":"ReadAction","target":["https:\/\/registre-tumeurs-29.fr\/Accueil\/informations-legales\/aspects-reglementaires\/"]}]},{"@type":"BreadcrumbList","@id":"https:\/\/registre-tumeurs-29.fr\/Accueil\/informations-legales\/aspects-reglementaires\/#breadcrumb","itemListElement":[{"@type":"ListItem","position":1,"name":"Accueil","item":"https:\/\/registre-tumeurs-29.fr\/Accueil\/"},{"@type":"ListItem","position":2,"name":"Confidentialit\u00e9 et s\u00e9curit\u00e9","item":"https:\/\/registre-tumeurs-29.fr\/Accueil\/informations-legales\/"},{"@type":"ListItem","position":3,"name":"Cadre r\u00e9glementaire"}]},{"@type":"WebSite","@id":"https:\/\/registre-tumeurs-29.fr\/Accueil\/#website","url":"https:\/\/registre-tumeurs-29.fr\/Accueil\/","name":"REGISTRE DES TUMEURS DIGESTIVES DU FINISTERE","description":"Equipe d&#039;Accueil EA 7479 SPURBO - Soins Primaires, Sant\u00e9 Publique et Registre des cancers de Bretagne Occidentale","potentialAction":[{"@type":"SearchAction","target":{"@type":"EntryPoint","urlTemplate":"https:\/\/registre-tumeurs-29.fr\/Accueil\/?s={search_term_string}"},"query-input":{"@type":"PropertyValueSpecification","valueRequired":true,"valueName":"search_term_string"}}],"inLanguage":"fr-FR"}]}},"jetpack_sharing_enabled":true,"_links":{"self":[{"href":"https:\/\/registre-tumeurs-29.fr\/Accueil\/wp-json\/wp\/v2\/pages\/66","targetHints":{"allow":["GET"]}}],"collection":[{"href":"https:\/\/registre-tumeurs-29.fr\/Accueil\/wp-json\/wp\/v2\/pages"}],"about":[{"href":"https:\/\/registre-tumeurs-29.fr\/Accueil\/wp-json\/wp\/v2\/types\/page"}],"author":[{"embeddable":true,"href":"https:\/\/registre-tumeurs-29.fr\/Accueil\/wp-json\/wp\/v2\/users\/1"}],"replies":[{"embeddable":true,"href":"https:\/\/registre-tumeurs-29.fr\/Accueil\/wp-json\/wp\/v2\/comments?post=66"}],"version-history":[{"count":6,"href":"https:\/\/registre-tumeurs-29.fr\/Accueil\/wp-json\/wp\/v2\/pages\/66\/revisions"}],"predecessor-version":[{"id":2339,"href":"https:\/\/registre-tumeurs-29.fr\/Accueil\/wp-json\/wp\/v2\/pages\/66\/revisions\/2339"}],"up":[{"embeddable":true,"href":"https:\/\/registre-tumeurs-29.fr\/Accueil\/wp-json\/wp\/v2\/pages\/109"}],"wp:attachment":[{"href":"https:\/\/registre-tumeurs-29.fr\/Accueil\/wp-json\/wp\/v2\/media?parent=66"}],"curies":[{"name":"wp","href":"https:\/\/api.w.org\/{rel}","templated":true}]}}