{"id":551,"date":"2015-08-10T17:50:59","date_gmt":"2015-08-10T15:50:59","guid":{"rendered":"http:\/\/registre-tumeurs-29.fr\/accueil\/?page_id=551"},"modified":"2019-03-18T22:42:47","modified_gmt":"2019-03-18T21:42:47","slug":"autres-activites-du-registre","status":"publish","type":"page","link":"https:\/\/registre-tumeurs-29.fr\/Accueil\/travaux-et-resultats\/travaux-de-recherche\/autres-activites-du-registre\/","title":{"rendered":"Autres activit\u00e9s du Registre : Expertise"},"content":{"rendered":"<ul>\n<li>Les Pr Robaszkiewicz, Pr Nousbaum et M\u00e9lanie Cariou\u00a0 dispensent des cours sur le Registre ou l&rsquo;\u00e9pid\u00e9miologie des cancers digestifs.<\/li>\n<li>Ils jouent \u00e9galement un r\u00f4le d&rsquo;expertise pour\u00a0 le p\u00f4le sant\u00e9 publique et soins de l\u2019INCa (Relecture indicateurs de qualit\u00e9 et de s\u00e9curit\u00e9 des soins (IQSS) &#8211; Evaluation de la fiabilit\u00e9 des indicateurs de qualit\u00e9 et de s\u00e9curit\u00e9 des soins sp\u00e9cifiques au cancer colorectal et issus des bases de donn\u00e9es m\u00e9dico-administratives).<\/li>\n<li>Le Registre\u00a0 joue un r\u00f4le d\u2019expertise au niveau de groupes FRANCIM :\n<ul>\n<li>des Cancers d&rsquo;intervalle des cancers colorectaux (SG-RC-KI)<\/li>\n<li>de la Gestion Electronique de Documents (GED)<\/li>\n<li>du R\u00e9glement G\u00e9n\u00e9ral de la Protection des Donn\u00e9es (RGPD)<\/li>\n<\/ul>\n<\/li>\n<li>Au niveau national, le Registre participe \u00e0 la formation Techniques de Surveillance Epid\u00e9miologique d&rsquo;Enregistrement et de Codage des Cancers (TSEECC) concernant la partie digestive aupr\u00e8s de Patricia Delafosse (responsable qualit\u00e9 FRANCIM) qui dirige la formation.<\/li>\n<\/ul>\n","protected":false},"excerpt":{"rendered":"<p>Les Pr Robaszkiewicz, Pr Nousbaum et M\u00e9lanie Cariou\u00a0 dispensent des cours sur le Registre ou l&rsquo;\u00e9pid\u00e9miologie des cancers digestifs. Ils jouent \u00e9galement un r\u00f4le d&rsquo;expertise pour\u00a0 le p\u00f4le sant\u00e9 publique et soins de l\u2019INCa (Relecture indicateurs de qualit\u00e9 et de s\u00e9curit\u00e9 des soins (IQSS) &#8211; Evaluation de la fiabilit\u00e9 des indicateurs de qualit\u00e9 et de [&hellip;]<\/p>\n","protected":false},"author":1,"featured_media":0,"parent":83,"menu_order":3,"comment_status":"closed","ping_status":"open","template":"","meta":{"rop_custom_images_group":[],"rop_custom_messages_group":[],"rop_publish_now":"initial","rop_publish_now_accounts":[],"rop_publish_now_history":[],"rop_publish_now_status":"pending","_exactmetrics_skip_tracking":false,"_exactmetrics_sitenote_active":false,"_exactmetrics_sitenote_note":"","_exactmetrics_sitenote_category":0,"footnotes":""},"class_list":["post-551","page","type-page","status-publish","hentry"],"yoast_head":"<!-- This site is optimized with the Yoast SEO plugin v26.8 - https:\/\/yoast.com\/product\/yoast-seo-wordpress\/ -->\n<title>Autres activit\u00e9s du Registre : Expertise - REGISTRE DES TUMEURS DIGESTIVES DU FINISTERE<\/title>\n<meta name=\"robots\" content=\"index, follow, max-snippet:-1, max-image-preview:large, max-video-preview:-1\" \/>\n<link rel=\"canonical\" href=\"https:\/\/registre-tumeurs-29.fr\/Accueil\/travaux-et-resultats\/travaux-de-recherche\/autres-activites-du-registre\/\" \/>\n<meta property=\"og:locale\" content=\"fr_FR\" \/>\n<meta property=\"og:type\" content=\"article\" \/>\n<meta property=\"og:title\" content=\"Autres activit\u00e9s du Registre : Expertise - REGISTRE DES TUMEURS DIGESTIVES DU FINISTERE\" \/>\n<meta property=\"og:description\" content=\"Les Pr Robaszkiewicz, Pr Nousbaum et M\u00e9lanie Cariou\u00a0 dispensent des cours sur le Registre ou l&rsquo;\u00e9pid\u00e9miologie des cancers digestifs. Ils jouent \u00e9galement un r\u00f4le d&rsquo;expertise pour\u00a0 le p\u00f4le sant\u00e9 publique et soins de l\u2019INCa (Relecture indicateurs de qualit\u00e9 et de s\u00e9curit\u00e9 des soins (IQSS) &#8211; Evaluation de la fiabilit\u00e9 des indicateurs de qualit\u00e9 et de [&hellip;]\" \/>\n<meta property=\"og:url\" content=\"https:\/\/registre-tumeurs-29.fr\/Accueil\/travaux-et-resultats\/travaux-de-recherche\/autres-activites-du-registre\/\" \/>\n<meta property=\"og:site_name\" content=\"REGISTRE DES TUMEURS DIGESTIVES DU FINISTERE\" \/>\n<meta property=\"article:modified_time\" content=\"2019-03-18T21:42:47+00:00\" \/>\n<meta name=\"twitter:card\" content=\"summary_large_image\" \/>\n<meta name=\"twitter:label1\" content=\"Dur\u00e9e de lecture estim\u00e9e\" \/>\n\t<meta name=\"twitter:data1\" content=\"1 minute\" \/>\n<script type=\"application\/ld+json\" class=\"yoast-schema-graph\">{\"@context\":\"https:\/\/schema.org\",\"@graph\":[{\"@type\":\"WebPage\",\"@id\":\"https:\/\/registre-tumeurs-29.fr\/Accueil\/travaux-et-resultats\/travaux-de-recherche\/autres-activites-du-registre\/\",\"url\":\"https:\/\/registre-tumeurs-29.fr\/Accueil\/travaux-et-resultats\/travaux-de-recherche\/autres-activites-du-registre\/\",\"name\":\"Autres activit\u00e9s du Registre : Expertise - REGISTRE DES TUMEURS DIGESTIVES DU FINISTERE\",\"isPartOf\":{\"@id\":\"https:\/\/registre-tumeurs-29.fr\/Accueil\/#website\"},\"datePublished\":\"2015-08-10T15:50:59+00:00\",\"dateModified\":\"2019-03-18T21:42:47+00:00\",\"breadcrumb\":{\"@id\":\"https:\/\/registre-tumeurs-29.fr\/Accueil\/travaux-et-resultats\/travaux-de-recherche\/autres-activites-du-registre\/#breadcrumb\"},\"inLanguage\":\"fr-FR\",\"potentialAction\":[{\"@type\":\"ReadAction\",\"target\":[\"https:\/\/registre-tumeurs-29.fr\/Accueil\/travaux-et-resultats\/travaux-de-recherche\/autres-activites-du-registre\/\"]}]},{\"@type\":\"BreadcrumbList\",\"@id\":\"https:\/\/registre-tumeurs-29.fr\/Accueil\/travaux-et-resultats\/travaux-de-recherche\/autres-activites-du-registre\/#breadcrumb\",\"itemListElement\":[{\"@type\":\"ListItem\",\"position\":1,\"name\":\"Accueil\",\"item\":\"https:\/\/registre-tumeurs-29.fr\/Accueil\/\"},{\"@type\":\"ListItem\",\"position\":2,\"name\":\"Publications et communications\",\"item\":\"https:\/\/registre-tumeurs-29.fr\/Accueil\/travaux-et-resultats\/\"},{\"@type\":\"ListItem\",\"position\":3,\"name\":\"Publications et communications\",\"item\":\"https:\/\/registre-tumeurs-29.fr\/Accueil\/travaux-et-resultats\/travaux-de-recherche\/\"},{\"@type\":\"ListItem\",\"position\":4,\"name\":\"Autres activit\u00e9s du Registre : Expertise\"}]},{\"@type\":\"WebSite\",\"@id\":\"https:\/\/registre-tumeurs-29.fr\/Accueil\/#website\",\"url\":\"https:\/\/registre-tumeurs-29.fr\/Accueil\/\",\"name\":\"REGISTRE DES TUMEURS DIGESTIVES DU FINISTERE\",\"description\":\"Equipe d&#039;Accueil EA 7479 SPURBO - Soins Primaires, Sant\u00e9 Publique et Registre des cancers de Bretagne Occidentale\",\"potentialAction\":[{\"@type\":\"SearchAction\",\"target\":{\"@type\":\"EntryPoint\",\"urlTemplate\":\"https:\/\/registre-tumeurs-29.fr\/Accueil\/?s={search_term_string}\"},\"query-input\":{\"@type\":\"PropertyValueSpecification\",\"valueRequired\":true,\"valueName\":\"search_term_string\"}}],\"inLanguage\":\"fr-FR\"}]}<\/script>\n<!-- \/ Yoast SEO plugin. -->","yoast_head_json":{"title":"Autres activit\u00e9s du Registre : Expertise - REGISTRE DES TUMEURS DIGESTIVES DU FINISTERE","robots":{"index":"index","follow":"follow","max-snippet":"max-snippet:-1","max-image-preview":"max-image-preview:large","max-video-preview":"max-video-preview:-1"},"canonical":"https:\/\/registre-tumeurs-29.fr\/Accueil\/travaux-et-resultats\/travaux-de-recherche\/autres-activites-du-registre\/","og_locale":"fr_FR","og_type":"article","og_title":"Autres activit\u00e9s du Registre : Expertise - REGISTRE DES TUMEURS DIGESTIVES DU FINISTERE","og_description":"Les Pr Robaszkiewicz, Pr Nousbaum et M\u00e9lanie Cariou\u00a0 dispensent des cours sur le Registre ou l&rsquo;\u00e9pid\u00e9miologie des cancers digestifs. Ils jouent \u00e9galement un r\u00f4le d&rsquo;expertise pour\u00a0 le p\u00f4le sant\u00e9 publique et soins de l\u2019INCa (Relecture indicateurs de qualit\u00e9 et de s\u00e9curit\u00e9 des soins (IQSS) &#8211; Evaluation de la fiabilit\u00e9 des indicateurs de qualit\u00e9 et de [&hellip;]","og_url":"https:\/\/registre-tumeurs-29.fr\/Accueil\/travaux-et-resultats\/travaux-de-recherche\/autres-activites-du-registre\/","og_site_name":"REGISTRE DES TUMEURS DIGESTIVES DU FINISTERE","article_modified_time":"2019-03-18T21:42:47+00:00","twitter_card":"summary_large_image","twitter_misc":{"Dur\u00e9e de lecture estim\u00e9e":"1 minute"},"schema":{"@context":"https:\/\/schema.org","@graph":[{"@type":"WebPage","@id":"https:\/\/registre-tumeurs-29.fr\/Accueil\/travaux-et-resultats\/travaux-de-recherche\/autres-activites-du-registre\/","url":"https:\/\/registre-tumeurs-29.fr\/Accueil\/travaux-et-resultats\/travaux-de-recherche\/autres-activites-du-registre\/","name":"Autres activit\u00e9s du Registre : Expertise - REGISTRE DES TUMEURS DIGESTIVES DU FINISTERE","isPartOf":{"@id":"https:\/\/registre-tumeurs-29.fr\/Accueil\/#website"},"datePublished":"2015-08-10T15:50:59+00:00","dateModified":"2019-03-18T21:42:47+00:00","breadcrumb":{"@id":"https:\/\/registre-tumeurs-29.fr\/Accueil\/travaux-et-resultats\/travaux-de-recherche\/autres-activites-du-registre\/#breadcrumb"},"inLanguage":"fr-FR","potentialAction":[{"@type":"ReadAction","target":["https:\/\/registre-tumeurs-29.fr\/Accueil\/travaux-et-resultats\/travaux-de-recherche\/autres-activites-du-registre\/"]}]},{"@type":"BreadcrumbList","@id":"https:\/\/registre-tumeurs-29.fr\/Accueil\/travaux-et-resultats\/travaux-de-recherche\/autres-activites-du-registre\/#breadcrumb","itemListElement":[{"@type":"ListItem","position":1,"name":"Accueil","item":"https:\/\/registre-tumeurs-29.fr\/Accueil\/"},{"@type":"ListItem","position":2,"name":"Publications et communications","item":"https:\/\/registre-tumeurs-29.fr\/Accueil\/travaux-et-resultats\/"},{"@type":"ListItem","position":3,"name":"Publications et communications","item":"https:\/\/registre-tumeurs-29.fr\/Accueil\/travaux-et-resultats\/travaux-de-recherche\/"},{"@type":"ListItem","position":4,"name":"Autres activit\u00e9s du Registre : Expertise"}]},{"@type":"WebSite","@id":"https:\/\/registre-tumeurs-29.fr\/Accueil\/#website","url":"https:\/\/registre-tumeurs-29.fr\/Accueil\/","name":"REGISTRE DES TUMEURS DIGESTIVES DU FINISTERE","description":"Equipe d&#039;Accueil EA 7479 SPURBO - Soins Primaires, Sant\u00e9 Publique et Registre des cancers de Bretagne Occidentale","potentialAction":[{"@type":"SearchAction","target":{"@type":"EntryPoint","urlTemplate":"https:\/\/registre-tumeurs-29.fr\/Accueil\/?s={search_term_string}"},"query-input":{"@type":"PropertyValueSpecification","valueRequired":true,"valueName":"search_term_string"}}],"inLanguage":"fr-FR"}]}},"jetpack_sharing_enabled":true,"_links":{"self":[{"href":"https:\/\/registre-tumeurs-29.fr\/Accueil\/wp-json\/wp\/v2\/pages\/551","targetHints":{"allow":["GET"]}}],"collection":[{"href":"https:\/\/registre-tumeurs-29.fr\/Accueil\/wp-json\/wp\/v2\/pages"}],"about":[{"href":"https:\/\/registre-tumeurs-29.fr\/Accueil\/wp-json\/wp\/v2\/types\/page"}],"author":[{"embeddable":true,"href":"https:\/\/registre-tumeurs-29.fr\/Accueil\/wp-json\/wp\/v2\/users\/1"}],"replies":[{"embeddable":true,"href":"https:\/\/registre-tumeurs-29.fr\/Accueil\/wp-json\/wp\/v2\/comments?post=551"}],"version-history":[{"count":5,"href":"https:\/\/registre-tumeurs-29.fr\/Accueil\/wp-json\/wp\/v2\/pages\/551\/revisions"}],"predecessor-version":[{"id":1829,"href":"https:\/\/registre-tumeurs-29.fr\/Accueil\/wp-json\/wp\/v2\/pages\/551\/revisions\/1829"}],"up":[{"embeddable":true,"href":"https:\/\/registre-tumeurs-29.fr\/Accueil\/wp-json\/wp\/v2\/pages\/83"}],"wp:attachment":[{"href":"https:\/\/registre-tumeurs-29.fr\/Accueil\/wp-json\/wp\/v2\/media?parent=551"}],"curies":[{"name":"wp","href":"https:\/\/api.w.org\/{rel}","templated":true}]}}