{"id":49,"date":"2015-08-05T18:04:58","date_gmt":"2015-08-05T16:04:58","guid":{"rendered":"http:\/\/registre-tumeurs-29.fr\/?page_id=49"},"modified":"2025-09-11T15:14:24","modified_gmt":"2025-09-11T13:14:24","slug":"financements-et-partenariats","status":"publish","type":"page","link":"https:\/\/registre-tumeurs-29.fr\/Accueil\/informations-legales\/le-registre-des-tumeurs-digestives-du-finistere\/financements-et-partenariats\/","title":{"rendered":"Financements et partenariats"},"content":{"rendered":"<p style=\"text-align: justify;\"><strong>Ressources<\/strong><\/p>\n<p style=\"text-align: justify;\">Le budget de fonctionnement du registre permet d&rsquo;assurer le recueil, la saisie et l&rsquo;exploitation en routine de l&rsquo;information sur les cancers incidents. Il est essentiel car il garantit la qualit\u00e9 et l&rsquo;exhaustivit\u00e9 des donn\u00e9es recueillies pr\u00e9alablement\u00a0\u00e0 leur exploitation et \u00e0 la r\u00e9alisation d&rsquo;\u00e9tudes compl\u00e9mentaires.\u00a0Pour les \u00e9tudes sp\u00e9cifiques, des demandes de subvention compl\u00e9mentaires sont n\u00e9cessaires.<\/p>\n<p style=\"text-align: justify;\">Nous remercions les\u00a0organismes financeurs suivants\u00a0:<\/p>\n<ul style=\"text-align: justify;\">\n<li>Nationaux :\n<ul>\n<li><a href=\"http:\/\/www.e-cancer.fr\/\" target=\"_blank\" rel=\"noopener noreferrer\">Institut National du Cancer (INCa)<\/a><\/li>\n<li><a href=\"http:\/\/invs.santepubliquefrance.fr\" target=\"_blank\" rel=\"noopener noreferrer\">Sant\u00e9 Publique France<\/a><\/li>\n<\/ul>\n<\/li>\n<\/ul>\n<ul style=\"text-align: justify;\">\n<li>R\u00e9gionaux :\n<ul>\n<li><a href=\"http:\/\/www.ars.bretagne.sante.fr\/Internet.bretagne.0.html\" target=\"_blank\" rel=\"noopener noreferrer\">Agence R\u00e9gionale de Sant\u00e9 (ARS) de Bretagne<\/a><\/li>\n<li><a href=\"http:\/\/www.ligue-cancer29.fr\/\" target=\"_blank\" rel=\"noopener noreferrer\">Comit\u00e9 d\u00e9partemental de la Ligue Contre le Cancer\u00a0du Finist\u00e8re<\/a><\/li>\n<\/ul>\n<\/li>\n<\/ul>\n<p class=\"rtejustify\" style=\"text-align: justify;\"><strong>Partenaires<\/strong> :<\/p>\n<p class=\"rtejustify\" style=\"text-align: justify;\">Nous remercions l&rsquo;ensemble de nos partenaires publics et priv\u00e9s qui contribuent de fa\u00e7on essentielle au fonctionnement du registre, par la transmission d&rsquo;informations\u00a0:<\/p>\n<ul style=\"text-align: justify;\">\n<li style=\"list-style-type: none;\">\n<ul>\n<li class=\"rtejustify\">Les laboratoires d&rsquo;anatomie pathologique,<\/li>\n<\/ul>\n<\/li>\n<\/ul>\n<ul style=\"text-align: justify;\">\n<li style=\"list-style-type: none;\">\n<ul>\n<li class=\"rtejustify\">Les \u00e9tablissements de soins et notamment les m\u00e9decins des DIM,<\/li>\n<\/ul>\n<\/li>\n<\/ul>\n<ul style=\"text-align: justify;\">\n<li style=\"list-style-type: none;\">\n<ul>\n<li class=\"rtejustify\">L&rsquo; Assurance Maladie,<\/li>\n<\/ul>\n<\/li>\n<\/ul>\n<ul style=\"text-align: justify;\">\n<li style=\"list-style-type: none;\">\n<ul>\n<li class=\"rtejustify\">L&rsquo;antenne d\u00e9partementale du CRCDC, ex ADEC 29,<\/li>\n<\/ul>\n<\/li>\n<\/ul>\n<ul style=\"text-align: justify;\">\n<li style=\"list-style-type: none;\">\n<ul>\n<li class=\"rtejustify\">Le r\u00e9seau r\u00e9gional de canc\u00e9rologie <a href=\"http:\/\/www.oncobretagne.fr\" target=\"_blank\" rel=\"noopener noreferrer\">Oncobretagne<\/a>,<\/li>\n<\/ul>\n<\/li>\n<\/ul>\n<ul style=\"text-align: justify;\">\n<li style=\"list-style-type: none;\">\n<ul>\n<li class=\"rtejustify\">Les r\u00e9seaux territoriaux de canc\u00e9rologie :\u00a0<a href=\"http:\/\/www.appuisantecornouaille.fr\/\" target=\"_blank\" rel=\"noopener noreferrer\">Appui Sant\u00e9 en Cornouaille<\/a>, <a href=\"http:\/\/projet-t3.fr\/\" target=\"_blank\" rel=\"noopener noreferrer\">Cap Autonomie Sant\u00e9,\u00a0<\/a> <a href=\"https:\/\/www.appuisante.fr\/\" target=\"_blank\" rel=\"noopener noreferrer\">Appui Sant\u00e9 Nord Finist\u00e8re<\/a><\/li>\n<\/ul>\n<\/li>\n<\/ul>\n<ul style=\"text-align: justify;\">\n<li class=\"rtejustify\">Tous les m\u00e9decins sollicit\u00e9s ponctuellement ou r\u00e9guli\u00e8rement.<\/li>\n<\/ul>\n<p style=\"text-align: justify;\"><img loading=\"lazy\" decoding=\"async\" class=\"alignnone wp-image-2049 size-full\" src=\"https:\/\/registre-tumeurs-29.fr\/wp-content\/uploads\/2021\/11\/Partenaires-RTDF.png\" alt=\"\" width=\"792\" height=\"501\" srcset=\"https:\/\/registre-tumeurs-29.fr\/wp-content\/uploads\/2021\/11\/Partenaires-RTDF.png 792w, https:\/\/registre-tumeurs-29.fr\/wp-content\/uploads\/2021\/11\/Partenaires-RTDF-300x190.png 300w, https:\/\/registre-tumeurs-29.fr\/wp-content\/uploads\/2021\/11\/Partenaires-RTDF-768x486.png 768w, https:\/\/registre-tumeurs-29.fr\/wp-content\/uploads\/2021\/11\/Partenaires-RTDF-624x395.png 624w\" sizes=\"auto, (max-width: 792px) 100vw, 792px\" \/><\/p>\n","protected":false},"excerpt":{"rendered":"<p>Ressources Le budget de fonctionnement du registre permet d&rsquo;assurer le recueil, la saisie et l&rsquo;exploitation en routine de l&rsquo;information sur les cancers incidents. Il est essentiel car il garantit la qualit\u00e9 et l&rsquo;exhaustivit\u00e9 des donn\u00e9es recueillies pr\u00e9alablement\u00a0\u00e0 leur exploitation et \u00e0 la r\u00e9alisation d&rsquo;\u00e9tudes compl\u00e9mentaires.\u00a0Pour les \u00e9tudes sp\u00e9cifiques, des demandes de subvention compl\u00e9mentaires sont n\u00e9cessaires. [&hellip;]<\/p>\n","protected":false},"author":1,"featured_media":0,"parent":32,"menu_order":5,"comment_status":"closed","ping_status":"open","template":"page-templates\/full-width.php","meta":{"rop_custom_images_group":[],"rop_custom_messages_group":[],"rop_publish_now":"initial","rop_publish_now_accounts":[],"rop_publish_now_history":[],"rop_publish_now_status":"pending","_exactmetrics_skip_tracking":false,"_exactmetrics_sitenote_active":false,"_exactmetrics_sitenote_note":"","_exactmetrics_sitenote_category":0,"footnotes":""},"class_list":["post-49","page","type-page","status-publish","hentry"],"yoast_head":"<!-- This site is optimized with the Yoast SEO plugin v26.8 - https:\/\/yoast.com\/product\/yoast-seo-wordpress\/ -->\n<title>Financements et partenariats - REGISTRE DES TUMEURS DIGESTIVES DU FINISTERE<\/title>\n<meta name=\"robots\" content=\"index, follow, max-snippet:-1, max-image-preview:large, max-video-preview:-1\" \/>\n<link rel=\"canonical\" href=\"https:\/\/registre-tumeurs-29.fr\/Accueil\/informations-legales\/le-registre-des-tumeurs-digestives-du-finistere\/financements-et-partenariats\/\" \/>\n<meta property=\"og:locale\" content=\"fr_FR\" \/>\n<meta property=\"og:type\" content=\"article\" \/>\n<meta property=\"og:title\" content=\"Financements et partenariats - REGISTRE DES TUMEURS DIGESTIVES DU FINISTERE\" \/>\n<meta property=\"og:description\" content=\"Ressources Le budget de fonctionnement du registre permet d&rsquo;assurer le recueil, la saisie et l&rsquo;exploitation en routine de l&rsquo;information sur les cancers incidents. Il est essentiel car il garantit la qualit\u00e9 et l&rsquo;exhaustivit\u00e9 des donn\u00e9es recueillies pr\u00e9alablement\u00a0\u00e0 leur exploitation et \u00e0 la r\u00e9alisation d&rsquo;\u00e9tudes compl\u00e9mentaires.\u00a0Pour les \u00e9tudes sp\u00e9cifiques, des demandes de subvention compl\u00e9mentaires sont n\u00e9cessaires. [&hellip;]\" \/>\n<meta property=\"og:url\" content=\"https:\/\/registre-tumeurs-29.fr\/Accueil\/informations-legales\/le-registre-des-tumeurs-digestives-du-finistere\/financements-et-partenariats\/\" \/>\n<meta property=\"og:site_name\" content=\"REGISTRE DES TUMEURS DIGESTIVES DU FINISTERE\" \/>\n<meta property=\"article:modified_time\" content=\"2025-09-11T13:14:24+00:00\" \/>\n<meta property=\"og:image\" content=\"https:\/\/registre-tumeurs-29.fr\/wp-content\/uploads\/2021\/11\/Partenaires-RTDF.png\" \/>\n\t<meta property=\"og:image:width\" content=\"792\" \/>\n\t<meta property=\"og:image:height\" content=\"501\" \/>\n\t<meta property=\"og:image:type\" content=\"image\/png\" \/>\n<meta name=\"twitter:card\" content=\"summary_large_image\" \/>\n<meta name=\"twitter:label1\" content=\"Dur\u00e9e de lecture estim\u00e9e\" \/>\n\t<meta name=\"twitter:data1\" content=\"2 minutes\" \/>\n<script type=\"application\/ld+json\" class=\"yoast-schema-graph\">{\"@context\":\"https:\/\/schema.org\",\"@graph\":[{\"@type\":\"WebPage\",\"@id\":\"https:\/\/registre-tumeurs-29.fr\/Accueil\/informations-legales\/le-registre-des-tumeurs-digestives-du-finistere\/financements-et-partenariats\/\",\"url\":\"https:\/\/registre-tumeurs-29.fr\/Accueil\/informations-legales\/le-registre-des-tumeurs-digestives-du-finistere\/financements-et-partenariats\/\",\"name\":\"Financements et partenariats - REGISTRE DES TUMEURS DIGESTIVES DU FINISTERE\",\"isPartOf\":{\"@id\":\"https:\/\/registre-tumeurs-29.fr\/Accueil\/#website\"},\"primaryImageOfPage\":{\"@id\":\"https:\/\/registre-tumeurs-29.fr\/Accueil\/informations-legales\/le-registre-des-tumeurs-digestives-du-finistere\/financements-et-partenariats\/#primaryimage\"},\"image\":{\"@id\":\"https:\/\/registre-tumeurs-29.fr\/Accueil\/informations-legales\/le-registre-des-tumeurs-digestives-du-finistere\/financements-et-partenariats\/#primaryimage\"},\"thumbnailUrl\":\"https:\/\/registre-tumeurs-29.fr\/wp-content\/uploads\/2021\/11\/Partenaires-RTDF.png\",\"datePublished\":\"2015-08-05T16:04:58+00:00\",\"dateModified\":\"2025-09-11T13:14:24+00:00\",\"breadcrumb\":{\"@id\":\"https:\/\/registre-tumeurs-29.fr\/Accueil\/informations-legales\/le-registre-des-tumeurs-digestives-du-finistere\/financements-et-partenariats\/#breadcrumb\"},\"inLanguage\":\"fr-FR\",\"potentialAction\":[{\"@type\":\"ReadAction\",\"target\":[\"https:\/\/registre-tumeurs-29.fr\/Accueil\/informations-legales\/le-registre-des-tumeurs-digestives-du-finistere\/financements-et-partenariats\/\"]}]},{\"@type\":\"ImageObject\",\"inLanguage\":\"fr-FR\",\"@id\":\"https:\/\/registre-tumeurs-29.fr\/Accueil\/informations-legales\/le-registre-des-tumeurs-digestives-du-finistere\/financements-et-partenariats\/#primaryimage\",\"url\":\"https:\/\/registre-tumeurs-29.fr\/wp-content\/uploads\/2021\/11\/Partenaires-RTDF.png\",\"contentUrl\":\"https:\/\/registre-tumeurs-29.fr\/wp-content\/uploads\/2021\/11\/Partenaires-RTDF.png\"},{\"@type\":\"BreadcrumbList\",\"@id\":\"https:\/\/registre-tumeurs-29.fr\/Accueil\/informations-legales\/le-registre-des-tumeurs-digestives-du-finistere\/financements-et-partenariats\/#breadcrumb\",\"itemListElement\":[{\"@type\":\"ListItem\",\"position\":1,\"name\":\"Accueil\",\"item\":\"https:\/\/registre-tumeurs-29.fr\/Accueil\/\"},{\"@type\":\"ListItem\",\"position\":2,\"name\":\"Confidentialit\u00e9 et s\u00e9curit\u00e9\",\"item\":\"https:\/\/registre-tumeurs-29.fr\/Accueil\/informations-legales\/\"},{\"@type\":\"ListItem\",\"position\":3,\"name\":\"Le Registre du Finist\u00e8re\",\"item\":\"https:\/\/registre-tumeurs-29.fr\/Accueil\/informations-legales\/le-registre-des-tumeurs-digestives-du-finistere\/\"},{\"@type\":\"ListItem\",\"position\":4,\"name\":\"Financements et partenariats\"}]},{\"@type\":\"WebSite\",\"@id\":\"https:\/\/registre-tumeurs-29.fr\/Accueil\/#website\",\"url\":\"https:\/\/registre-tumeurs-29.fr\/Accueil\/\",\"name\":\"REGISTRE DES TUMEURS DIGESTIVES DU FINISTERE\",\"description\":\"Equipe d&#039;Accueil EA 7479 SPURBO - Soins Primaires, Sant\u00e9 Publique et Registre des cancers de Bretagne Occidentale\",\"potentialAction\":[{\"@type\":\"SearchAction\",\"target\":{\"@type\":\"EntryPoint\",\"urlTemplate\":\"https:\/\/registre-tumeurs-29.fr\/Accueil\/?s={search_term_string}\"},\"query-input\":{\"@type\":\"PropertyValueSpecification\",\"valueRequired\":true,\"valueName\":\"search_term_string\"}}],\"inLanguage\":\"fr-FR\"}]}<\/script>\n<!-- \/ Yoast SEO plugin. -->","yoast_head_json":{"title":"Financements et partenariats - REGISTRE DES TUMEURS DIGESTIVES DU FINISTERE","robots":{"index":"index","follow":"follow","max-snippet":"max-snippet:-1","max-image-preview":"max-image-preview:large","max-video-preview":"max-video-preview:-1"},"canonical":"https:\/\/registre-tumeurs-29.fr\/Accueil\/informations-legales\/le-registre-des-tumeurs-digestives-du-finistere\/financements-et-partenariats\/","og_locale":"fr_FR","og_type":"article","og_title":"Financements et partenariats - REGISTRE DES TUMEURS DIGESTIVES DU FINISTERE","og_description":"Ressources Le budget de fonctionnement du registre permet d&rsquo;assurer le recueil, la saisie et l&rsquo;exploitation en routine de l&rsquo;information sur les cancers incidents. Il est essentiel car il garantit la qualit\u00e9 et l&rsquo;exhaustivit\u00e9 des donn\u00e9es recueillies pr\u00e9alablement\u00a0\u00e0 leur exploitation et \u00e0 la r\u00e9alisation d&rsquo;\u00e9tudes compl\u00e9mentaires.\u00a0Pour les \u00e9tudes sp\u00e9cifiques, des demandes de subvention compl\u00e9mentaires sont n\u00e9cessaires. [&hellip;]","og_url":"https:\/\/registre-tumeurs-29.fr\/Accueil\/informations-legales\/le-registre-des-tumeurs-digestives-du-finistere\/financements-et-partenariats\/","og_site_name":"REGISTRE DES TUMEURS DIGESTIVES DU FINISTERE","article_modified_time":"2025-09-11T13:14:24+00:00","og_image":[{"width":792,"height":501,"url":"https:\/\/registre-tumeurs-29.fr\/wp-content\/uploads\/2021\/11\/Partenaires-RTDF.png","type":"image\/png"}],"twitter_card":"summary_large_image","twitter_misc":{"Dur\u00e9e de lecture estim\u00e9e":"2 minutes"},"schema":{"@context":"https:\/\/schema.org","@graph":[{"@type":"WebPage","@id":"https:\/\/registre-tumeurs-29.fr\/Accueil\/informations-legales\/le-registre-des-tumeurs-digestives-du-finistere\/financements-et-partenariats\/","url":"https:\/\/registre-tumeurs-29.fr\/Accueil\/informations-legales\/le-registre-des-tumeurs-digestives-du-finistere\/financements-et-partenariats\/","name":"Financements et partenariats - REGISTRE DES TUMEURS DIGESTIVES DU FINISTERE","isPartOf":{"@id":"https:\/\/registre-tumeurs-29.fr\/Accueil\/#website"},"primaryImageOfPage":{"@id":"https:\/\/registre-tumeurs-29.fr\/Accueil\/informations-legales\/le-registre-des-tumeurs-digestives-du-finistere\/financements-et-partenariats\/#primaryimage"},"image":{"@id":"https:\/\/registre-tumeurs-29.fr\/Accueil\/informations-legales\/le-registre-des-tumeurs-digestives-du-finistere\/financements-et-partenariats\/#primaryimage"},"thumbnailUrl":"https:\/\/registre-tumeurs-29.fr\/wp-content\/uploads\/2021\/11\/Partenaires-RTDF.png","datePublished":"2015-08-05T16:04:58+00:00","dateModified":"2025-09-11T13:14:24+00:00","breadcrumb":{"@id":"https:\/\/registre-tumeurs-29.fr\/Accueil\/informations-legales\/le-registre-des-tumeurs-digestives-du-finistere\/financements-et-partenariats\/#breadcrumb"},"inLanguage":"fr-FR","potentialAction":[{"@type":"ReadAction","target":["https:\/\/registre-tumeurs-29.fr\/Accueil\/informations-legales\/le-registre-des-tumeurs-digestives-du-finistere\/financements-et-partenariats\/"]}]},{"@type":"ImageObject","inLanguage":"fr-FR","@id":"https:\/\/registre-tumeurs-29.fr\/Accueil\/informations-legales\/le-registre-des-tumeurs-digestives-du-finistere\/financements-et-partenariats\/#primaryimage","url":"https:\/\/registre-tumeurs-29.fr\/wp-content\/uploads\/2021\/11\/Partenaires-RTDF.png","contentUrl":"https:\/\/registre-tumeurs-29.fr\/wp-content\/uploads\/2021\/11\/Partenaires-RTDF.png"},{"@type":"BreadcrumbList","@id":"https:\/\/registre-tumeurs-29.fr\/Accueil\/informations-legales\/le-registre-des-tumeurs-digestives-du-finistere\/financements-et-partenariats\/#breadcrumb","itemListElement":[{"@type":"ListItem","position":1,"name":"Accueil","item":"https:\/\/registre-tumeurs-29.fr\/Accueil\/"},{"@type":"ListItem","position":2,"name":"Confidentialit\u00e9 et s\u00e9curit\u00e9","item":"https:\/\/registre-tumeurs-29.fr\/Accueil\/informations-legales\/"},{"@type":"ListItem","position":3,"name":"Le Registre du Finist\u00e8re","item":"https:\/\/registre-tumeurs-29.fr\/Accueil\/informations-legales\/le-registre-des-tumeurs-digestives-du-finistere\/"},{"@type":"ListItem","position":4,"name":"Financements et partenariats"}]},{"@type":"WebSite","@id":"https:\/\/registre-tumeurs-29.fr\/Accueil\/#website","url":"https:\/\/registre-tumeurs-29.fr\/Accueil\/","name":"REGISTRE DES TUMEURS DIGESTIVES DU FINISTERE","description":"Equipe d&#039;Accueil EA 7479 SPURBO - Soins Primaires, Sant\u00e9 Publique et Registre des cancers de Bretagne Occidentale","potentialAction":[{"@type":"SearchAction","target":{"@type":"EntryPoint","urlTemplate":"https:\/\/registre-tumeurs-29.fr\/Accueil\/?s={search_term_string}"},"query-input":{"@type":"PropertyValueSpecification","valueRequired":true,"valueName":"search_term_string"}}],"inLanguage":"fr-FR"}]}},"jetpack_sharing_enabled":true,"_links":{"self":[{"href":"https:\/\/registre-tumeurs-29.fr\/Accueil\/wp-json\/wp\/v2\/pages\/49","targetHints":{"allow":["GET"]}}],"collection":[{"href":"https:\/\/registre-tumeurs-29.fr\/Accueil\/wp-json\/wp\/v2\/pages"}],"about":[{"href":"https:\/\/registre-tumeurs-29.fr\/Accueil\/wp-json\/wp\/v2\/types\/page"}],"author":[{"embeddable":true,"href":"https:\/\/registre-tumeurs-29.fr\/Accueil\/wp-json\/wp\/v2\/users\/1"}],"replies":[{"embeddable":true,"href":"https:\/\/registre-tumeurs-29.fr\/Accueil\/wp-json\/wp\/v2\/comments?post=49"}],"version-history":[{"count":20,"href":"https:\/\/registre-tumeurs-29.fr\/Accueil\/wp-json\/wp\/v2\/pages\/49\/revisions"}],"predecessor-version":[{"id":2310,"href":"https:\/\/registre-tumeurs-29.fr\/Accueil\/wp-json\/wp\/v2\/pages\/49\/revisions\/2310"}],"up":[{"embeddable":true,"href":"https:\/\/registre-tumeurs-29.fr\/Accueil\/wp-json\/wp\/v2\/pages\/32"}],"wp:attachment":[{"href":"https:\/\/registre-tumeurs-29.fr\/Accueil\/wp-json\/wp\/v2\/media?parent=49"}],"curies":[{"name":"wp","href":"https:\/\/api.w.org\/{rel}","templated":true}]}}