{"id":450,"date":"2015-08-07T18:13:56","date_gmt":"2015-08-07T16:13:56","guid":{"rendered":"http:\/\/registre-tumeurs-29.fr\/accueil\/?page_id=450"},"modified":"2015-09-24T21:51:46","modified_gmt":"2015-09-24T19:51:46","slug":"procedure","status":"publish","type":"page","link":"https:\/\/registre-tumeurs-29.fr\/Accueil\/methodologie\/procedure\/","title":{"rendered":"Proc\u00e9dure"},"content":{"rendered":"<p>Les premi\u00e8res sources de donn\u00e9es arrivant au registre sont les donn\u00e9es anatomopathologiques avec un d\u00e9lai de 3 \u00e0 12 mois par rapport \u00e0 la date d\u2019examen. Ces donn\u00e9es\u00a0sont\u00a0dans un deuxi\u00e8me temps crois\u00e9es avec les autres sources de donn\u00e9es .<br \/>\nL\u2019ensemble des d\u00e9clarations fait l&rsquo;objet d&rsquo;un enregistrement provisoire et est valid\u00e9 ou non apr\u00e8s retour sur dossiers m\u00e9dicaux.<\/p>\n","protected":false},"excerpt":{"rendered":"<p>Les premi\u00e8res sources de donn\u00e9es arrivant au registre sont les donn\u00e9es anatomopathologiques avec un d\u00e9lai de 3 \u00e0 12 mois par rapport \u00e0 la date d\u2019examen. Ces donn\u00e9es\u00a0sont\u00a0dans un deuxi\u00e8me temps crois\u00e9es avec les autres sources de donn\u00e9es . L\u2019ensemble des d\u00e9clarations fait l&rsquo;objet d&rsquo;un enregistrement provisoire et est valid\u00e9 ou non apr\u00e8s retour sur [&hellip;]<\/p>\n","protected":false},"author":1,"featured_media":0,"parent":73,"menu_order":5,"comment_status":"closed","ping_status":"open","template":"","meta":{"rop_custom_images_group":[],"rop_custom_messages_group":[],"rop_publish_now":"initial","rop_publish_now_accounts":[],"rop_publish_now_history":[],"rop_publish_now_status":"pending","_exactmetrics_skip_tracking":false,"_exactmetrics_sitenote_active":false,"_exactmetrics_sitenote_note":"","_exactmetrics_sitenote_category":0,"footnotes":""},"class_list":["post-450","page","type-page","status-publish","hentry"],"yoast_head":"<!-- This site is optimized with the Yoast SEO plugin v26.8 - https:\/\/yoast.com\/product\/yoast-seo-wordpress\/ -->\n<title>Proc\u00e9dure - REGISTRE DES TUMEURS DIGESTIVES DU FINISTERE<\/title>\n<meta name=\"robots\" content=\"index, follow, max-snippet:-1, max-image-preview:large, max-video-preview:-1\" \/>\n<link rel=\"canonical\" href=\"https:\/\/registre-tumeurs-29.fr\/Accueil\/methodologie\/procedure\/\" \/>\n<meta property=\"og:locale\" content=\"fr_FR\" \/>\n<meta property=\"og:type\" content=\"article\" \/>\n<meta property=\"og:title\" content=\"Proc\u00e9dure - REGISTRE DES TUMEURS DIGESTIVES DU FINISTERE\" \/>\n<meta property=\"og:description\" content=\"Les premi\u00e8res sources de donn\u00e9es arrivant au registre sont les donn\u00e9es anatomopathologiques avec un d\u00e9lai de 3 \u00e0 12 mois par rapport \u00e0 la date d\u2019examen. Ces donn\u00e9es\u00a0sont\u00a0dans un deuxi\u00e8me temps crois\u00e9es avec les autres sources de donn\u00e9es . L\u2019ensemble des d\u00e9clarations fait l&rsquo;objet d&rsquo;un enregistrement provisoire et est valid\u00e9 ou non apr\u00e8s retour sur [&hellip;]\" \/>\n<meta property=\"og:url\" content=\"https:\/\/registre-tumeurs-29.fr\/Accueil\/methodologie\/procedure\/\" \/>\n<meta property=\"og:site_name\" content=\"REGISTRE DES TUMEURS DIGESTIVES DU FINISTERE\" \/>\n<meta property=\"article:modified_time\" content=\"2015-09-24T19:51:46+00:00\" \/>\n<meta name=\"twitter:card\" content=\"summary_large_image\" \/>\n<script type=\"application\/ld+json\" class=\"yoast-schema-graph\">{\"@context\":\"https:\/\/schema.org\",\"@graph\":[{\"@type\":\"WebPage\",\"@id\":\"https:\/\/registre-tumeurs-29.fr\/Accueil\/methodologie\/procedure\/\",\"url\":\"https:\/\/registre-tumeurs-29.fr\/Accueil\/methodologie\/procedure\/\",\"name\":\"Proc\u00e9dure - REGISTRE DES TUMEURS DIGESTIVES DU FINISTERE\",\"isPartOf\":{\"@id\":\"https:\/\/registre-tumeurs-29.fr\/Accueil\/#website\"},\"datePublished\":\"2015-08-07T16:13:56+00:00\",\"dateModified\":\"2015-09-24T19:51:46+00:00\",\"breadcrumb\":{\"@id\":\"https:\/\/registre-tumeurs-29.fr\/Accueil\/methodologie\/procedure\/#breadcrumb\"},\"inLanguage\":\"fr-FR\",\"potentialAction\":[{\"@type\":\"ReadAction\",\"target\":[\"https:\/\/registre-tumeurs-29.fr\/Accueil\/methodologie\/procedure\/\"]}]},{\"@type\":\"BreadcrumbList\",\"@id\":\"https:\/\/registre-tumeurs-29.fr\/Accueil\/methodologie\/procedure\/#breadcrumb\",\"itemListElement\":[{\"@type\":\"ListItem\",\"position\":1,\"name\":\"Accueil\",\"item\":\"https:\/\/registre-tumeurs-29.fr\/Accueil\/\"},{\"@type\":\"ListItem\",\"position\":2,\"name\":\"M\u00e9thodologie\",\"item\":\"https:\/\/registre-tumeurs-29.fr\/Accueil\/methodologie\/\"},{\"@type\":\"ListItem\",\"position\":3,\"name\":\"Proc\u00e9dure\"}]},{\"@type\":\"WebSite\",\"@id\":\"https:\/\/registre-tumeurs-29.fr\/Accueil\/#website\",\"url\":\"https:\/\/registre-tumeurs-29.fr\/Accueil\/\",\"name\":\"REGISTRE DES TUMEURS DIGESTIVES DU FINISTERE\",\"description\":\"Equipe d&#039;Accueil EA 7479 SPURBO - Soins Primaires, Sant\u00e9 Publique et Registre des cancers de Bretagne Occidentale\",\"potentialAction\":[{\"@type\":\"SearchAction\",\"target\":{\"@type\":\"EntryPoint\",\"urlTemplate\":\"https:\/\/registre-tumeurs-29.fr\/Accueil\/?s={search_term_string}\"},\"query-input\":{\"@type\":\"PropertyValueSpecification\",\"valueRequired\":true,\"valueName\":\"search_term_string\"}}],\"inLanguage\":\"fr-FR\"}]}<\/script>\n<!-- \/ Yoast SEO plugin. -->","yoast_head_json":{"title":"Proc\u00e9dure - REGISTRE DES TUMEURS DIGESTIVES DU FINISTERE","robots":{"index":"index","follow":"follow","max-snippet":"max-snippet:-1","max-image-preview":"max-image-preview:large","max-video-preview":"max-video-preview:-1"},"canonical":"https:\/\/registre-tumeurs-29.fr\/Accueil\/methodologie\/procedure\/","og_locale":"fr_FR","og_type":"article","og_title":"Proc\u00e9dure - REGISTRE DES TUMEURS DIGESTIVES DU FINISTERE","og_description":"Les premi\u00e8res sources de donn\u00e9es arrivant au registre sont les donn\u00e9es anatomopathologiques avec un d\u00e9lai de 3 \u00e0 12 mois par rapport \u00e0 la date d\u2019examen. Ces donn\u00e9es\u00a0sont\u00a0dans un deuxi\u00e8me temps crois\u00e9es avec les autres sources de donn\u00e9es . L\u2019ensemble des d\u00e9clarations fait l&rsquo;objet d&rsquo;un enregistrement provisoire et est valid\u00e9 ou non apr\u00e8s retour sur [&hellip;]","og_url":"https:\/\/registre-tumeurs-29.fr\/Accueil\/methodologie\/procedure\/","og_site_name":"REGISTRE DES TUMEURS DIGESTIVES DU FINISTERE","article_modified_time":"2015-09-24T19:51:46+00:00","twitter_card":"summary_large_image","schema":{"@context":"https:\/\/schema.org","@graph":[{"@type":"WebPage","@id":"https:\/\/registre-tumeurs-29.fr\/Accueil\/methodologie\/procedure\/","url":"https:\/\/registre-tumeurs-29.fr\/Accueil\/methodologie\/procedure\/","name":"Proc\u00e9dure - REGISTRE DES TUMEURS DIGESTIVES DU FINISTERE","isPartOf":{"@id":"https:\/\/registre-tumeurs-29.fr\/Accueil\/#website"},"datePublished":"2015-08-07T16:13:56+00:00","dateModified":"2015-09-24T19:51:46+00:00","breadcrumb":{"@id":"https:\/\/registre-tumeurs-29.fr\/Accueil\/methodologie\/procedure\/#breadcrumb"},"inLanguage":"fr-FR","potentialAction":[{"@type":"ReadAction","target":["https:\/\/registre-tumeurs-29.fr\/Accueil\/methodologie\/procedure\/"]}]},{"@type":"BreadcrumbList","@id":"https:\/\/registre-tumeurs-29.fr\/Accueil\/methodologie\/procedure\/#breadcrumb","itemListElement":[{"@type":"ListItem","position":1,"name":"Accueil","item":"https:\/\/registre-tumeurs-29.fr\/Accueil\/"},{"@type":"ListItem","position":2,"name":"M\u00e9thodologie","item":"https:\/\/registre-tumeurs-29.fr\/Accueil\/methodologie\/"},{"@type":"ListItem","position":3,"name":"Proc\u00e9dure"}]},{"@type":"WebSite","@id":"https:\/\/registre-tumeurs-29.fr\/Accueil\/#website","url":"https:\/\/registre-tumeurs-29.fr\/Accueil\/","name":"REGISTRE DES TUMEURS DIGESTIVES DU FINISTERE","description":"Equipe d&#039;Accueil EA 7479 SPURBO - Soins Primaires, Sant\u00e9 Publique et Registre des cancers de Bretagne Occidentale","potentialAction":[{"@type":"SearchAction","target":{"@type":"EntryPoint","urlTemplate":"https:\/\/registre-tumeurs-29.fr\/Accueil\/?s={search_term_string}"},"query-input":{"@type":"PropertyValueSpecification","valueRequired":true,"valueName":"search_term_string"}}],"inLanguage":"fr-FR"}]}},"jetpack_sharing_enabled":true,"_links":{"self":[{"href":"https:\/\/registre-tumeurs-29.fr\/Accueil\/wp-json\/wp\/v2\/pages\/450","targetHints":{"allow":["GET"]}}],"collection":[{"href":"https:\/\/registre-tumeurs-29.fr\/Accueil\/wp-json\/wp\/v2\/pages"}],"about":[{"href":"https:\/\/registre-tumeurs-29.fr\/Accueil\/wp-json\/wp\/v2\/types\/page"}],"author":[{"embeddable":true,"href":"https:\/\/registre-tumeurs-29.fr\/Accueil\/wp-json\/wp\/v2\/users\/1"}],"replies":[{"embeddable":true,"href":"https:\/\/registre-tumeurs-29.fr\/Accueil\/wp-json\/wp\/v2\/comments?post=450"}],"version-history":[{"count":1,"href":"https:\/\/registre-tumeurs-29.fr\/Accueil\/wp-json\/wp\/v2\/pages\/450\/revisions"}],"predecessor-version":[{"id":652,"href":"https:\/\/registre-tumeurs-29.fr\/Accueil\/wp-json\/wp\/v2\/pages\/450\/revisions\/652"}],"up":[{"embeddable":true,"href":"https:\/\/registre-tumeurs-29.fr\/Accueil\/wp-json\/wp\/v2\/pages\/73"}],"wp:attachment":[{"href":"https:\/\/registre-tumeurs-29.fr\/Accueil\/wp-json\/wp\/v2\/media?parent=450"}],"curies":[{"name":"wp","href":"https:\/\/api.w.org\/{rel}","templated":true}]}}