{"id":34,"date":"2015-08-05T17:34:12","date_gmt":"2015-08-05T15:34:12","guid":{"rendered":"http:\/\/registre-tumeurs-29.fr\/?page_id=34"},"modified":"2025-09-12T13:44:14","modified_gmt":"2025-09-12T11:44:14","slug":"presentation","status":"publish","type":"page","link":"https:\/\/registre-tumeurs-29.fr\/Accueil\/informations-legales\/presentation\/","title":{"rendered":"Pr\u00e9sentation"},"content":{"rendered":"<p style=\"text-align: justify;\">Le Registre des Tumeurs Digestives du Finist\u00e8re est une association \u00e0 but non lucratif, loi 1901, cr\u00e9\u00e9e en 1984 \u00e0 l&rsquo;initiative du Professeur Herv\u00e9 Gou\u00e9rou.<\/p>\n<p style=\"text-align: justify;\">Depuis sa cr\u00e9ation, le Registre des Tumeurs Digestives du Finist\u00e8re recense tous les cancers digestifs diagnostiqu\u00e9s chez les habitants du d\u00e9partement, quel que soit le lieu ou le mode de traitement.<\/p>\n<p style=\"text-align: justify;\">Le Registre des Tumeurs Digestives du Finist\u00e8re couvre un territoire dont la population s\u2019\u00e9levait \u00e0 936478 habitants\u00a0selon les donn\u00e9es INSEE de recensement de 2018, repr\u00e9sentant 28% de la population bretonne et 1,4 % de la population fran\u00e7aise. Depuis 1984, plus de 40 000 cas de cancers digestifs ont \u00e9t\u00e9 enregistr\u00e9s dans la base de donn\u00e9es du registre.<\/p>\n<p style=\"text-align: justify;\">Les donn\u00e9es recueillies permettent de calculer l&rsquo;incidence des cancers digestifs dans le d\u00e9partement (en fonction de l&rsquo;\u00e2ge, du sexe et du stade de la maladie) et d&rsquo;observer les tendances \u00e9volutives et la r\u00e9partition g\u00e9ographique des cancers. Au niveau national, ces donn\u00e9es sont utilis\u00e9es pour\u00a0faire\u00a0des estimations d&rsquo;incidence dans les d\u00e9partements ne poss\u00e9dant pas de registre. Ces donn\u00e9es permettent \u00e9galement la r\u00e9alisation de travaux d&rsquo;\u00e9pid\u00e9miologie analytique (recherche de facteurs de risque) et d&rsquo;\u00e9valuation (prise en charge diagnostique et th\u00e9rapeutique, survie).<\/p>\n<p style=\"text-align: justify;\">Le Registre des Tumeurs Digestives du Finist\u00e8re a pour premier objectif d&rsquo;\u00eatre un outil de Sant\u00e9 Publique indispensable \u00e0 la veille sanitaire et \u00e0 la planification du syst\u00e8me de soins :<\/p>\n<ul style=\"text-align: justify;\">\n<li>Au niveau national, il participe au r\u00e9seau fran\u00e7ais des registres de cancers (<a href=\"http:\/\/www.invs.sante.fr\/Dossiers-thematiques\/Maladies-chroniques-et-traumatismes\/Cancers\/Surveillance-epidemiologique-des-cancers\/Incidence-observee-dans-les-registres\/Incidence-observee-dans-les-departements-couverts-par-les-registres-Francim-entre-1978-1982-et-2008-2011\" target=\"_blank\" rel=\"noopener noreferrer\">R\u00e9seau Francim<\/a>) et collabore avec Sant\u00e9 Publique France (SPF) et l&rsquo;Institut National du Cancer (INCa) dans le cadre du programme national de surveillance des cancers inscrit dans le Plan de Travail Partenarial 2014-2019. Le Registre joue un r\u00f4le majeur dans les \u00e9tudes portant sur l&rsquo;\u00e9valuation des pratiques de soins \u00e0 partir des donn\u00e9es collect\u00e9es dans sa base. Pour cela il s&rsquo;appuie sur une collaboration \u00e9troite avec les autres registres fran\u00e7ais dans le cadre du r\u00e9seau Francim.<\/li>\n<li>Au niveau r\u00e9gional, le Registre travaille aux c\u00f4t\u00e9s des acteurs r\u00e9gionaux\u00a0: Agence R\u00e9gionale de Sant\u00e9 (<a href=\"http:\/\/www.ars.bretagne.sante.fr\/Internet.bretagne.0.html\" target=\"_blank\" rel=\"noopener noreferrer\">ARS Bretagne<\/a>), Caisses d&rsquo;Assurance Maladie, R\u00e9seau r\u00e9gional de Canc\u00e9rologie (<a href=\"http:\/\/www.oncobretagne.fr\" target=\"_blank\" rel=\"noopener noreferrer\">OncoBretagne<\/a>), Observatoire R\u00e9gional de la Sant\u00e9 de Bretagne (<a href=\"https:\/\/orsbretagne.typepad.fr\/ors_bretagne\/\" target=\"_blank\" rel=\"noopener noreferrer\">ORSB<\/a>), Antenne d\u00e9partementale du Centre R\u00e9gional de Coordination des D\u00e9pistages des Cancers Bretagne (CRCDC Bretagne, ex ADEC 29).<\/li>\n<\/ul>\n<p style=\"text-align: justify;\">Sur le plan universitaire, l&rsquo;\u00e9quipe du Registre des Tumeurs Digestives du Finist\u00e8re est int\u00e9gr\u00e9e \u00e0 l\u2019Equipe d&rsquo;Accueil <a href=\"https:\/\/appliweb.dgri.education.fr\/annuaire\/DescUr.jsp?desc=20170270&amp;prov=ListeEntite\">EA 7479 SPURBO<\/a>\u00a0(Soins primaires, Sant\u00e9 Publique, Registre des Tumeurs de Bretagne Occidentale).\u00a0L\u2019EA 7479 SPURBO est une \u00e9quipe pluridisciplinaire\u00a0compos\u00e9e de m\u00e9decins g\u00e9n\u00e9ralistes, m\u00e9decins de sant\u00e9 publique, addictologues, h\u00e9pato-gastro-ent\u00e9rologues, m\u00e9decins\u00a0de la structure de d\u00e9pistage, et d\u2019une attach\u00e9e de recherche clinique d\u00e9l\u00e9gu\u00e9e par le Centre d\u2019Investigation Clinique du CHU de Brest.\u00a0L\u2019unit\u00e9 de recherche est r\u00e9partie en 4 composantes, le d\u00e9partement de m\u00e9decine g\u00e9n\u00e9rale, le d\u00e9partement de sant\u00e9 publique, le d\u00e9partement d\u2019addictologie et le Registre. Le rapprochement avec\u00a0la structure de d\u00e9pistage des cancers permet d&rsquo;\u00e9valuer l\u2019impact de la participation aux campagnes de d\u00e9pistage organis\u00e9 du cancer colo-rectal sur l\u2019incidence des cancers et la survie des patients.<\/p>\n<p style=\"text-align: justify;\">La premi\u00e8re qualification du\u00a0Registre des Tumeurs Digestives du Finist\u00e8re par le Comit\u00e9 National des Registres (CNR) date de 1997 et le dernier <a href=\"https:\/\/registre-tumeurs-29.fr\/wp-content\/uploads\/2020\/03\/CER_012020-pivotc3a9.pdf\" target=\"_blank\" rel=\"noopener noreferrer\">renouvellement de qualification <\/a>a \u00e9t\u00e9 prononc\u00e9 en 2022 par le Comit\u00e9 d\u2019Evaluation des Registres (CER). Le Registre des Tumeurs Digestives du Finist\u00e8re a int\u00e9gr\u00e9 le Centre Hospitalier R\u00e9gional Universitaire de Brest en 2012.<\/p>\n<p style=\"text-align: justify;\">Le Registre des Tumeurs Digestives du Finist\u00e8re a obtenu l\u2019autorisation de la CNIL (Commission Nationale de l&rsquo;Informatique et des Libert\u00e9s) pour le traitement informatis\u00e9 des donn\u00e9es nominatives relatives \u00e0 chaque patient ainsi que pour celui concernant les correspondants. Toute personne travaillant au sein du registre signe une charte de confidentialit\u00e9. Les donn\u00e9es utilis\u00e9es dans des \u00e9tudes sp\u00e9cifiques et\/ou publi\u00e9es sont trait\u00e9es de mani\u00e8re non identifiante et le transfert des donn\u00e9es est r\u00e9alis\u00e9 apr\u00e8s cryptage.<\/p>\n<p><a id=\"haut de page\" role=\"button\" href=\"#\"><br \/>\nHaut de page<br \/>\n<\/a><\/p>\n","protected":false},"excerpt":{"rendered":"<p>Le Registre des Tumeurs Digestives du Finist\u00e8re est une association \u00e0 but non lucratif, loi 1901, cr\u00e9\u00e9e en 1984 \u00e0 l&rsquo;initiative du Professeur Herv\u00e9 Gou\u00e9rou. Depuis sa cr\u00e9ation, le Registre des Tumeurs Digestives du Finist\u00e8re recense tous les cancers digestifs diagnostiqu\u00e9s chez les habitants du d\u00e9partement, quel que soit le lieu ou le mode de [&hellip;]<\/p>\n","protected":false},"author":1,"featured_media":0,"parent":109,"menu_order":3,"comment_status":"closed","ping_status":"open","template":"","meta":{"rop_custom_images_group":[],"rop_custom_messages_group":[],"rop_publish_now":"initial","rop_publish_now_accounts":[],"rop_publish_now_history":[],"rop_publish_now_status":"pending","_exactmetrics_skip_tracking":false,"_exactmetrics_sitenote_active":false,"_exactmetrics_sitenote_note":"","_exactmetrics_sitenote_category":0,"footnotes":""},"class_list":["post-34","page","type-page","status-publish","hentry"],"yoast_head":"<!-- This site is optimized with the Yoast SEO plugin v26.8 - https:\/\/yoast.com\/product\/yoast-seo-wordpress\/ -->\n<title>Pr\u00e9sentation - REGISTRE DES TUMEURS DIGESTIVES DU FINISTERE<\/title>\n<meta name=\"robots\" content=\"index, follow, max-snippet:-1, max-image-preview:large, max-video-preview:-1\" \/>\n<link rel=\"canonical\" href=\"https:\/\/registre-tumeurs-29.fr\/Accueil\/informations-legales\/presentation\/\" \/>\n<meta property=\"og:locale\" content=\"fr_FR\" \/>\n<meta property=\"og:type\" content=\"article\" \/>\n<meta property=\"og:title\" content=\"Pr\u00e9sentation - REGISTRE DES TUMEURS DIGESTIVES DU FINISTERE\" \/>\n<meta property=\"og:description\" content=\"Le Registre des Tumeurs Digestives du Finist\u00e8re est une association \u00e0 but non lucratif, loi 1901, cr\u00e9\u00e9e en 1984 \u00e0 l&rsquo;initiative du Professeur Herv\u00e9 Gou\u00e9rou. Depuis sa cr\u00e9ation, le Registre des Tumeurs Digestives du Finist\u00e8re recense tous les cancers digestifs diagnostiqu\u00e9s chez les habitants du d\u00e9partement, quel que soit le lieu ou le mode de [&hellip;]\" \/>\n<meta property=\"og:url\" content=\"https:\/\/registre-tumeurs-29.fr\/Accueil\/informations-legales\/presentation\/\" \/>\n<meta property=\"og:site_name\" content=\"REGISTRE DES TUMEURS DIGESTIVES DU FINISTERE\" \/>\n<meta property=\"article:modified_time\" content=\"2025-09-12T11:44:14+00:00\" \/>\n<meta name=\"twitter:card\" content=\"summary_large_image\" \/>\n<meta name=\"twitter:label1\" content=\"Dur\u00e9e de lecture estim\u00e9e\" \/>\n\t<meta name=\"twitter:data1\" content=\"4 minutes\" \/>\n<script type=\"application\/ld+json\" class=\"yoast-schema-graph\">{\"@context\":\"https:\/\/schema.org\",\"@graph\":[{\"@type\":\"WebPage\",\"@id\":\"https:\/\/registre-tumeurs-29.fr\/Accueil\/informations-legales\/presentation\/\",\"url\":\"https:\/\/registre-tumeurs-29.fr\/Accueil\/informations-legales\/presentation\/\",\"name\":\"Pr\u00e9sentation - REGISTRE DES TUMEURS DIGESTIVES DU FINISTERE\",\"isPartOf\":{\"@id\":\"https:\/\/registre-tumeurs-29.fr\/Accueil\/#website\"},\"datePublished\":\"2015-08-05T15:34:12+00:00\",\"dateModified\":\"2025-09-12T11:44:14+00:00\",\"breadcrumb\":{\"@id\":\"https:\/\/registre-tumeurs-29.fr\/Accueil\/informations-legales\/presentation\/#breadcrumb\"},\"inLanguage\":\"fr-FR\",\"potentialAction\":[{\"@type\":\"ReadAction\",\"target\":[\"https:\/\/registre-tumeurs-29.fr\/Accueil\/informations-legales\/presentation\/\"]}]},{\"@type\":\"BreadcrumbList\",\"@id\":\"https:\/\/registre-tumeurs-29.fr\/Accueil\/informations-legales\/presentation\/#breadcrumb\",\"itemListElement\":[{\"@type\":\"ListItem\",\"position\":1,\"name\":\"Accueil\",\"item\":\"https:\/\/registre-tumeurs-29.fr\/Accueil\/\"},{\"@type\":\"ListItem\",\"position\":2,\"name\":\"Confidentialit\u00e9 et s\u00e9curit\u00e9\",\"item\":\"https:\/\/registre-tumeurs-29.fr\/Accueil\/informations-legales\/\"},{\"@type\":\"ListItem\",\"position\":3,\"name\":\"Pr\u00e9sentation\"}]},{\"@type\":\"WebSite\",\"@id\":\"https:\/\/registre-tumeurs-29.fr\/Accueil\/#website\",\"url\":\"https:\/\/registre-tumeurs-29.fr\/Accueil\/\",\"name\":\"REGISTRE DES TUMEURS DIGESTIVES DU FINISTERE\",\"description\":\"Equipe d&#039;Accueil EA 7479 SPURBO - Soins Primaires, Sant\u00e9 Publique et Registre des cancers de Bretagne Occidentale\",\"potentialAction\":[{\"@type\":\"SearchAction\",\"target\":{\"@type\":\"EntryPoint\",\"urlTemplate\":\"https:\/\/registre-tumeurs-29.fr\/Accueil\/?s={search_term_string}\"},\"query-input\":{\"@type\":\"PropertyValueSpecification\",\"valueRequired\":true,\"valueName\":\"search_term_string\"}}],\"inLanguage\":\"fr-FR\"}]}<\/script>\n<!-- \/ Yoast SEO plugin. -->","yoast_head_json":{"title":"Pr\u00e9sentation - REGISTRE DES TUMEURS DIGESTIVES DU FINISTERE","robots":{"index":"index","follow":"follow","max-snippet":"max-snippet:-1","max-image-preview":"max-image-preview:large","max-video-preview":"max-video-preview:-1"},"canonical":"https:\/\/registre-tumeurs-29.fr\/Accueil\/informations-legales\/presentation\/","og_locale":"fr_FR","og_type":"article","og_title":"Pr\u00e9sentation - REGISTRE DES TUMEURS DIGESTIVES DU FINISTERE","og_description":"Le Registre des Tumeurs Digestives du Finist\u00e8re est une association \u00e0 but non lucratif, loi 1901, cr\u00e9\u00e9e en 1984 \u00e0 l&rsquo;initiative du Professeur Herv\u00e9 Gou\u00e9rou. Depuis sa cr\u00e9ation, le Registre des Tumeurs Digestives du Finist\u00e8re recense tous les cancers digestifs diagnostiqu\u00e9s chez les habitants du d\u00e9partement, quel que soit le lieu ou le mode de [&hellip;]","og_url":"https:\/\/registre-tumeurs-29.fr\/Accueil\/informations-legales\/presentation\/","og_site_name":"REGISTRE DES TUMEURS DIGESTIVES DU FINISTERE","article_modified_time":"2025-09-12T11:44:14+00:00","twitter_card":"summary_large_image","twitter_misc":{"Dur\u00e9e de lecture estim\u00e9e":"4 minutes"},"schema":{"@context":"https:\/\/schema.org","@graph":[{"@type":"WebPage","@id":"https:\/\/registre-tumeurs-29.fr\/Accueil\/informations-legales\/presentation\/","url":"https:\/\/registre-tumeurs-29.fr\/Accueil\/informations-legales\/presentation\/","name":"Pr\u00e9sentation - REGISTRE DES TUMEURS DIGESTIVES DU FINISTERE","isPartOf":{"@id":"https:\/\/registre-tumeurs-29.fr\/Accueil\/#website"},"datePublished":"2015-08-05T15:34:12+00:00","dateModified":"2025-09-12T11:44:14+00:00","breadcrumb":{"@id":"https:\/\/registre-tumeurs-29.fr\/Accueil\/informations-legales\/presentation\/#breadcrumb"},"inLanguage":"fr-FR","potentialAction":[{"@type":"ReadAction","target":["https:\/\/registre-tumeurs-29.fr\/Accueil\/informations-legales\/presentation\/"]}]},{"@type":"BreadcrumbList","@id":"https:\/\/registre-tumeurs-29.fr\/Accueil\/informations-legales\/presentation\/#breadcrumb","itemListElement":[{"@type":"ListItem","position":1,"name":"Accueil","item":"https:\/\/registre-tumeurs-29.fr\/Accueil\/"},{"@type":"ListItem","position":2,"name":"Confidentialit\u00e9 et s\u00e9curit\u00e9","item":"https:\/\/registre-tumeurs-29.fr\/Accueil\/informations-legales\/"},{"@type":"ListItem","position":3,"name":"Pr\u00e9sentation"}]},{"@type":"WebSite","@id":"https:\/\/registre-tumeurs-29.fr\/Accueil\/#website","url":"https:\/\/registre-tumeurs-29.fr\/Accueil\/","name":"REGISTRE DES TUMEURS DIGESTIVES DU FINISTERE","description":"Equipe d&#039;Accueil EA 7479 SPURBO - Soins Primaires, Sant\u00e9 Publique et Registre des cancers de Bretagne Occidentale","potentialAction":[{"@type":"SearchAction","target":{"@type":"EntryPoint","urlTemplate":"https:\/\/registre-tumeurs-29.fr\/Accueil\/?s={search_term_string}"},"query-input":{"@type":"PropertyValueSpecification","valueRequired":true,"valueName":"search_term_string"}}],"inLanguage":"fr-FR"}]}},"jetpack_sharing_enabled":true,"_links":{"self":[{"href":"https:\/\/registre-tumeurs-29.fr\/Accueil\/wp-json\/wp\/v2\/pages\/34","targetHints":{"allow":["GET"]}}],"collection":[{"href":"https:\/\/registre-tumeurs-29.fr\/Accueil\/wp-json\/wp\/v2\/pages"}],"about":[{"href":"https:\/\/registre-tumeurs-29.fr\/Accueil\/wp-json\/wp\/v2\/types\/page"}],"author":[{"embeddable":true,"href":"https:\/\/registre-tumeurs-29.fr\/Accueil\/wp-json\/wp\/v2\/users\/1"}],"replies":[{"embeddable":true,"href":"https:\/\/registre-tumeurs-29.fr\/Accueil\/wp-json\/wp\/v2\/comments?post=34"}],"version-history":[{"count":22,"href":"https:\/\/registre-tumeurs-29.fr\/Accueil\/wp-json\/wp\/v2\/pages\/34\/revisions"}],"predecessor-version":[{"id":2308,"href":"https:\/\/registre-tumeurs-29.fr\/Accueil\/wp-json\/wp\/v2\/pages\/34\/revisions\/2308"}],"up":[{"embeddable":true,"href":"https:\/\/registre-tumeurs-29.fr\/Accueil\/wp-json\/wp\/v2\/pages\/109"}],"wp:attachment":[{"href":"https:\/\/registre-tumeurs-29.fr\/Accueil\/wp-json\/wp\/v2\/media?parent=34"}],"curies":[{"name":"wp","href":"https:\/\/api.w.org\/{rel}","templated":true}]}}