{"id":20,"date":"2015-08-05T17:17:35","date_gmt":"2015-08-05T15:17:35","guid":{"rendered":"http:\/\/registre-tumeurs-29.fr\/?page_id=20"},"modified":"2024-06-25T14:40:37","modified_gmt":"2024-06-25T12:40:37","slug":"le-service-de-biostatistique-des-hospices-civils-de-lyon-hcl","status":"publish","type":"page","link":"https:\/\/registre-tumeurs-29.fr\/Accueil\/les-registres-des-cancers-en-france\/le-service-de-biostatistique-des-hospices-civils-de-lyon-hcl\/","title":{"rendered":"Le service de biostatistique des Hospices civils de Lyon (HCL)"},"content":{"rendered":"<p style=\"text-align: justify;\">Le service de biostatistique des Hospices civils de Lyon (HCL) a une mission de soutien biostatistique en \u00e9pid\u00e9miologie et recherche clinique au sein des HCL. Il est engag\u00e9 dans un partenariat de longue date avec le r\u00e9seau Francim. Il g\u00e8re depuis 1999 la base commune des registres des cancers, r\u00e9unissant l\u2019ensemble des donn\u00e9es des registres du r\u00e9seau Francim et assure sa mise \u00e0 jour. Il assure, en partenariat avec le r\u00e9seau Francim, les d\u00e9veloppements m\u00e9thodologiques concernant les m\u00e9thodes d\u2018estimation de l\u2019incidence et de la survie, et en assure la production. La base commune des donn\u00e9es Francim est \u00e9galement le support de diverses \u00e9tudes \u00e9pid\u00e9miologiques r\u00e9alis\u00e9es \u00e0 la demande et par diff\u00e9rents organismes de sant\u00e9 publique et\/ou de recherche, avec l\u2019autorisation de chaque registre du r\u00e9seau Francim.<\/p>\n","protected":false},"excerpt":{"rendered":"<p>Le service de biostatistique des Hospices civils de Lyon (HCL) a une mission de soutien biostatistique en \u00e9pid\u00e9miologie et recherche clinique au sein des HCL. Il est engag\u00e9 dans un partenariat de longue date avec le r\u00e9seau Francim. Il g\u00e8re depuis 1999 la base commune des registres des cancers, r\u00e9unissant l\u2019ensemble des donn\u00e9es des registres [&hellip;]<\/p>\n","protected":false},"author":1,"featured_media":0,"parent":7,"menu_order":5,"comment_status":"closed","ping_status":"open","template":"","meta":{"rop_custom_images_group":[],"rop_custom_messages_group":[],"rop_publish_now":"initial","rop_publish_now_accounts":[],"rop_publish_now_history":[],"rop_publish_now_status":"pending","_exactmetrics_skip_tracking":false,"_exactmetrics_sitenote_active":false,"_exactmetrics_sitenote_note":"","_exactmetrics_sitenote_category":0,"footnotes":""},"class_list":["post-20","page","type-page","status-publish","hentry"],"yoast_head":"<!-- This site is optimized with the Yoast SEO plugin v26.8 - https:\/\/yoast.com\/product\/yoast-seo-wordpress\/ -->\n<title>Le service de biostatistique des Hospices civils de Lyon (HCL) - REGISTRE DES TUMEURS DIGESTIVES DU FINISTERE<\/title>\n<meta name=\"robots\" content=\"index, follow, max-snippet:-1, max-image-preview:large, max-video-preview:-1\" \/>\n<link rel=\"canonical\" href=\"https:\/\/registre-tumeurs-29.fr\/Accueil\/les-registres-des-cancers-en-france\/le-service-de-biostatistique-des-hospices-civils-de-lyon-hcl\/\" \/>\n<meta property=\"og:locale\" content=\"fr_FR\" \/>\n<meta property=\"og:type\" content=\"article\" \/>\n<meta property=\"og:title\" content=\"Le service de biostatistique des Hospices civils de Lyon (HCL) - REGISTRE DES TUMEURS DIGESTIVES DU FINISTERE\" \/>\n<meta property=\"og:description\" content=\"Le service de biostatistique des Hospices civils de Lyon (HCL) a une mission de soutien biostatistique en \u00e9pid\u00e9miologie et recherche clinique au sein des HCL. Il est engag\u00e9 dans un partenariat de longue date avec le r\u00e9seau Francim. Il g\u00e8re depuis 1999 la base commune des registres des cancers, r\u00e9unissant l\u2019ensemble des donn\u00e9es des registres [&hellip;]\" \/>\n<meta property=\"og:url\" content=\"https:\/\/registre-tumeurs-29.fr\/Accueil\/les-registres-des-cancers-en-france\/le-service-de-biostatistique-des-hospices-civils-de-lyon-hcl\/\" \/>\n<meta property=\"og:site_name\" content=\"REGISTRE DES TUMEURS DIGESTIVES DU FINISTERE\" \/>\n<meta property=\"article:modified_time\" content=\"2024-06-25T12:40:37+00:00\" \/>\n<meta name=\"twitter:card\" content=\"summary_large_image\" \/>\n<meta name=\"twitter:label1\" content=\"Dur\u00e9e de lecture estim\u00e9e\" \/>\n\t<meta name=\"twitter:data1\" content=\"1 minute\" \/>\n<script type=\"application\/ld+json\" class=\"yoast-schema-graph\">{\"@context\":\"https:\/\/schema.org\",\"@graph\":[{\"@type\":\"WebPage\",\"@id\":\"https:\/\/registre-tumeurs-29.fr\/Accueil\/les-registres-des-cancers-en-france\/le-service-de-biostatistique-des-hospices-civils-de-lyon-hcl\/\",\"url\":\"https:\/\/registre-tumeurs-29.fr\/Accueil\/les-registres-des-cancers-en-france\/le-service-de-biostatistique-des-hospices-civils-de-lyon-hcl\/\",\"name\":\"Le service de biostatistique des Hospices civils de Lyon (HCL) - REGISTRE DES TUMEURS DIGESTIVES DU FINISTERE\",\"isPartOf\":{\"@id\":\"https:\/\/registre-tumeurs-29.fr\/Accueil\/#website\"},\"datePublished\":\"2015-08-05T15:17:35+00:00\",\"dateModified\":\"2024-06-25T12:40:37+00:00\",\"breadcrumb\":{\"@id\":\"https:\/\/registre-tumeurs-29.fr\/Accueil\/les-registres-des-cancers-en-france\/le-service-de-biostatistique-des-hospices-civils-de-lyon-hcl\/#breadcrumb\"},\"inLanguage\":\"fr-FR\",\"potentialAction\":[{\"@type\":\"ReadAction\",\"target\":[\"https:\/\/registre-tumeurs-29.fr\/Accueil\/les-registres-des-cancers-en-france\/le-service-de-biostatistique-des-hospices-civils-de-lyon-hcl\/\"]}]},{\"@type\":\"BreadcrumbList\",\"@id\":\"https:\/\/registre-tumeurs-29.fr\/Accueil\/les-registres-des-cancers-en-france\/le-service-de-biostatistique-des-hospices-civils-de-lyon-hcl\/#breadcrumb\",\"itemListElement\":[{\"@type\":\"ListItem\",\"position\":1,\"name\":\"Accueil\",\"item\":\"https:\/\/registre-tumeurs-29.fr\/Accueil\/\"},{\"@type\":\"ListItem\",\"position\":2,\"name\":\"Les registres des cancers en France\",\"item\":\"https:\/\/registre-tumeurs-29.fr\/Accueil\/les-registres-des-cancers-en-france\/\"},{\"@type\":\"ListItem\",\"position\":3,\"name\":\"Le service de biostatistique des Hospices civils de Lyon (HCL)\"}]},{\"@type\":\"WebSite\",\"@id\":\"https:\/\/registre-tumeurs-29.fr\/Accueil\/#website\",\"url\":\"https:\/\/registre-tumeurs-29.fr\/Accueil\/\",\"name\":\"REGISTRE DES TUMEURS DIGESTIVES DU FINISTERE\",\"description\":\"Equipe d&#039;Accueil EA 7479 SPURBO - Soins Primaires, Sant\u00e9 Publique et Registre des cancers de Bretagne Occidentale\",\"potentialAction\":[{\"@type\":\"SearchAction\",\"target\":{\"@type\":\"EntryPoint\",\"urlTemplate\":\"https:\/\/registre-tumeurs-29.fr\/Accueil\/?s={search_term_string}\"},\"query-input\":{\"@type\":\"PropertyValueSpecification\",\"valueRequired\":true,\"valueName\":\"search_term_string\"}}],\"inLanguage\":\"fr-FR\"}]}<\/script>\n<!-- \/ Yoast SEO plugin. -->","yoast_head_json":{"title":"Le service de biostatistique des Hospices civils de Lyon (HCL) - REGISTRE DES TUMEURS DIGESTIVES DU FINISTERE","robots":{"index":"index","follow":"follow","max-snippet":"max-snippet:-1","max-image-preview":"max-image-preview:large","max-video-preview":"max-video-preview:-1"},"canonical":"https:\/\/registre-tumeurs-29.fr\/Accueil\/les-registres-des-cancers-en-france\/le-service-de-biostatistique-des-hospices-civils-de-lyon-hcl\/","og_locale":"fr_FR","og_type":"article","og_title":"Le service de biostatistique des Hospices civils de Lyon (HCL) - REGISTRE DES TUMEURS DIGESTIVES DU FINISTERE","og_description":"Le service de biostatistique des Hospices civils de Lyon (HCL) a une mission de soutien biostatistique en \u00e9pid\u00e9miologie et recherche clinique au sein des HCL. Il est engag\u00e9 dans un partenariat de longue date avec le r\u00e9seau Francim. Il g\u00e8re depuis 1999 la base commune des registres des cancers, r\u00e9unissant l\u2019ensemble des donn\u00e9es des registres [&hellip;]","og_url":"https:\/\/registre-tumeurs-29.fr\/Accueil\/les-registres-des-cancers-en-france\/le-service-de-biostatistique-des-hospices-civils-de-lyon-hcl\/","og_site_name":"REGISTRE DES TUMEURS DIGESTIVES DU FINISTERE","article_modified_time":"2024-06-25T12:40:37+00:00","twitter_card":"summary_large_image","twitter_misc":{"Dur\u00e9e de lecture estim\u00e9e":"1 minute"},"schema":{"@context":"https:\/\/schema.org","@graph":[{"@type":"WebPage","@id":"https:\/\/registre-tumeurs-29.fr\/Accueil\/les-registres-des-cancers-en-france\/le-service-de-biostatistique-des-hospices-civils-de-lyon-hcl\/","url":"https:\/\/registre-tumeurs-29.fr\/Accueil\/les-registres-des-cancers-en-france\/le-service-de-biostatistique-des-hospices-civils-de-lyon-hcl\/","name":"Le service de biostatistique des Hospices civils de Lyon (HCL) - REGISTRE DES TUMEURS DIGESTIVES DU FINISTERE","isPartOf":{"@id":"https:\/\/registre-tumeurs-29.fr\/Accueil\/#website"},"datePublished":"2015-08-05T15:17:35+00:00","dateModified":"2024-06-25T12:40:37+00:00","breadcrumb":{"@id":"https:\/\/registre-tumeurs-29.fr\/Accueil\/les-registres-des-cancers-en-france\/le-service-de-biostatistique-des-hospices-civils-de-lyon-hcl\/#breadcrumb"},"inLanguage":"fr-FR","potentialAction":[{"@type":"ReadAction","target":["https:\/\/registre-tumeurs-29.fr\/Accueil\/les-registres-des-cancers-en-france\/le-service-de-biostatistique-des-hospices-civils-de-lyon-hcl\/"]}]},{"@type":"BreadcrumbList","@id":"https:\/\/registre-tumeurs-29.fr\/Accueil\/les-registres-des-cancers-en-france\/le-service-de-biostatistique-des-hospices-civils-de-lyon-hcl\/#breadcrumb","itemListElement":[{"@type":"ListItem","position":1,"name":"Accueil","item":"https:\/\/registre-tumeurs-29.fr\/Accueil\/"},{"@type":"ListItem","position":2,"name":"Les registres des cancers en France","item":"https:\/\/registre-tumeurs-29.fr\/Accueil\/les-registres-des-cancers-en-france\/"},{"@type":"ListItem","position":3,"name":"Le service de biostatistique des Hospices civils de Lyon (HCL)"}]},{"@type":"WebSite","@id":"https:\/\/registre-tumeurs-29.fr\/Accueil\/#website","url":"https:\/\/registre-tumeurs-29.fr\/Accueil\/","name":"REGISTRE DES TUMEURS DIGESTIVES DU FINISTERE","description":"Equipe d&#039;Accueil EA 7479 SPURBO - Soins Primaires, Sant\u00e9 Publique et Registre des cancers de Bretagne Occidentale","potentialAction":[{"@type":"SearchAction","target":{"@type":"EntryPoint","urlTemplate":"https:\/\/registre-tumeurs-29.fr\/Accueil\/?s={search_term_string}"},"query-input":{"@type":"PropertyValueSpecification","valueRequired":true,"valueName":"search_term_string"}}],"inLanguage":"fr-FR"}]}},"jetpack_sharing_enabled":true,"_links":{"self":[{"href":"https:\/\/registre-tumeurs-29.fr\/Accueil\/wp-json\/wp\/v2\/pages\/20","targetHints":{"allow":["GET"]}}],"collection":[{"href":"https:\/\/registre-tumeurs-29.fr\/Accueil\/wp-json\/wp\/v2\/pages"}],"about":[{"href":"https:\/\/registre-tumeurs-29.fr\/Accueil\/wp-json\/wp\/v2\/types\/page"}],"author":[{"embeddable":true,"href":"https:\/\/registre-tumeurs-29.fr\/Accueil\/wp-json\/wp\/v2\/users\/1"}],"replies":[{"embeddable":true,"href":"https:\/\/registre-tumeurs-29.fr\/Accueil\/wp-json\/wp\/v2\/comments?post=20"}],"version-history":[{"count":1,"href":"https:\/\/registre-tumeurs-29.fr\/Accueil\/wp-json\/wp\/v2\/pages\/20\/revisions"}],"predecessor-version":[{"id":2344,"href":"https:\/\/registre-tumeurs-29.fr\/Accueil\/wp-json\/wp\/v2\/pages\/20\/revisions\/2344"}],"up":[{"embeddable":true,"href":"https:\/\/registre-tumeurs-29.fr\/Accueil\/wp-json\/wp\/v2\/pages\/7"}],"wp:attachment":[{"href":"https:\/\/registre-tumeurs-29.fr\/Accueil\/wp-json\/wp\/v2\/media?parent=20"}],"curies":[{"name":"wp","href":"https:\/\/api.w.org\/{rel}","templated":true}]}}