{"id":18,"date":"2015-08-05T17:16:22","date_gmt":"2015-08-05T15:16:22","guid":{"rendered":"http:\/\/registre-tumeurs-29.fr\/?page_id=18"},"modified":"2024-06-17T13:14:25","modified_gmt":"2024-06-17T11:14:25","slug":"le-reseau-francim","status":"publish","type":"page","link":"https:\/\/registre-tumeurs-29.fr\/Accueil\/les-registres-des-cancers-en-france\/le-reseau-francim\/","title":{"rendered":"Le r\u00e9seau Francim"},"content":{"rendered":"<p><a href=\"https:\/\/registre-tumeurs-29.fr\/accueil\/carte_registres_francim_2017\/\"><br \/><\/a>Les registres des cancers sont regroup\u00e9s en association au sein du r\u00e9seau fran\u00e7ais des registres de cancer, FRANCIM (FRANce- Cancer-Incidence et Mortalit\u00e9). Ce r\u00e9seau a pour objectif d\u2019harmoniser les pratiques d\u2019enregistrement, de coordonner et de faciliter les travaux r\u00e9alis\u00e9s par les registres de cancer existants dans les domaines de l&rsquo;\u00e9pid\u00e9miologie descriptive et analytique des cancers.<\/p>\n<p><img loading=\"lazy\" decoding=\"async\" class=\"alignnone wp-image-2036 size-full\" src=\"https:\/\/registre-tumeurs-29.fr\/wp-content\/uploads\/2021\/11\/Carte_registres_FRANCIM_2019_legende.png\" alt=\"\" width=\"849\" height=\"433\" srcset=\"https:\/\/registre-tumeurs-29.fr\/wp-content\/uploads\/2021\/11\/Carte_registres_FRANCIM_2019_legende.png 849w, https:\/\/registre-tumeurs-29.fr\/wp-content\/uploads\/2021\/11\/Carte_registres_FRANCIM_2019_legende-300x153.png 300w, https:\/\/registre-tumeurs-29.fr\/wp-content\/uploads\/2021\/11\/Carte_registres_FRANCIM_2019_legende-768x392.png 768w, https:\/\/registre-tumeurs-29.fr\/wp-content\/uploads\/2021\/11\/Carte_registres_FRANCIM_2019_legende-624x318.png 624w\" sizes=\"auto, (max-width: 849px) 100vw, 849px\" \/><\/p>\n\n\n<p><a href=\"https:\/\/www.francim-reseau.org\/\">En savoir plus sur le r\u00e9seau Francim<\/a><\/p>\n","protected":false},"excerpt":{"rendered":"<p>Les registres des cancers sont regroup\u00e9s en association au sein du r\u00e9seau fran\u00e7ais des registres de cancer, FRANCIM (FRANce- Cancer-Incidence et Mortalit\u00e9). Ce r\u00e9seau a pour objectif d\u2019harmoniser les pratiques d\u2019enregistrement, de coordonner et de faciliter les travaux r\u00e9alis\u00e9s par les registres de cancer existants dans les domaines de l&rsquo;\u00e9pid\u00e9miologie descriptive et analytique des cancers. [&hellip;]<\/p>\n","protected":false},"author":1,"featured_media":0,"parent":7,"menu_order":4,"comment_status":"closed","ping_status":"open","template":"","meta":{"rop_custom_images_group":[],"rop_custom_messages_group":[],"rop_publish_now":"initial","rop_publish_now_accounts":[],"rop_publish_now_history":[],"rop_publish_now_status":"pending","_exactmetrics_skip_tracking":false,"_exactmetrics_sitenote_active":false,"_exactmetrics_sitenote_note":"","_exactmetrics_sitenote_category":0,"footnotes":""},"class_list":["post-18","page","type-page","status-publish","hentry"],"yoast_head":"<!-- This site is optimized with the Yoast SEO plugin v26.8 - https:\/\/yoast.com\/product\/yoast-seo-wordpress\/ -->\n<title>Le r\u00e9seau Francim - REGISTRE DES TUMEURS DIGESTIVES DU FINISTERE<\/title>\n<meta name=\"robots\" content=\"index, follow, max-snippet:-1, max-image-preview:large, max-video-preview:-1\" \/>\n<link rel=\"canonical\" href=\"https:\/\/registre-tumeurs-29.fr\/Accueil\/les-registres-des-cancers-en-france\/le-reseau-francim\/\" \/>\n<meta property=\"og:locale\" content=\"fr_FR\" \/>\n<meta property=\"og:type\" content=\"article\" \/>\n<meta property=\"og:title\" content=\"Le r\u00e9seau Francim - REGISTRE DES TUMEURS DIGESTIVES DU FINISTERE\" \/>\n<meta property=\"og:description\" content=\"Les registres des cancers sont regroup\u00e9s en association au sein du r\u00e9seau fran\u00e7ais des registres de cancer, FRANCIM (FRANce- Cancer-Incidence et Mortalit\u00e9). Ce r\u00e9seau a pour objectif d\u2019harmoniser les pratiques d\u2019enregistrement, de coordonner et de faciliter les travaux r\u00e9alis\u00e9s par les registres de cancer existants dans les domaines de l&rsquo;\u00e9pid\u00e9miologie descriptive et analytique des cancers. [&hellip;]\" \/>\n<meta property=\"og:url\" content=\"https:\/\/registre-tumeurs-29.fr\/Accueil\/les-registres-des-cancers-en-france\/le-reseau-francim\/\" \/>\n<meta property=\"og:site_name\" content=\"REGISTRE DES TUMEURS DIGESTIVES DU FINISTERE\" \/>\n<meta property=\"article:modified_time\" content=\"2024-06-17T11:14:25+00:00\" \/>\n<meta property=\"og:image\" content=\"https:\/\/registre-tumeurs-29.fr\/wp-content\/uploads\/2021\/11\/Carte_registres_FRANCIM_2019_legende.png\" \/>\n<meta name=\"twitter:card\" content=\"summary_large_image\" \/>\n<meta name=\"twitter:label1\" content=\"Dur\u00e9e de lecture estim\u00e9e\" \/>\n\t<meta name=\"twitter:data1\" content=\"1 minute\" \/>\n<script type=\"application\/ld+json\" class=\"yoast-schema-graph\">{\"@context\":\"https:\/\/schema.org\",\"@graph\":[{\"@type\":\"WebPage\",\"@id\":\"https:\/\/registre-tumeurs-29.fr\/Accueil\/les-registres-des-cancers-en-france\/le-reseau-francim\/\",\"url\":\"https:\/\/registre-tumeurs-29.fr\/Accueil\/les-registres-des-cancers-en-france\/le-reseau-francim\/\",\"name\":\"Le r\u00e9seau Francim - REGISTRE DES TUMEURS DIGESTIVES DU FINISTERE\",\"isPartOf\":{\"@id\":\"https:\/\/registre-tumeurs-29.fr\/Accueil\/#website\"},\"primaryImageOfPage\":{\"@id\":\"https:\/\/registre-tumeurs-29.fr\/Accueil\/les-registres-des-cancers-en-france\/le-reseau-francim\/#primaryimage\"},\"image\":{\"@id\":\"https:\/\/registre-tumeurs-29.fr\/Accueil\/les-registres-des-cancers-en-france\/le-reseau-francim\/#primaryimage\"},\"thumbnailUrl\":\"https:\/\/registre-tumeurs-29.fr\/wp-content\/uploads\/2021\/11\/Carte_registres_FRANCIM_2019_legende.png\",\"datePublished\":\"2015-08-05T15:16:22+00:00\",\"dateModified\":\"2024-06-17T11:14:25+00:00\",\"breadcrumb\":{\"@id\":\"https:\/\/registre-tumeurs-29.fr\/Accueil\/les-registres-des-cancers-en-france\/le-reseau-francim\/#breadcrumb\"},\"inLanguage\":\"fr-FR\",\"potentialAction\":[{\"@type\":\"ReadAction\",\"target\":[\"https:\/\/registre-tumeurs-29.fr\/Accueil\/les-registres-des-cancers-en-france\/le-reseau-francim\/\"]}]},{\"@type\":\"ImageObject\",\"inLanguage\":\"fr-FR\",\"@id\":\"https:\/\/registre-tumeurs-29.fr\/Accueil\/les-registres-des-cancers-en-france\/le-reseau-francim\/#primaryimage\",\"url\":\"https:\/\/registre-tumeurs-29.fr\/wp-content\/uploads\/2021\/11\/Carte_registres_FRANCIM_2019_legende.png\",\"contentUrl\":\"https:\/\/registre-tumeurs-29.fr\/wp-content\/uploads\/2021\/11\/Carte_registres_FRANCIM_2019_legende.png\"},{\"@type\":\"BreadcrumbList\",\"@id\":\"https:\/\/registre-tumeurs-29.fr\/Accueil\/les-registres-des-cancers-en-france\/le-reseau-francim\/#breadcrumb\",\"itemListElement\":[{\"@type\":\"ListItem\",\"position\":1,\"name\":\"Accueil\",\"item\":\"https:\/\/registre-tumeurs-29.fr\/Accueil\/\"},{\"@type\":\"ListItem\",\"position\":2,\"name\":\"Les registres des cancers en France\",\"item\":\"https:\/\/registre-tumeurs-29.fr\/Accueil\/les-registres-des-cancers-en-france\/\"},{\"@type\":\"ListItem\",\"position\":3,\"name\":\"Le r\u00e9seau Francim\"}]},{\"@type\":\"WebSite\",\"@id\":\"https:\/\/registre-tumeurs-29.fr\/Accueil\/#website\",\"url\":\"https:\/\/registre-tumeurs-29.fr\/Accueil\/\",\"name\":\"REGISTRE DES TUMEURS DIGESTIVES DU FINISTERE\",\"description\":\"Equipe d&#039;Accueil EA 7479 SPURBO - Soins Primaires, Sant\u00e9 Publique et Registre des cancers de Bretagne Occidentale\",\"potentialAction\":[{\"@type\":\"SearchAction\",\"target\":{\"@type\":\"EntryPoint\",\"urlTemplate\":\"https:\/\/registre-tumeurs-29.fr\/Accueil\/?s={search_term_string}\"},\"query-input\":{\"@type\":\"PropertyValueSpecification\",\"valueRequired\":true,\"valueName\":\"search_term_string\"}}],\"inLanguage\":\"fr-FR\"}]}<\/script>\n<!-- \/ Yoast SEO plugin. -->","yoast_head_json":{"title":"Le r\u00e9seau Francim - REGISTRE DES TUMEURS DIGESTIVES DU FINISTERE","robots":{"index":"index","follow":"follow","max-snippet":"max-snippet:-1","max-image-preview":"max-image-preview:large","max-video-preview":"max-video-preview:-1"},"canonical":"https:\/\/registre-tumeurs-29.fr\/Accueil\/les-registres-des-cancers-en-france\/le-reseau-francim\/","og_locale":"fr_FR","og_type":"article","og_title":"Le r\u00e9seau Francim - REGISTRE DES TUMEURS DIGESTIVES DU FINISTERE","og_description":"Les registres des cancers sont regroup\u00e9s en association au sein du r\u00e9seau fran\u00e7ais des registres de cancer, FRANCIM (FRANce- Cancer-Incidence et Mortalit\u00e9). Ce r\u00e9seau a pour objectif d\u2019harmoniser les pratiques d\u2019enregistrement, de coordonner et de faciliter les travaux r\u00e9alis\u00e9s par les registres de cancer existants dans les domaines de l&rsquo;\u00e9pid\u00e9miologie descriptive et analytique des cancers. [&hellip;]","og_url":"https:\/\/registre-tumeurs-29.fr\/Accueil\/les-registres-des-cancers-en-france\/le-reseau-francim\/","og_site_name":"REGISTRE DES TUMEURS DIGESTIVES DU FINISTERE","article_modified_time":"2024-06-17T11:14:25+00:00","og_image":[{"url":"https:\/\/registre-tumeurs-29.fr\/wp-content\/uploads\/2021\/11\/Carte_registres_FRANCIM_2019_legende.png","type":"","width":"","height":""}],"twitter_card":"summary_large_image","twitter_misc":{"Dur\u00e9e de lecture estim\u00e9e":"1 minute"},"schema":{"@context":"https:\/\/schema.org","@graph":[{"@type":"WebPage","@id":"https:\/\/registre-tumeurs-29.fr\/Accueil\/les-registres-des-cancers-en-france\/le-reseau-francim\/","url":"https:\/\/registre-tumeurs-29.fr\/Accueil\/les-registres-des-cancers-en-france\/le-reseau-francim\/","name":"Le r\u00e9seau Francim - REGISTRE DES TUMEURS DIGESTIVES DU FINISTERE","isPartOf":{"@id":"https:\/\/registre-tumeurs-29.fr\/Accueil\/#website"},"primaryImageOfPage":{"@id":"https:\/\/registre-tumeurs-29.fr\/Accueil\/les-registres-des-cancers-en-france\/le-reseau-francim\/#primaryimage"},"image":{"@id":"https:\/\/registre-tumeurs-29.fr\/Accueil\/les-registres-des-cancers-en-france\/le-reseau-francim\/#primaryimage"},"thumbnailUrl":"https:\/\/registre-tumeurs-29.fr\/wp-content\/uploads\/2021\/11\/Carte_registres_FRANCIM_2019_legende.png","datePublished":"2015-08-05T15:16:22+00:00","dateModified":"2024-06-17T11:14:25+00:00","breadcrumb":{"@id":"https:\/\/registre-tumeurs-29.fr\/Accueil\/les-registres-des-cancers-en-france\/le-reseau-francim\/#breadcrumb"},"inLanguage":"fr-FR","potentialAction":[{"@type":"ReadAction","target":["https:\/\/registre-tumeurs-29.fr\/Accueil\/les-registres-des-cancers-en-france\/le-reseau-francim\/"]}]},{"@type":"ImageObject","inLanguage":"fr-FR","@id":"https:\/\/registre-tumeurs-29.fr\/Accueil\/les-registres-des-cancers-en-france\/le-reseau-francim\/#primaryimage","url":"https:\/\/registre-tumeurs-29.fr\/wp-content\/uploads\/2021\/11\/Carte_registres_FRANCIM_2019_legende.png","contentUrl":"https:\/\/registre-tumeurs-29.fr\/wp-content\/uploads\/2021\/11\/Carte_registres_FRANCIM_2019_legende.png"},{"@type":"BreadcrumbList","@id":"https:\/\/registre-tumeurs-29.fr\/Accueil\/les-registres-des-cancers-en-france\/le-reseau-francim\/#breadcrumb","itemListElement":[{"@type":"ListItem","position":1,"name":"Accueil","item":"https:\/\/registre-tumeurs-29.fr\/Accueil\/"},{"@type":"ListItem","position":2,"name":"Les registres des cancers en France","item":"https:\/\/registre-tumeurs-29.fr\/Accueil\/les-registres-des-cancers-en-france\/"},{"@type":"ListItem","position":3,"name":"Le r\u00e9seau Francim"}]},{"@type":"WebSite","@id":"https:\/\/registre-tumeurs-29.fr\/Accueil\/#website","url":"https:\/\/registre-tumeurs-29.fr\/Accueil\/","name":"REGISTRE DES TUMEURS DIGESTIVES DU FINISTERE","description":"Equipe d&#039;Accueil EA 7479 SPURBO - Soins Primaires, Sant\u00e9 Publique et Registre des cancers de Bretagne Occidentale","potentialAction":[{"@type":"SearchAction","target":{"@type":"EntryPoint","urlTemplate":"https:\/\/registre-tumeurs-29.fr\/Accueil\/?s={search_term_string}"},"query-input":{"@type":"PropertyValueSpecification","valueRequired":true,"valueName":"search_term_string"}}],"inLanguage":"fr-FR"}]}},"jetpack_sharing_enabled":true,"_links":{"self":[{"href":"https:\/\/registre-tumeurs-29.fr\/Accueil\/wp-json\/wp\/v2\/pages\/18","targetHints":{"allow":["GET"]}}],"collection":[{"href":"https:\/\/registre-tumeurs-29.fr\/Accueil\/wp-json\/wp\/v2\/pages"}],"about":[{"href":"https:\/\/registre-tumeurs-29.fr\/Accueil\/wp-json\/wp\/v2\/types\/page"}],"author":[{"embeddable":true,"href":"https:\/\/registre-tumeurs-29.fr\/Accueil\/wp-json\/wp\/v2\/users\/1"}],"replies":[{"embeddable":true,"href":"https:\/\/registre-tumeurs-29.fr\/Accueil\/wp-json\/wp\/v2\/comments?post=18"}],"version-history":[{"count":6,"href":"https:\/\/registre-tumeurs-29.fr\/Accueil\/wp-json\/wp\/v2\/pages\/18\/revisions"}],"predecessor-version":[{"id":2355,"href":"https:\/\/registre-tumeurs-29.fr\/Accueil\/wp-json\/wp\/v2\/pages\/18\/revisions\/2355"}],"up":[{"embeddable":true,"href":"https:\/\/registre-tumeurs-29.fr\/Accueil\/wp-json\/wp\/v2\/pages\/7"}],"wp:attachment":[{"href":"https:\/\/registre-tumeurs-29.fr\/Accueil\/wp-json\/wp\/v2\/media?parent=18"}],"curies":[{"name":"wp","href":"https:\/\/api.w.org\/{rel}","templated":true}]}}