{"id":109,"date":"2015-08-05T18:38:56","date_gmt":"2015-08-05T16:38:56","guid":{"rendered":"http:\/\/registre-tumeurs-29.fr\/?page_id=109"},"modified":"2025-12-16T12:13:51","modified_gmt":"2025-12-16T11:13:51","slug":"informations-legales","status":"publish","type":"page","link":"https:\/\/registre-tumeurs-29.fr\/Accueil\/informations-legales\/","title":{"rendered":"Confidentialit\u00e9 et s\u00e9curit\u00e9"},"content":{"rendered":"\n<!doctype html>\n<html lang=\"fr\">\n<head>\n  <meta charset=\"utf-8\" \/>\n  <meta name=\"viewport\" content=\"width=device-width, initial-scale=1\" \/>\n  <title>Confidentialit\u00e9 et s\u00e9curit\u00e9 \u2014 Registre des tumeurs digestives du Finist\u00e8re<\/title>\n  <style>\n    :root{\n      --bg:#f7f9fc; --card:#ffffff; --text:#1f2937; --muted:#6b7280;\n      --primary:#0ea5e9; --primary-600:#0284c7; --border:#e5e7eb;\n      --ring:rgba(14,165,233,.25); --shadow:0 8px 28px rgba(2,8,23,.08); --radius:18px;\n    }\n    *{box-sizing:border-box}\n    body{background:var(--bg); color:var(--text); font-family:system-ui,Segoe UI,Roboto,Helvetica,Arial,sans-serif; line-height:1.6; margin:0}\n    a{color:var(--primary-600)}\n    .container{max-width:1080px;margin:0 auto;padding:18px 20px 80px;}\n    .hero{background:radial-gradient(1000px 500px at 10% -10%,rgba(14,165,233,.08),transparent),radial-gradient(800px 400px at 90% 0%,rgba(14,165,233,.06),transparent);border:1px solid var(--border);border-radius:24px;padding:26px;box-shadow:var(--shadow);}\n    .hero h1{margin:0;font-size:2rem;}\n    .quicknav{display:flex;flex-wrap:wrap;gap:10px;margin:16px 0 0;}\n    .quicknav a{text-decoration:none;color:var(--primary-600);background:#fff;border:1px solid var(--border);padding:9px 14px;border-radius:999px;font-weight:600;box-shadow:0 2px 10px rgba(2,8,23,.04);}  \n    .quicknav a:hover{box-shadow:0 6px 18px rgba(2,8,23,.08);transform:translateY(-1px);}  \n    .cta-row{display:flex;flex-wrap:wrap;gap:10px;margin-top:14px}\n    .btn-pill{display:inline-flex;align-items:center;justify-content:center;gap:10px;background:linear-gradient(135deg,var(--primary),#8e44ad);color:#fff!important;border:0;border-radius:999px;padding:12px 18px;font-weight:800;text-decoration:none;box-shadow:0 8px 22px rgba(2,8,23,.14);transition:transform .15s,box-shadow .2s;min-width:260px;text-align:center}\n    .btn-pill:hover{transform:translateY(-2px);box-shadow:0 12px 28px rgba(2,8,23,.18)}\n    .btn-pill svg{width:18px;height:18px;stroke:#fff}\n    section{margin-top:32px;}\n    .card{background:var(--card);border:1px solid var(--border);border-radius:var(--radius);box-shadow:var(--shadow);padding:22px;}\n    .section-header{display:flex;align-items:center;gap:12px;margin:0 0 6px 0;}\n    .section-header h2{margin:0;font-size:1.4rem;}\n    .pill{display:inline-flex;align-items:center;justify-content:center;width:34px;height:34px;border-radius:10px;background:linear-gradient(180deg,rgba(14,165,233,.18),rgba(14,165,233,.08));border:1px solid rgba(14,165,233,.22);}  \n    .pill svg{width:18px;height:18px;stroke:var(--primary-600);}  \n    .blockquote{border-left:4px solid var(--primary);background:#f9fbfe;border-radius:10px;padding:12px 14px;margin:10px 0 0;color:#0b1324}\n    .link-chip a{display:inline-block;margin-top:6px;text-decoration:none;color:var(--primary-600)}\n    .link-chip a:hover{text-decoration:underline}\n    .spaced ul{margin:10px 0 0 18px}\n    .spaced li{margin:6px 0}\n    .muted{color:var(--muted)}\n    .cta-grid{display:flex;flex-direction:column;align-items:center;gap:10px;margin:20px 0}\n  <\/style>\n<\/head>\n<body>\n  <div class=\"container\">\n    <header class=\"hero\" role=\"banner\">\n      <h1>Confidentialit\u00e9 et s\u00e9curit\u00e9<\/h1>\n      <nav class=\"quicknav\" aria-label=\"Navigation rapide\">\n        <a href=\"#cadre\">Cadre r\u00e9glementaire<\/a>\n        <a href=\"#finalite\">Finalit\u00e9 du traitement<\/a>\n        <a href=\"#info-patient\">Information patient<\/a>\n        <a href=\"#securite\">Confidentialit\u00e9 &amp; s\u00e9curit\u00e9<\/a>\n        <a href=\"#destinataires\">Destinataires<\/a>\n      <\/nav>\n      <div class=\"cta-row\" aria-label=\"Documents utiles\">\n        <a class=\"btn-pill\" target=\"_blank\" rel=\"noopener\" href=\"https:\/\/registre-tumeurs-29.fr\/wp-content\/uploads\/2025\/12\/VF2025_Notice_Information_Patient.pdf\">\n          Notice d\u2019information patient (PDF)\n        <\/a>\n        <a class=\"btn-pill\" target=\"_blank\" rel=\"noopener\" href=\"https:\/\/registre-tumeurs-29.fr\/wp-content\/uploads\/2024\/02\/VF2023_Guide_destination_medecins_Francim_information_patient.pdf\">\n          Guide m\u00e9decins (PDF)\n        <\/a>\n      <\/div>\n    <\/header>\n\n    <!-- Cadre r\u00e9glementaire -->\n    <section id=\"cadre\">\n      <div class=\"card\">\n        <div class=\"section-header\">\n          <span class=\"pill\"><svg viewBox=\"0 0 24 24\" fill=\"none\" stroke-width=\"2\"><path d=\"M21 10H7\"><\/path><path d=\"M21 6H3\"><\/path><path d=\"M21 14H3\"><\/path><path d=\"M21 18H7\"><\/path><\/svg><\/span>\n          <h2>Cadre r\u00e9glementaire<\/h2>\n        <\/div>\n        <p>\n          Conform\u00e9ment au R\u00e8glement G\u00e9n\u00e9ral sur la Protection des Donn\u00e9es (RGPD), le Registre est autoris\u00e9 \u00e0 collecter des donn\u00e9es nominatives \u00e0 des fins de recherche et de Sant\u00e9 Publique. Seules les donn\u00e9es totalement anonymes font l\u2019objet d\u2019analyses statistiques et de publication, ou sont adress\u00e9es \u00e0 d\u2019autres organismes de sant\u00e9 publique \u00e0 des fins de recherche et de comparaisons g\u00e9ographiques des cancers en France.\n        <\/p>\n        <p>\n          Le registre est autoris\u00e9 par la Commission nationale de l\u2019informatique et des libert\u00e9s (CNIL) \u00e0 recevoir toute information nominative d\u2019ordre m\u00e9dical pour l\u2019enregistrement des donn\u00e9es : Autorisation n\u00b0908270 du 14 octobre 2008.\n        <\/p>\n        <p>\n          Il dispose d\u2019un avis favorable du Comit\u00e9 consultatif sur le traitement de l\u2019information en mati\u00e8re de recherche dans le domaine de la sant\u00e9 (CCTIRS) : Avis en date du 15 mai 2008.\n        <\/p>\n      <\/div>\n    <\/section>\n\n    <!-- Finalit\u00e9 -->\n    <section id=\"finalite\">\n      <div class=\"card\">\n        <div class=\"section-header\">\n          <span class=\"pill\"><svg viewBox=\"0 0 24 24\" fill=\"none\" stroke-width=\"2\"><path d=\"M3 3v18h18\"><\/path><path d=\"M19 9c-1.5-1-3.5-1-5 0s-3.5 1-5 0-3.5-1-5 0\"><\/path><\/svg><\/span>\n          <h2>Finalit\u00e9 du traitement des donn\u00e9es<\/h2>\n        <\/div>\n        <p>\n          Le traitement des donn\u00e9es est fond\u00e9 sur les missions de service public des registres qui sont au c\u0153ur de la politique de lutte contre le cancer affirm\u00e9e par les pouvoirs publics comme une priorit\u00e9 nationale en mati\u00e8re de sant\u00e9 publique (Article L. 1413-3 et L. 1413-6 du code de la sant\u00e9 publique).\n        <\/p>\n        <p>\n          Ces donn\u00e9es permettent de conna\u00eetre le type et la fr\u00e9quence des cancers dans la population, leur \u00e9volution dans le temps. Elles sont n\u00e9cessaires pour am\u00e9liorer les connaissances sur les causes de cancer et \u00e9valuer la qualit\u00e9 de la prise en charge diagnostique et th\u00e9rapeutique. Elles permettent notamment la production des estimations nationales d\u2019incidence des pathologies canc\u00e9reuses.\n        <\/p>\n      <\/div>\n    <\/section>\n\n    <!-- Information patient -->\n    <section id=\"info-patient\">\n      <div class=\"card\">\n        <div class=\"section-header\">\n          <span class=\"pill\"><svg viewBox=\"0 0 24 24\" fill=\"none\" stroke-width=\"2\"><circle cx=\"12\" cy=\"12\" r=\"10\"><\/circle><path d=\"M12 16v-4\"><\/path><path d=\"M12 8h.01\"><\/path><\/svg><\/span>\n          <h2>Information patient<\/h2>\n        <\/div>\n        <p>Selon les recommandations de la CNIL, chaque patient doit \u00eatre inform\u00e9 que son cancer peut \u00eatre enregistr\u00e9 dans la base de donn\u00e9es du Registre \u00e0 des fins de recherche et dans la plus stricte confidentialit\u00e9.<\/p>\n        <p>Le personnel du Registre n\u2019ayant pas de contact avec les patients, la CNIL recommande que les m\u00e9decins, impliqu\u00e9s dans la prise en charge d\u2019un patient atteint d\u2019un cancer nouvellement diagnostiqu\u00e9, informent directement le patient au moment qui leur semblera le plus opportun en leur \u00e2me et conscience (recommandation du 27 novembre 2003 ; articles 36 et 37 du d\u00e9cret du 20 octobre 2005).<\/p>\n        <div class=\"spaced\">\n          <p>La notice d\u00e9taille notamment :<\/p>\n          <ul>\n            <li>la nature des informations transmises au Registre (donn\u00e9es \u00e0 caract\u00e8re personnel d\u2019identification et m\u00e9dicales) ;<\/li>\n            <li>la finalit\u00e9 du traitement des donn\u00e9es (missions de service public des Registres) ;<\/li>\n            <li>les personnes physiques ou morales destinataires des donn\u00e9es (autres organismes de Sant\u00e9 Publique tels que l\u2019INCa, Sant\u00e9 publique France, le CIRC) ;<\/li>\n            <li>les modalit\u00e9s d\u2019exercice des droits des personnes.<\/li>\n          <\/ul>\n        <\/div>\n        <div class=\"spaced\">\n          <p>Conform\u00e9ment \u00e0 la l\u00e9gislation en vigueur, une personne atteinte d\u2019un cancer peut exercer ses droits d\u2019acc\u00e8s, de rectification et d\u2019opposition \u00e0 l\u2019enregistrement et \u00e0 la transmission des donn\u00e9es de son cancer, directement ou via son m\u00e9decin, en sollicitant :<\/p>\n          <ul>\n            <li>le d\u00e9l\u00e9gu\u00e9 \u00e0 la protection des donn\u00e9es du registre : <a href=\"mailto:DPORegistreFinistere@ageris-group.com\">DPORegistreFinistere@ageris-group.com<\/a><\/li>\n            <li>le responsable m\u00e9dical du Registre par voie postale :<br \/>\n              Docteur Jean-Baptiste Nousbaum \u2014 Registre des Tumeurs Digestives du Finist\u00e8re<br \/>\n              CHRU BREST \u2014 H\u00f4pital Morvan<br \/>\n              2 avenue Foch \u2014 29609 Brest Cedex\n            <\/li>\n          <\/ul>\n          <div class=\"link-chip\">\n            <a target=\"_blank\" rel=\"noopener\" href=\"https:\/\/www.cnil.fr\/fr\/modeles\/courrier\">Mod\u00e8les de courriers (CNIL)<\/a>\n          <\/div>\n          <p>Des plaquettes d\u2019information sont r\u00e9guli\u00e8rement affich\u00e9es dans les structures prenant en charge des patients atteints de cancer. Une information individuelle est \u00e9galement disponible dans les livrets d\u2019accueil de certains \u00e9tablissements.<\/p>\n        <\/div>\n        <div class=\"cta-grid\">\n          <a class=\"btn-pill\" target=\"_blank\" rel=\"noopener\" href=\"https:\/\/registre-tumeurs-29.fr\/wp-content\/uploads\/2025\/12\/VF2025_Notice_Information_Patient.pdf\">Notice d\u2019information patient (PDF)<\/a>\n          <a class=\"btn-pill\" target=\"_blank\" rel=\"noopener\" href=\"https:\/\/registre-tumeurs-29.fr\/wp-content\/uploads\/2024\/02\/VF2023_Guide_destination_medecins_Francim_information_patient.pdf\">Guide m\u00e9decins (PDF)<\/a>\n          <a class=\"btn-pill\" target=\"_blank\" rel=\"noopener\" href=\"https:\/\/www.cnil.fr\/fr\/modeles\/courrier\">Les courriers pour agir | CNIL<\/a>\n        <\/div>\n      <\/div>\n    <\/section>\n\n    <!-- Confidentialit\u00e9 -->\n    <section id=\"securite\">\n      <div class=\"card\">\n        <div class=\"section-header\">\n          <span class=\"pill\"><svg viewBox=\"0 0 24 24\" fill=\"none\" stroke-width=\"2\"><path d=\"M12 22s8-4 8-10V5l-8-3-8 3v7c0 6 8 10 8 10z\"><\/path><\/svg><\/span>\n          <h2>Confidentialit\u00e9 et s\u00e9curit\u00e9 des donn\u00e9es<\/h2>\n        <\/div>\n        <p>Les donn\u00e9es recueillies sont couvertes par le secret m\u00e9dical et sont strictement confidentielles. Seuls les personnels du Registre habilit\u00e9s ont un acc\u00e8s aux donn\u00e9es nominatives. Chaque membre de l\u2019\u00e9quipe du Registre des tumeurs digestives du Finist\u00e8re est soumis au secret professionnel et a sign\u00e9 une charte de confidentialit\u00e9 l\u2019engageant strictement dans le respect de la confidentialit\u00e9 des informations trait\u00e9es.<\/p>\n        <p>Les donn\u00e9es du Registre pr\u00e9sentant un int\u00e9r\u00eat historique, scientifique et statistique sont conserv\u00e9es tant que le Registre exerce ses missions afin de permettre de r\u00e9pondre aux objectifs fix\u00e9s, conform\u00e9ment aux r\u00e9glementations et lois applicables et selon des proc\u00e9dures de s\u00e9curit\u00e9 strictes. Seules les donn\u00e9es totalement anonymes font l\u2019objet de publication.<\/p>\n      <\/div>\n    <\/section>\n\n    <!-- Destinataires -->\n    <section id=\"destinataires\">\n      <div class=\"card\">\n        <div class=\"section-header\">\n          <span class=\"pill\"><svg viewBox=\"0 0 24 24\" fill=\"none\" stroke-width=\"2\"><path d=\"M3 7h18\"><\/path><path d=\"M3 12h18\"><\/path><path d=\"M3 17h18\"><\/path><\/svg><\/span>\n          <h2>Personnes physiques ou morales destinataires des donn\u00e9es<\/h2>\n        <\/div>\n        <p>Le Registre peut transmettre certaines donn\u00e9es \u00e0 d\u2019autres organismes de sant\u00e9 publique tels que l\u2019Institut National du Cancer (INCa), Sant\u00e9 publique France (SpF) et le Centre international de recherche sur le cancer (CIRC). Ces donn\u00e9es permettent, entre autres, des comparaisons g\u00e9ographiques des cancers en France et dans le monde.<\/p>\n      <\/div>\n    <\/section>\n  <\/div>\n<\/body>\n<\/html>\n","protected":false},"excerpt":{"rendered":"<p>Confidentialit\u00e9 et s\u00e9curit\u00e9 \u2014 Registre des tumeurs digestives du Finist\u00e8re Confidentialit\u00e9 et s\u00e9curit\u00e9 Cadre r\u00e9glementaire Finalit\u00e9 du traitement Information patient Confidentialit\u00e9 &amp; s\u00e9curit\u00e9 Destinataires Notice d\u2019information patient (PDF) Guide m\u00e9decins (PDF) Cadre r\u00e9glementaire Conform\u00e9ment au R\u00e8glement G\u00e9n\u00e9ral sur la Protection des Donn\u00e9es (RGPD), le Registre est autoris\u00e9 \u00e0 collecter des donn\u00e9es nominatives \u00e0 des fins [&hellip;]<\/p>\n","protected":false},"author":1,"featured_media":0,"parent":0,"menu_order":3,"comment_status":"closed","ping_status":"open","template":"","meta":{"rop_custom_images_group":[],"rop_custom_messages_group":[],"rop_publish_now":"initial","rop_publish_now_accounts":[],"rop_publish_now_history":[],"rop_publish_now_status":"pending","_exactmetrics_skip_tracking":false,"_exactmetrics_sitenote_active":false,"_exactmetrics_sitenote_note":"","_exactmetrics_sitenote_category":0,"footnotes":""},"class_list":["post-109","page","type-page","status-publish","hentry"],"yoast_head":"<!-- This site is optimized with the Yoast SEO plugin v26.8 - https:\/\/yoast.com\/product\/yoast-seo-wordpress\/ -->\n<title>Confidentialit\u00e9 et s\u00e9curit\u00e9 - REGISTRE DES TUMEURS DIGESTIVES DU FINISTERE<\/title>\n<meta name=\"robots\" content=\"index, follow, max-snippet:-1, max-image-preview:large, max-video-preview:-1\" \/>\n<link rel=\"canonical\" href=\"https:\/\/registre-tumeurs-29.fr\/Accueil\/informations-legales\/\" \/>\n<meta property=\"og:locale\" content=\"fr_FR\" \/>\n<meta property=\"og:type\" content=\"article\" \/>\n<meta property=\"og:title\" content=\"Confidentialit\u00e9 et s\u00e9curit\u00e9 - REGISTRE DES TUMEURS DIGESTIVES DU FINISTERE\" \/>\n<meta property=\"og:description\" content=\"Confidentialit\u00e9 et s\u00e9curit\u00e9 \u2014 Registre des tumeurs digestives du Finist\u00e8re Confidentialit\u00e9 et s\u00e9curit\u00e9 Cadre r\u00e9glementaire Finalit\u00e9 du traitement Information patient Confidentialit\u00e9 &amp; s\u00e9curit\u00e9 Destinataires Notice d\u2019information patient (PDF) Guide m\u00e9decins (PDF) Cadre r\u00e9glementaire Conform\u00e9ment au R\u00e8glement G\u00e9n\u00e9ral sur la Protection des Donn\u00e9es (RGPD), le Registre est autoris\u00e9 \u00e0 collecter des donn\u00e9es nominatives \u00e0 des fins [&hellip;]\" \/>\n<meta property=\"og:url\" content=\"https:\/\/registre-tumeurs-29.fr\/Accueil\/informations-legales\/\" \/>\n<meta property=\"og:site_name\" content=\"REGISTRE DES TUMEURS DIGESTIVES DU FINISTERE\" \/>\n<meta property=\"article:modified_time\" content=\"2025-12-16T11:13:51+00:00\" \/>\n<meta name=\"twitter:card\" content=\"summary_large_image\" \/>\n<meta name=\"twitter:label1\" content=\"Dur\u00e9e de lecture estim\u00e9e\" \/>\n\t<meta name=\"twitter:data1\" content=\"4 minutes\" \/>\n<script type=\"application\/ld+json\" class=\"yoast-schema-graph\">{\"@context\":\"https:\/\/schema.org\",\"@graph\":[{\"@type\":\"WebPage\",\"@id\":\"https:\/\/registre-tumeurs-29.fr\/Accueil\/informations-legales\/\",\"url\":\"https:\/\/registre-tumeurs-29.fr\/Accueil\/informations-legales\/\",\"name\":\"Confidentialit\u00e9 et s\u00e9curit\u00e9 - REGISTRE DES TUMEURS DIGESTIVES DU FINISTERE\",\"isPartOf\":{\"@id\":\"https:\/\/registre-tumeurs-29.fr\/Accueil\/#website\"},\"datePublished\":\"2015-08-05T16:38:56+00:00\",\"dateModified\":\"2025-12-16T11:13:51+00:00\",\"breadcrumb\":{\"@id\":\"https:\/\/registre-tumeurs-29.fr\/Accueil\/informations-legales\/#breadcrumb\"},\"inLanguage\":\"fr-FR\",\"potentialAction\":[{\"@type\":\"ReadAction\",\"target\":[\"https:\/\/registre-tumeurs-29.fr\/Accueil\/informations-legales\/\"]}]},{\"@type\":\"BreadcrumbList\",\"@id\":\"https:\/\/registre-tumeurs-29.fr\/Accueil\/informations-legales\/#breadcrumb\",\"itemListElement\":[{\"@type\":\"ListItem\",\"position\":1,\"name\":\"Accueil\",\"item\":\"https:\/\/registre-tumeurs-29.fr\/Accueil\/\"},{\"@type\":\"ListItem\",\"position\":2,\"name\":\"Confidentialit\u00e9 et s\u00e9curit\u00e9\"}]},{\"@type\":\"WebSite\",\"@id\":\"https:\/\/registre-tumeurs-29.fr\/Accueil\/#website\",\"url\":\"https:\/\/registre-tumeurs-29.fr\/Accueil\/\",\"name\":\"REGISTRE DES TUMEURS DIGESTIVES DU FINISTERE\",\"description\":\"Equipe d&#039;Accueil EA 7479 SPURBO - Soins Primaires, Sant\u00e9 Publique et Registre des cancers de Bretagne Occidentale\",\"potentialAction\":[{\"@type\":\"SearchAction\",\"target\":{\"@type\":\"EntryPoint\",\"urlTemplate\":\"https:\/\/registre-tumeurs-29.fr\/Accueil\/?s={search_term_string}\"},\"query-input\":{\"@type\":\"PropertyValueSpecification\",\"valueRequired\":true,\"valueName\":\"search_term_string\"}}],\"inLanguage\":\"fr-FR\"}]}<\/script>\n<!-- \/ Yoast SEO plugin. -->","yoast_head_json":{"title":"Confidentialit\u00e9 et s\u00e9curit\u00e9 - REGISTRE DES TUMEURS DIGESTIVES DU FINISTERE","robots":{"index":"index","follow":"follow","max-snippet":"max-snippet:-1","max-image-preview":"max-image-preview:large","max-video-preview":"max-video-preview:-1"},"canonical":"https:\/\/registre-tumeurs-29.fr\/Accueil\/informations-legales\/","og_locale":"fr_FR","og_type":"article","og_title":"Confidentialit\u00e9 et s\u00e9curit\u00e9 - REGISTRE DES TUMEURS DIGESTIVES DU FINISTERE","og_description":"Confidentialit\u00e9 et s\u00e9curit\u00e9 \u2014 Registre des tumeurs digestives du Finist\u00e8re Confidentialit\u00e9 et s\u00e9curit\u00e9 Cadre r\u00e9glementaire Finalit\u00e9 du traitement Information patient Confidentialit\u00e9 &amp; s\u00e9curit\u00e9 Destinataires Notice d\u2019information patient (PDF) Guide m\u00e9decins (PDF) Cadre r\u00e9glementaire Conform\u00e9ment au R\u00e8glement G\u00e9n\u00e9ral sur la Protection des Donn\u00e9es (RGPD), le Registre est autoris\u00e9 \u00e0 collecter des donn\u00e9es nominatives \u00e0 des fins [&hellip;]","og_url":"https:\/\/registre-tumeurs-29.fr\/Accueil\/informations-legales\/","og_site_name":"REGISTRE DES TUMEURS DIGESTIVES DU FINISTERE","article_modified_time":"2025-12-16T11:13:51+00:00","twitter_card":"summary_large_image","twitter_misc":{"Dur\u00e9e de lecture estim\u00e9e":"4 minutes"},"schema":{"@context":"https:\/\/schema.org","@graph":[{"@type":"WebPage","@id":"https:\/\/registre-tumeurs-29.fr\/Accueil\/informations-legales\/","url":"https:\/\/registre-tumeurs-29.fr\/Accueil\/informations-legales\/","name":"Confidentialit\u00e9 et s\u00e9curit\u00e9 - REGISTRE DES TUMEURS DIGESTIVES DU FINISTERE","isPartOf":{"@id":"https:\/\/registre-tumeurs-29.fr\/Accueil\/#website"},"datePublished":"2015-08-05T16:38:56+00:00","dateModified":"2025-12-16T11:13:51+00:00","breadcrumb":{"@id":"https:\/\/registre-tumeurs-29.fr\/Accueil\/informations-legales\/#breadcrumb"},"inLanguage":"fr-FR","potentialAction":[{"@type":"ReadAction","target":["https:\/\/registre-tumeurs-29.fr\/Accueil\/informations-legales\/"]}]},{"@type":"BreadcrumbList","@id":"https:\/\/registre-tumeurs-29.fr\/Accueil\/informations-legales\/#breadcrumb","itemListElement":[{"@type":"ListItem","position":1,"name":"Accueil","item":"https:\/\/registre-tumeurs-29.fr\/Accueil\/"},{"@type":"ListItem","position":2,"name":"Confidentialit\u00e9 et s\u00e9curit\u00e9"}]},{"@type":"WebSite","@id":"https:\/\/registre-tumeurs-29.fr\/Accueil\/#website","url":"https:\/\/registre-tumeurs-29.fr\/Accueil\/","name":"REGISTRE DES TUMEURS DIGESTIVES DU FINISTERE","description":"Equipe d&#039;Accueil EA 7479 SPURBO - Soins Primaires, Sant\u00e9 Publique et Registre des cancers de Bretagne Occidentale","potentialAction":[{"@type":"SearchAction","target":{"@type":"EntryPoint","urlTemplate":"https:\/\/registre-tumeurs-29.fr\/Accueil\/?s={search_term_string}"},"query-input":{"@type":"PropertyValueSpecification","valueRequired":true,"valueName":"search_term_string"}}],"inLanguage":"fr-FR"}]}},"jetpack_sharing_enabled":true,"_links":{"self":[{"href":"https:\/\/registre-tumeurs-29.fr\/Accueil\/wp-json\/wp\/v2\/pages\/109","targetHints":{"allow":["GET"]}}],"collection":[{"href":"https:\/\/registre-tumeurs-29.fr\/Accueil\/wp-json\/wp\/v2\/pages"}],"about":[{"href":"https:\/\/registre-tumeurs-29.fr\/Accueil\/wp-json\/wp\/v2\/types\/page"}],"author":[{"embeddable":true,"href":"https:\/\/registre-tumeurs-29.fr\/Accueil\/wp-json\/wp\/v2\/users\/1"}],"replies":[{"embeddable":true,"href":"https:\/\/registre-tumeurs-29.fr\/Accueil\/wp-json\/wp\/v2\/comments?post=109"}],"version-history":[{"count":40,"href":"https:\/\/registre-tumeurs-29.fr\/Accueil\/wp-json\/wp\/v2\/pages\/109\/revisions"}],"predecessor-version":[{"id":3051,"href":"https:\/\/registre-tumeurs-29.fr\/Accueil\/wp-json\/wp\/v2\/pages\/109\/revisions\/3051"}],"wp:attachment":[{"href":"https:\/\/registre-tumeurs-29.fr\/Accueil\/wp-json\/wp\/v2\/media?parent=109"}],"curies":[{"name":"wp","href":"https:\/\/api.w.org\/{rel}","templated":true}]}}